{"id":2856,"date":"2022-09-30T15:20:10","date_gmt":"2022-09-30T12:20:10","guid":{"rendered":"https:\/\/bsjk.ro\/psihopedagogie-in-grup\/"},"modified":"2024-02-19T17:06:46","modified_gmt":"2024-02-19T14:06:46","slug":"psihopedagogie-in-grup","status":"publish","type":"page","link":"https:\/\/bsjk.ro\/ro\/dezvoltari\/psihopedagogie-in-grup\/","title":{"rendered":"Psihopedagogie \u00een grup"},"content":{"rendered":"<p><div class=\"fusion-fullwidth fullwidth-box fusion-builder-row-1 fusion-flex-container has-pattern-background has-mask-background nonhundred-percent-fullwidth non-hundred-percent-height-scrolling\" style=\"--awb-border-radius-top-left:0px;--awb-border-radius-top-right:0px;--awb-border-radius-bottom-right:0px;--awb-border-radius-bottom-left:0px;--awb-padding-right:0px;--awb-padding-left:0px;--awb-flex-wrap:wrap;\" ><div class=\"fusion-builder-row fusion-row fusion-flex-align-items-flex-start fusion-flex-content-wrap\" style=\"max-width:1393.6px;margin-left: calc(-4% \/ 2 );margin-right: calc(-4% \/ 2 );\"><div class=\"fusion-layout-column fusion_builder_column fusion-builder-column-0 fusion_builder_column_1_1 1_1 fusion-flex-column\" style=\"--awb-bg-size:cover;--awb-width-large:100%;--awb-margin-top-large:0px;--awb-spacing-right-large:1.92%;--awb-margin-bottom-large:20px;--awb-spacing-left-large:1.92%;--awb-width-medium:100%;--awb-order-medium:0;--awb-spacing-right-medium:1.92%;--awb-spacing-left-medium:1.92%;--awb-width-small:100%;--awb-order-small:0;--awb-spacing-right-small:1.92%;--awb-spacing-left-small:1.92%;\"><div class=\"fusion-column-wrapper fusion-column-has-shadow fusion-flex-justify-content-flex-start fusion-content-layout-column\"><div class=\"fusion-image-element \" style=\"text-align:center;--awb-caption-title-font-family:var(--h2_typography-font-family);--awb-caption-title-font-weight:var(--h2_typography-font-weight);--awb-caption-title-font-style:var(--h2_typography-font-style);--awb-caption-title-size:var(--h2_typography-font-size);--awb-caption-title-transform:var(--h2_typography-text-transform);--awb-caption-title-line-height:var(--h2_typography-line-height);--awb-caption-title-letter-spacing:var(--h2_typography-letter-spacing);\"><span class=\" fusion-imageframe imageframe-none imageframe-1 hover-type-none\"><img decoding=\"async\" width=\"600\" height=\"400\" title=\"fejlesztesek csoportos gyogypedagogia\" src=\"https:\/\/bsjk.ro\/wp-content\/uploads\/2023\/03\/fejlesztesek-csoportos-gyogypedagogia-scaled.jpg\" data-orig-src=\"https:\/\/bsjk.ro\/wp-content\/uploads\/2023\/03\/fejlesztesek-csoportos-gyogypedagogia-600x400.jpg\" alt class=\"lazyload img-responsive wp-image-3630\" srcset=\"data:image\/svg+xml,%3Csvg%20xmlns%3D%27http%3A%2F%2Fwww.w3.org%2F2000%2Fsvg%27%20width%3D%272560%27%20height%3D%271707%27%20viewBox%3D%270%200%202560%201707%27%3E%3Crect%20width%3D%272560%27%20height%3D%271707%27%20fill-opacity%3D%220%22%2F%3E%3C%2Fsvg%3E\" data-srcset=\"https:\/\/bsjk.ro\/wp-content\/uploads\/2023\/03\/fejlesztesek-csoportos-gyogypedagogia-200x133.jpg 200w, https:\/\/bsjk.ro\/wp-content\/uploads\/2023\/03\/fejlesztesek-csoportos-gyogypedagogia-400x267.jpg 400w, https:\/\/bsjk.ro\/wp-content\/uploads\/2023\/03\/fejlesztesek-csoportos-gyogypedagogia-600x400.jpg 600w, https:\/\/bsjk.ro\/wp-content\/uploads\/2023\/03\/fejlesztesek-csoportos-gyogypedagogia-800x533.jpg 800w, https:\/\/bsjk.ro\/wp-content\/uploads\/2023\/03\/fejlesztesek-csoportos-gyogypedagogia-1200x800.jpg 1200w\" data-sizes=\"auto\" data-orig-sizes=\"(max-width: 800px) 100vw, 600px\" \/><\/span><\/div><\/div><\/div><\/div><\/div><div class=\"fusion-fullwidth fullwidth-box fusion-builder-row-2 fusion-flex-container has-pattern-background has-mask-background nonhundred-percent-fullwidth non-hundred-percent-height-scrolling\" style=\"--awb-border-radius-top-left:0px;--awb-border-radius-top-right:0px;--awb-border-radius-bottom-right:0px;--awb-border-radius-bottom-left:0px;--awb-flex-wrap:wrap;\" ><div class=\"fusion-builder-row fusion-row fusion-flex-align-items-flex-start fusion-flex-content-wrap\" style=\"max-width:1393.6px;margin-left: calc(-4% \/ 2 );margin-right: calc(-4% \/ 2 );\"><div class=\"fusion-layout-column fusion_builder_column fusion-builder-column-1 fusion_builder_column_1_1 1_1 fusion-flex-column\" style=\"--awb-bg-size:cover;--awb-width-large:100%;--awb-margin-top-large:0px;--awb-spacing-right-large:1.92%;--awb-margin-bottom-large:20px;--awb-spacing-left-large:1.92%;--awb-width-medium:100%;--awb-order-medium:0;--awb-spacing-right-medium:1.92%;--awb-spacing-left-medium:1.92%;--awb-width-small:100%;--awb-order-small:0;--awb-spacing-right-small:1.92%;--awb-spacing-left-small:1.92%;\"><div class=\"fusion-column-wrapper fusion-column-has-shadow fusion-flex-justify-content-flex-start fusion-content-layout-column\"><div class=\"fusion-text fusion-text-1\"><div class=\"the_content_wrapper\">\n<p><strong>Psihopedagogie \u00een grup<\/strong><\/p>\n<p>Interven\u021biile psihopedagogice se pot desf\u0103\u0219ura paralel individual \u0219i \u00een grup. Includerea copiilor \u00een terapia de grup este condi\u021bionat\u0103 de maturitatea lor: copilul care este deja cooperant \u00een situa\u021bia individual\u0103, poate participa la activit\u0103\u021bile de grup.<\/p>\n<p>Selectarea grupului corespunz\u0103tor se face \u00een func\u021bie de obiectivul pe care vrem s\u0103-l atingem \u00een dezvoltarea copiilor : de exemplu dac\u0103 el este cel mai slab dezvoltat, ceilal\u021bi membrii ai grupului vor contribui la facilitarea dezvolt\u0103rii lui.<\/p>\n<p>Pe parcursul terapiilor psighopedagogice \u00een grup terapeutul acord\u0103 aten\u021bie diferen\u021biat\u0103 fiec\u0103rui copil, astfel nivelul de dificultate al sarcinilor va \u021bine cont de abilit\u0103\u021bile pe care le au copii. \u00cen timpul terapiilor nu numai terapeutul are un rol important, dar \u0219i membrii grupului, deoarece copiii pot \u00eenv\u0103\u021ba foarte mult unii de la al\u021bii. Deasemenea, implicarea p\u0103rin\u021bilor este foarte important\u0103 \u00een rezolvarea exerci\u021biilor primite pentru acas\u0103.<\/p>\n<p>Pe l\u00e2ng\u0103 dezvoltarea domeniilor cognitive (aten\u021bia, memoria, percep\u021bia, g\u00e2ndirea) \u0219i \u00eembun\u0103t\u0103\u021birea grafomotricit\u0103\u021bii, obiectivele urm\u0103rite \u00een cadrul terapiei pot fi:<\/p>\n<ul>\n<li>Respectarea regulilor terapiei<\/li>\n<li>Dezvoltarea autocontrolului<\/li>\n<li>Cre\u0219terea toleran\u021bei la frustrare<\/li>\n<li>Dezvoltarea comunic\u0103rii<\/li>\n<li>Dezvoltarea autonomiei personale<\/li>\n<li>Interpretarea situa\u021biilor sociale<\/li>\n<\/ul>\n<p>Includerea copilului \u00een grup este o etap\u0103 important\u0103 \u00een dezvoltarea cognitiv\u0103, dar dac\u0103 el nu este suficient de matur pentru a se integra \u00eentr-o situa\u021bie de grup poate s\u0103 aib\u0103 e\u0219ecuri cu consecin\u021be negative \u00een viitor &#8211; \u00een acest caz copilul va beneficia doar de terapii individuale.<\/p>\n<\/div>\n<\/div><\/div><\/div><\/div><\/div><\/p>\n","protected":false},"excerpt":{"rendered":"","protected":false},"author":2,"featured_media":0,"parent":3228,"menu_order":0,"comment_status":"closed","ping_status":"closed","template":"","meta":{"footnotes":""},"class_list":["post-2856","page","type-page","status-publish","hentry"],"_links":{"self":[{"href":"https:\/\/bsjk.ro\/ro\/wp-json\/wp\/v2\/pages\/2856","targetHints":{"allow":["GET"]}}],"collection":[{"href":"https:\/\/bsjk.ro\/ro\/wp-json\/wp\/v2\/pages"}],"about":[{"href":"https:\/\/bsjk.ro\/ro\/wp-json\/wp\/v2\/types\/page"}],"author":[{"embeddable":true,"href":"https:\/\/bsjk.ro\/ro\/wp-json\/wp\/v2\/users\/2"}],"replies":[{"embeddable":true,"href":"https:\/\/bsjk.ro\/ro\/wp-json\/wp\/v2\/comments?post=2856"}],"version-history":[{"count":25,"href":"https:\/\/bsjk.ro\/ro\/wp-json\/wp\/v2\/pages\/2856\/revisions"}],"predecessor-version":[{"id":5135,"href":"https:\/\/bsjk.ro\/ro\/wp-json\/wp\/v2\/pages\/2856\/revisions\/5135"}],"up":[{"embeddable":true,"href":"https:\/\/bsjk.ro\/ro\/wp-json\/wp\/v2\/pages\/3228"}],"wp:attachment":[{"href":"https:\/\/bsjk.ro\/ro\/wp-json\/wp\/v2\/media?parent=2856"}],"curies":[{"name":"wp","href":"https:\/\/api.w.org\/{rel}","templated":true}]}}