{"id":2862,"date":"2022-08-02T14:36:16","date_gmt":"2022-08-02T11:36:16","guid":{"rendered":"https:\/\/bsjk.ro\/psihopedagogie-individuala\/"},"modified":"2024-02-19T17:05:56","modified_gmt":"2024-02-19T14:05:56","slug":"psihopedagogie-individuala","status":"publish","type":"page","link":"https:\/\/bsjk.ro\/ro\/dezvoltari\/psihopedagogie-individuala\/","title":{"rendered":"Psihopedagogie individual\u0103"},"content":{"rendered":"<p><div class=\"fusion-fullwidth fullwidth-box fusion-builder-row-1 fusion-flex-container has-pattern-background has-mask-background nonhundred-percent-fullwidth non-hundred-percent-height-scrolling\" style=\"--awb-border-radius-top-left:0px;--awb-border-radius-top-right:0px;--awb-border-radius-bottom-right:0px;--awb-border-radius-bottom-left:0px;--awb-padding-right:0px;--awb-padding-left:0px;--awb-flex-wrap:wrap;\" ><div class=\"fusion-builder-row fusion-row fusion-flex-align-items-flex-start fusion-flex-content-wrap\" style=\"max-width:1393.6px;margin-left: calc(-4% \/ 2 );margin-right: calc(-4% \/ 2 );\"><div class=\"fusion-layout-column fusion_builder_column fusion-builder-column-0 fusion_builder_column_1_1 1_1 fusion-flex-column\" style=\"--awb-bg-size:cover;--awb-width-large:100%;--awb-margin-top-large:0px;--awb-spacing-right-large:1.92%;--awb-margin-bottom-large:20px;--awb-spacing-left-large:1.92%;--awb-width-medium:100%;--awb-order-medium:0;--awb-spacing-right-medium:1.92%;--awb-spacing-left-medium:1.92%;--awb-width-small:100%;--awb-order-small:0;--awb-spacing-right-small:1.92%;--awb-spacing-left-small:1.92%;\"><div class=\"fusion-column-wrapper fusion-column-has-shadow fusion-flex-justify-content-flex-start fusion-content-layout-column\"><div class=\"fusion-image-element \" style=\"text-align:center;--awb-caption-title-font-family:var(--h2_typography-font-family);--awb-caption-title-font-weight:var(--h2_typography-font-weight);--awb-caption-title-font-style:var(--h2_typography-font-style);--awb-caption-title-size:var(--h2_typography-font-size);--awb-caption-title-transform:var(--h2_typography-text-transform);--awb-caption-title-line-height:var(--h2_typography-line-height);--awb-caption-title-letter-spacing:var(--h2_typography-letter-spacing);\"><span class=\" fusion-imageframe imageframe-none imageframe-1 hover-type-none\"><img decoding=\"async\" width=\"600\" height=\"400\" title=\"fejlesztesek egyeni gyogypedagogia\" src=\"https:\/\/bsjk.ro\/wp-content\/uploads\/2023\/03\/fejlesztesek-egyeni-gyogypedagogia-scaled.jpg\" data-orig-src=\"https:\/\/bsjk.ro\/wp-content\/uploads\/2023\/03\/fejlesztesek-egyeni-gyogypedagogia-600x400.jpg\" alt class=\"lazyload img-responsive wp-image-3623\" srcset=\"data:image\/svg+xml,%3Csvg%20xmlns%3D%27http%3A%2F%2Fwww.w3.org%2F2000%2Fsvg%27%20width%3D%272560%27%20height%3D%271707%27%20viewBox%3D%270%200%202560%201707%27%3E%3Crect%20width%3D%272560%27%20height%3D%271707%27%20fill-opacity%3D%220%22%2F%3E%3C%2Fsvg%3E\" data-srcset=\"https:\/\/bsjk.ro\/wp-content\/uploads\/2023\/03\/fejlesztesek-egyeni-gyogypedagogia-200x133.jpg 200w, https:\/\/bsjk.ro\/wp-content\/uploads\/2023\/03\/fejlesztesek-egyeni-gyogypedagogia-400x267.jpg 400w, https:\/\/bsjk.ro\/wp-content\/uploads\/2023\/03\/fejlesztesek-egyeni-gyogypedagogia-600x400.jpg 600w, https:\/\/bsjk.ro\/wp-content\/uploads\/2023\/03\/fejlesztesek-egyeni-gyogypedagogia-800x533.jpg 800w, https:\/\/bsjk.ro\/wp-content\/uploads\/2023\/03\/fejlesztesek-egyeni-gyogypedagogia-1200x800.jpg 1200w\" data-sizes=\"auto\" data-orig-sizes=\"(max-width: 800px) 100vw, 600px\" \/><\/span><\/div><\/div><\/div><\/div><\/div><div class=\"fusion-fullwidth fullwidth-box fusion-builder-row-2 fusion-flex-container has-pattern-background has-mask-background nonhundred-percent-fullwidth non-hundred-percent-height-scrolling\" style=\"--awb-border-radius-top-left:0px;--awb-border-radius-top-right:0px;--awb-border-radius-bottom-right:0px;--awb-border-radius-bottom-left:0px;--awb-flex-wrap:wrap;\" ><div class=\"fusion-builder-row fusion-row fusion-flex-align-items-flex-start fusion-flex-content-wrap\" style=\"max-width:1393.6px;margin-left: calc(-4% \/ 2 );margin-right: calc(-4% \/ 2 );\"><div class=\"fusion-layout-column fusion_builder_column fusion-builder-column-1 fusion_builder_column_1_1 1_1 fusion-flex-column\" style=\"--awb-bg-size:cover;--awb-width-large:100%;--awb-margin-top-large:0px;--awb-spacing-right-large:1.92%;--awb-margin-bottom-large:20px;--awb-spacing-left-large:1.92%;--awb-width-medium:100%;--awb-order-medium:0;--awb-spacing-right-medium:1.92%;--awb-spacing-left-medium:1.92%;--awb-width-small:100%;--awb-order-small:0;--awb-spacing-right-small:1.92%;--awb-spacing-left-small:1.92%;\"><div class=\"fusion-column-wrapper fusion-column-has-shadow fusion-flex-justify-content-flex-start fusion-content-layout-column\"><div class=\"fusion-text fusion-text-1\"><div class=\"the_content_wrapper\">\n<h4 style=\"text-align: left;\">Psihopedagogie individual\u0103<\/h4>\n<p>Ini\u021bierea terapiei psihopedagogice este indicat\u0103 atunci c\u00e2nd se constat\u0103 \u00eent\u00e2rziere \u00een dezvoltare, raportat la nivelul a\u0219teptat pentru v\u00e2rsta copilului. \u00cent\u00e2rzierea se poate observa \u00een diferite domenii: abilit\u0103\u021bile motorii, cognitive, auditive, vizuale, limbaj, sociale, emo\u021bionale \u0219i de comportament. Fiecare copil are propriul ritm de dezvoltare \u0219i nu vom g\u0103si doi copii asem\u0103n\u0103tori privind nivelul \u0219i modul dezvolt\u0103rii. Cu toate acestea p\u0103rin\u021bii trebuie s\u0103 fie aten\u021bi la aceste aspecte. \u00cen cazul \u00een care observ\u0103 o \u00eent\u00e2rziere mai mare, este recomandat s\u0103 contacteze un specialist. Interven\u021bia precoce poate produce schimb\u0103ri semnificative \u0219i vizibile \u00een dezvoltare. Dac\u0103 exist\u0103 o cauz\u0103 organic\u0103, dezvoltarea copilului poate fi mai lent\u0103, dezechilibrat\u0103 \u00een domeniile de baz\u0103, sau pot exista blocaje \u00een anumite domenii ale dezvolt\u0103rii. \u00cen fiecare caz scopul terapiei este de a ajuta copilul s\u0103 achizi\u021bioneze c\u00e2t mai multe abilit\u0103\u021bi corespunz\u0103toare v\u00e2rstei actuale.<\/p>\n<p>Psihopedagogia este o form\u0103 terapeutic\u0103 pentru copii cu dezvoltare atipic\u0103. Interven\u021bia psihopedagogic\u0103 ofer\u0103 dezvoltare individual\u0103 axat\u0103 pe dezvoltarea cognitiv\u0103, dezvoltarea limbajului \u0219i a abilit\u0103\u021bilor practice, av\u00e2nd \u00een vedere caracteristicile individuale ale copilului.<\/p>\n<p>\u00cenainte de elaborarea planului de interven\u021bie este necesar\u0103 o evaluare complex\u0103 care constituie baza formul\u0103rii obiectivelor terapiei. \u00cen prima etap\u0103 punem accent pe men\u021binerea situa\u021biei de sarcin\u0103 \u0219i pe colaborarea cu terapeutul, apoi \u00eencepem dezvoltarea domeniilor cognitive (aten\u021bia, memoria,percep\u021bia, g\u00e2ndirea) respectiv \u00eenbun\u0103t\u0103\u021birea grafomotricit\u0103\u021bii. Terapia se desf\u0103\u0219oar\u0103 prin jocuri \u00eentr-un mediu atr\u0103g\u0103tor. Scopul terapiei este atingerea nivelului de dezvoltare corespunz\u0103tor v\u00e2rstei copilului.<\/p>\n<p>La sf\u00e2r\u0219itul terapiilor p\u0103rin\u021bii primesc un feed-back referitor la activit\u0103\u021bile terapeutice, \u0219i primesc idei \u0219i exerci\u021bii pentru acas\u0103. Pentru realizarea scopurilor este foarte important ca interven\u021bia s\u0103 fie continu\u0103, p\u0103rin\u021bii av\u00e2nd un rol foarte important \u00een acest proces.<\/p>\n<\/div>\n<\/div><\/div><\/div><\/div><\/div><\/p>\n","protected":false},"excerpt":{"rendered":"","protected":false},"author":2,"featured_media":0,"parent":3228,"menu_order":0,"comment_status":"closed","ping_status":"closed","template":"","meta":{"footnotes":""},"class_list":["post-2862","page","type-page","status-publish","hentry"],"_links":{"self":[{"href":"https:\/\/bsjk.ro\/ro\/wp-json\/wp\/v2\/pages\/2862","targetHints":{"allow":["GET"]}}],"collection":[{"href":"https:\/\/bsjk.ro\/ro\/wp-json\/wp\/v2\/pages"}],"about":[{"href":"https:\/\/bsjk.ro\/ro\/wp-json\/wp\/v2\/types\/page"}],"author":[{"embeddable":true,"href":"https:\/\/bsjk.ro\/ro\/wp-json\/wp\/v2\/users\/2"}],"replies":[{"embeddable":true,"href":"https:\/\/bsjk.ro\/ro\/wp-json\/wp\/v2\/comments?post=2862"}],"version-history":[{"count":19,"href":"https:\/\/bsjk.ro\/ro\/wp-json\/wp\/v2\/pages\/2862\/revisions"}],"predecessor-version":[{"id":5129,"href":"https:\/\/bsjk.ro\/ro\/wp-json\/wp\/v2\/pages\/2862\/revisions\/5129"}],"up":[{"embeddable":true,"href":"https:\/\/bsjk.ro\/ro\/wp-json\/wp\/v2\/pages\/3228"}],"wp:attachment":[{"href":"https:\/\/bsjk.ro\/ro\/wp-json\/wp\/v2\/media?parent=2862"}],"curies":[{"name":"wp","href":"https:\/\/api.w.org\/{rel}","templated":true}]}}