{"id":2865,"date":"2022-09-30T15:22:17","date_gmt":"2022-09-30T12:22:17","guid":{"rendered":"https:\/\/bsjk.ro\/terapie-senzorio-motorie-individuala-tsmt-i\/"},"modified":"2024-02-19T17:09:31","modified_gmt":"2024-02-19T14:09:31","slug":"terapie-senzorio-motorie-individuala-tsmt-i","status":"publish","type":"page","link":"https:\/\/bsjk.ro\/ro\/dezvoltari\/terapie-senzorio-motorie-individuala-tsmt-i\/","title":{"rendered":"Terapie senzorio-motorie individual\u0103 (TSMT I)"},"content":{"rendered":"<p><div class=\"fusion-fullwidth fullwidth-box fusion-builder-row-1 fusion-flex-container has-pattern-background has-mask-background nonhundred-percent-fullwidth non-hundred-percent-height-scrolling\" style=\"--awb-border-radius-top-left:0px;--awb-border-radius-top-right:0px;--awb-border-radius-bottom-right:0px;--awb-border-radius-bottom-left:0px;--awb-padding-right:0px;--awb-padding-left:0px;--awb-flex-wrap:wrap;\" ><div class=\"fusion-builder-row fusion-row fusion-flex-align-items-flex-start fusion-flex-content-wrap\" style=\"max-width:1393.6px;margin-left: calc(-4% \/ 2 );margin-right: calc(-4% \/ 2 );\"><div class=\"fusion-layout-column fusion_builder_column fusion-builder-column-0 fusion_builder_column_1_1 1_1 fusion-flex-column\" style=\"--awb-bg-size:cover;--awb-width-large:100%;--awb-margin-top-large:0px;--awb-spacing-right-large:1.92%;--awb-margin-bottom-large:20px;--awb-spacing-left-large:1.92%;--awb-width-medium:100%;--awb-order-medium:0;--awb-spacing-right-medium:1.92%;--awb-spacing-left-medium:1.92%;--awb-width-small:100%;--awb-order-small:0;--awb-spacing-right-small:1.92%;--awb-spacing-left-small:1.92%;\"><div class=\"fusion-column-wrapper fusion-column-has-shadow fusion-flex-justify-content-flex-start fusion-content-layout-column\"><div class=\"fusion-image-element \" style=\"text-align:center;--awb-caption-title-font-family:var(--h2_typography-font-family);--awb-caption-title-font-weight:var(--h2_typography-font-weight);--awb-caption-title-font-style:var(--h2_typography-font-style);--awb-caption-title-size:var(--h2_typography-font-size);--awb-caption-title-transform:var(--h2_typography-text-transform);--awb-caption-title-line-height:var(--h2_typography-line-height);--awb-caption-title-letter-spacing:var(--h2_typography-letter-spacing);\"><span class=\" fusion-imageframe imageframe-none imageframe-1 hover-type-none\"><img decoding=\"async\" width=\"600\" height=\"400\" title=\"fejlesztesek TSMT I\" src=\"https:\/\/bsjk.ro\/wp-content\/uploads\/2023\/03\/fejlesztesek-TSMT-I-scaled.jpg\" data-orig-src=\"https:\/\/bsjk.ro\/wp-content\/uploads\/2023\/03\/fejlesztesek-TSMT-I-600x400.jpg\" alt class=\"lazyload img-responsive wp-image-3636\" srcset=\"data:image\/svg+xml,%3Csvg%20xmlns%3D%27http%3A%2F%2Fwww.w3.org%2F2000%2Fsvg%27%20width%3D%272560%27%20height%3D%271707%27%20viewBox%3D%270%200%202560%201707%27%3E%3Crect%20width%3D%272560%27%20height%3D%271707%27%20fill-opacity%3D%220%22%2F%3E%3C%2Fsvg%3E\" data-srcset=\"https:\/\/bsjk.ro\/wp-content\/uploads\/2023\/03\/fejlesztesek-TSMT-I-200x133.jpg 200w, https:\/\/bsjk.ro\/wp-content\/uploads\/2023\/03\/fejlesztesek-TSMT-I-400x267.jpg 400w, https:\/\/bsjk.ro\/wp-content\/uploads\/2023\/03\/fejlesztesek-TSMT-I-600x400.jpg 600w, https:\/\/bsjk.ro\/wp-content\/uploads\/2023\/03\/fejlesztesek-TSMT-I-800x533.jpg 800w, https:\/\/bsjk.ro\/wp-content\/uploads\/2023\/03\/fejlesztesek-TSMT-I-1200x800.jpg 1200w\" data-sizes=\"auto\" data-orig-sizes=\"(max-width: 800px) 100vw, 600px\" \/><\/span><\/div><\/div><\/div><\/div><\/div><div class=\"fusion-fullwidth fullwidth-box fusion-builder-row-2 fusion-flex-container has-pattern-background has-mask-background nonhundred-percent-fullwidth non-hundred-percent-height-scrolling\" style=\"--awb-border-radius-top-left:0px;--awb-border-radius-top-right:0px;--awb-border-radius-bottom-right:0px;--awb-border-radius-bottom-left:0px;--awb-flex-wrap:wrap;\" ><div class=\"fusion-builder-row fusion-row fusion-flex-align-items-flex-start fusion-flex-content-wrap\" style=\"max-width:1393.6px;margin-left: calc(-4% \/ 2 );margin-right: calc(-4% \/ 2 );\"><div class=\"fusion-layout-column fusion_builder_column fusion-builder-column-1 fusion_builder_column_1_1 1_1 fusion-flex-column\" style=\"--awb-bg-size:cover;--awb-width-large:100%;--awb-margin-top-large:0px;--awb-spacing-right-large:1.92%;--awb-margin-bottom-large:20px;--awb-spacing-left-large:1.92%;--awb-width-medium:100%;--awb-order-medium:0;--awb-spacing-right-medium:1.92%;--awb-spacing-left-medium:1.92%;--awb-width-small:100%;--awb-order-small:0;--awb-spacing-right-small:1.92%;--awb-spacing-left-small:1.92%;\"><div class=\"fusion-column-wrapper fusion-column-has-shadow fusion-flex-justify-content-flex-start fusion-content-layout-column\"><div class=\"fusion-text fusion-text-1\"><div class=\"the_content_wrapper\">\n<h4 class=\"title-heading-center\">Terapie senzorio-motorie individual\u0103 (TSMT I)<\/h4>\n<p>Metoda TSMT (Interven\u021bie senzorio-motorie) a fost dezvoltat\u0103 de c\u0103tre Lakatos Katalin PhD, \u0219i face parte din modelul BHRG. Interven\u021bia senzorio motorie este o terapie prin mi\u0219care, care dezvolt\u0103 nu numai motricitatea, ci prin mi\u0219c\u0103ri specifice faciliteaz\u0103 maturizarea sistemului nervos central, abilit\u0103\u021bile de \u00eenv\u0103\u021bare, aten\u021bia, abilit\u0103\u021bile cognitive, motricitatea fin\u0103 \u0219i ajut\u0103 la pornirea limbajului expresiv.<\/p>\n<p>Terapia senzorio-motorie individual\u0103 se poate ini\u021bia deja din perioada de sugar (de la 6 luni) \u0219i se poate recomanda p\u00e2n\u0103 la v\u00e2rsta de 10 ani, \u00eempreun\u0103 cu forma de grup (TSMT II). Interven\u021bia se desf\u0103\u0219oar\u0103 cu implicarea p\u0103rin\u021bilor, \u00eentr-un sistem numit home-training. Eficacitatea metodei depinde de exersarea sistematic\u0103, intensiv\u0103, lu\u00e2nd \u00een considerare capacitatea \u0219i limitele actuale ale copilului.<\/p>\n<p>Metodele de evaluare folosite \u00eenainte de a \u00eencepe terapia TSMT:<\/p>\n<ul>\n<li>LongiKid\u00a9 ( la copii cu v\u00e2rste cuprinse \u00eentre 3 luni- 60 luni)<\/li>\n<li>Kitul de evaluare senzorio-motorie (peste 5 ani)<\/li>\n<\/ul>\n<p>Deficien\u021bele constatate \u00een timpul evalu\u0103rii reprezint\u0103 bazele necesare preg\u0103tirii planului personalizat de interven\u021bie pentru fiecare copil. Exerci\u021biile sunt personalizate de c\u0103tre terapeut \u0219i sunt selectate dintr-un total de 1000 de exerci\u021bii. Terapia se poate utiliza cu scop preventiv \u0219i terapeutic, metodele de evaluare fiind potrivite pentru depistarea unei dezvolt\u0103ri atipice.<\/p>\n<p>Terapia individual\u0103 se recomand\u0103 copiilor la care se constat\u0103 : \u00eent\u00e2rziere a limbajului expresiv, a mi\u0219c\u0103rilor fine \u0219i grosiere ,ale abilit\u0103\u021bilor cognitive, probleme de colaborare \u0219i de comportament, risc de tulbur\u0103ri instrumentale, hiperactivitate \u0219i tulbur\u0103ri de aten\u021bie.<\/p>\n<p>Terapia se mai nume\u0219te \u0219i \u201dgimnastic\u0103 educativ\u0103\u201d, aplic\u00e2ndu-se cu succes \u0219i la copii cu dezvoltare tipic\u0103 pentru \u00eenbun\u0103t\u0103\u021birea abilit\u0103\u021bilor cognitive.<\/p>\n<\/div>\n<\/div><\/div><\/div><\/div><\/div><\/p>\n","protected":false},"excerpt":{"rendered":"","protected":false},"author":2,"featured_media":0,"parent":3228,"menu_order":0,"comment_status":"closed","ping_status":"closed","template":"","meta":{"footnotes":""},"class_list":["post-2865","page","type-page","status-publish","hentry"],"_links":{"self":[{"href":"https:\/\/bsjk.ro\/ro\/wp-json\/wp\/v2\/pages\/2865","targetHints":{"allow":["GET"]}}],"collection":[{"href":"https:\/\/bsjk.ro\/ro\/wp-json\/wp\/v2\/pages"}],"about":[{"href":"https:\/\/bsjk.ro\/ro\/wp-json\/wp\/v2\/types\/page"}],"author":[{"embeddable":true,"href":"https:\/\/bsjk.ro\/ro\/wp-json\/wp\/v2\/users\/2"}],"replies":[{"embeddable":true,"href":"https:\/\/bsjk.ro\/ro\/wp-json\/wp\/v2\/comments?post=2865"}],"version-history":[{"count":14,"href":"https:\/\/bsjk.ro\/ro\/wp-json\/wp\/v2\/pages\/2865\/revisions"}],"predecessor-version":[{"id":5141,"href":"https:\/\/bsjk.ro\/ro\/wp-json\/wp\/v2\/pages\/2865\/revisions\/5141"}],"up":[{"embeddable":true,"href":"https:\/\/bsjk.ro\/ro\/wp-json\/wp\/v2\/pages\/3228"}],"wp:attachment":[{"href":"https:\/\/bsjk.ro\/ro\/wp-json\/wp\/v2\/media?parent=2865"}],"curies":[{"name":"wp","href":"https:\/\/api.w.org\/{rel}","templated":true}]}}