{"id":2868,"date":"2022-09-30T15:24:34","date_gmt":"2022-09-30T12:24:34","guid":{"rendered":"https:\/\/bsjk.ro\/terapie-senzorio-motorie-in-grup-tsmt-ii\/"},"modified":"2024-02-19T17:10:10","modified_gmt":"2024-02-19T14:10:10","slug":"terapie-senzorio-motorie-in-grup-tsmt-ii","status":"publish","type":"page","link":"https:\/\/bsjk.ro\/ro\/dezvoltari\/terapie-senzorio-motorie-in-grup-tsmt-ii\/","title":{"rendered":"Terapie senzorio-motorie \u00een grup (TSMT II)"},"content":{"rendered":"<p><div class=\"fusion-fullwidth fullwidth-box fusion-builder-row-1 fusion-flex-container has-pattern-background has-mask-background nonhundred-percent-fullwidth non-hundred-percent-height-scrolling\" style=\"--awb-border-radius-top-left:0px;--awb-border-radius-top-right:0px;--awb-border-radius-bottom-right:0px;--awb-border-radius-bottom-left:0px;--awb-padding-right:0px;--awb-padding-left:0px;--awb-flex-wrap:wrap;\" ><div class=\"fusion-builder-row fusion-row fusion-flex-align-items-flex-start fusion-flex-content-wrap\" style=\"max-width:1393.6px;margin-left: calc(-4% \/ 2 );margin-right: calc(-4% \/ 2 );\"><div class=\"fusion-layout-column fusion_builder_column fusion-builder-column-0 fusion_builder_column_1_1 1_1 fusion-flex-column\" style=\"--awb-bg-size:cover;--awb-width-large:100%;--awb-margin-top-large:0px;--awb-spacing-right-large:1.92%;--awb-margin-bottom-large:20px;--awb-spacing-left-large:1.92%;--awb-width-medium:100%;--awb-order-medium:0;--awb-spacing-right-medium:1.92%;--awb-spacing-left-medium:1.92%;--awb-width-small:100%;--awb-order-small:0;--awb-spacing-right-small:1.92%;--awb-spacing-left-small:1.92%;\"><div class=\"fusion-column-wrapper fusion-column-has-shadow fusion-flex-justify-content-flex-start fusion-content-layout-column\"><div class=\"fusion-image-element \" style=\"text-align:center;--awb-caption-title-font-family:var(--h2_typography-font-family);--awb-caption-title-font-weight:var(--h2_typography-font-weight);--awb-caption-title-font-style:var(--h2_typography-font-style);--awb-caption-title-size:var(--h2_typography-font-size);--awb-caption-title-transform:var(--h2_typography-text-transform);--awb-caption-title-line-height:var(--h2_typography-line-height);--awb-caption-title-letter-spacing:var(--h2_typography-letter-spacing);\"><span class=\" fusion-imageframe imageframe-none imageframe-1 hover-type-none\"><img decoding=\"async\" width=\"600\" height=\"450\" title=\"fejlesztesek TSMT II\" src=\"https:\/\/bsjk.ro\/wp-content\/uploads\/2023\/03\/fejlesztesek-TSMT-II-scaled.jpg\" data-orig-src=\"https:\/\/bsjk.ro\/wp-content\/uploads\/2023\/03\/fejlesztesek-TSMT-II-600x450.jpg\" alt class=\"lazyload img-responsive wp-image-3642\" srcset=\"data:image\/svg+xml,%3Csvg%20xmlns%3D%27http%3A%2F%2Fwww.w3.org%2F2000%2Fsvg%27%20width%3D%272560%27%20height%3D%271920%27%20viewBox%3D%270%200%202560%201920%27%3E%3Crect%20width%3D%272560%27%20height%3D%271920%27%20fill-opacity%3D%220%22%2F%3E%3C%2Fsvg%3E\" data-srcset=\"https:\/\/bsjk.ro\/wp-content\/uploads\/2023\/03\/fejlesztesek-TSMT-II-200x150.jpg 200w, https:\/\/bsjk.ro\/wp-content\/uploads\/2023\/03\/fejlesztesek-TSMT-II-400x300.jpg 400w, https:\/\/bsjk.ro\/wp-content\/uploads\/2023\/03\/fejlesztesek-TSMT-II-600x450.jpg 600w, https:\/\/bsjk.ro\/wp-content\/uploads\/2023\/03\/fejlesztesek-TSMT-II-800x600.jpg 800w, https:\/\/bsjk.ro\/wp-content\/uploads\/2023\/03\/fejlesztesek-TSMT-II-1200x900.jpg 1200w\" data-sizes=\"auto\" data-orig-sizes=\"(max-width: 800px) 100vw, 600px\" \/><\/span><\/div><\/div><\/div><\/div><\/div><div class=\"fusion-fullwidth fullwidth-box fusion-builder-row-2 fusion-flex-container has-pattern-background has-mask-background nonhundred-percent-fullwidth non-hundred-percent-height-scrolling\" style=\"--awb-border-radius-top-left:0px;--awb-border-radius-top-right:0px;--awb-border-radius-bottom-right:0px;--awb-border-radius-bottom-left:0px;--awb-flex-wrap:wrap;\" ><div class=\"fusion-builder-row fusion-row fusion-flex-align-items-flex-start fusion-flex-content-wrap\" style=\"max-width:1393.6px;margin-left: calc(-4% \/ 2 );margin-right: calc(-4% \/ 2 );\"><div class=\"fusion-layout-column fusion_builder_column fusion-builder-column-1 fusion_builder_column_1_1 1_1 fusion-flex-column\" style=\"--awb-bg-size:cover;--awb-width-large:100%;--awb-margin-top-large:0px;--awb-spacing-right-large:1.92%;--awb-margin-bottom-large:20px;--awb-spacing-left-large:1.92%;--awb-width-medium:100%;--awb-order-medium:0;--awb-spacing-right-medium:1.92%;--awb-spacing-left-medium:1.92%;--awb-width-small:100%;--awb-order-small:0;--awb-spacing-right-small:1.92%;--awb-spacing-left-small:1.92%;\"><div class=\"fusion-column-wrapper fusion-column-has-shadow fusion-flex-justify-content-flex-start fusion-content-layout-column\"><div class=\"fusion-text fusion-text-1\"><div class=\"the_content_wrapper\">\n<h4 class=\"title-heading-center\">Terapie senzorio-motorie \u00een grup (TSMT II)<\/h4>\n<p>Metoda TSMT (Interven\u021bie senzorio-motorie) a fost dezvoltat\u0103 de c\u0103tre Lakatos Katalin PhD, \u0219i face parte din modelul BHRG. Terapia senzorio-motorie \u00een grup, se poate ini\u021bia chiar \u0219i de la v\u00e2rsta de 8-1o luni p\u00e2n\u0103 la 1o-12 ani. Nu este \u00eentotdeauna indicat s\u0103 fie precedat de terapie individual\u0103 (TSMT I), dar pentru a \u00eencepe terapia \u00een grup copilul trebuie s\u0103 aib\u0103 o colaborare corespunz\u0103toare, iar rezultatele evalu\u0103rii s\u0103 permit\u0103 \u00eencadrarea \u00een grup.. Terapia individual\u0103 se poate aplica \u00een paralel cu terapia \u00een grup.<\/p>\n<p>Terapia \u00een grup este o metod\u0103 complex\u0103 de dezvoltare, care poate fi utilizat\u0103 at\u00e2t \u00een scop preventiv c\u00e2t \u0219i terapeutic. Sesiunile au o frecven\u021b\u0103 s\u0103pt\u0103m\u00e2nal\u0103, se desf\u0103soar\u0103 \u00een grupuri (la v\u00e2rste mici particip\u0103 \u0219i p\u0103rin\u021bii la terapie, la v\u00e2rste mai mari terapia se desf\u0103\u0219oar\u0103 f\u0103r\u0103 p\u0103rin\u021bi) \u00eentr-o sal\u0103 utilat\u0103 cu echipamente specifice, folosind instruc\u021biuni \u0219i exerci\u021bii grupate \u00een blocuri progresive, cu dificultate cresc\u00e2nd\u0103. Pe l\u00e2ng\u0103 dezvoltarea motricit\u0103\u021bii terapia \u00eembun\u0103t\u0103\u021be\u0219te \u0219i abilit\u0103\u021bile cognitive, cooperarea, aten\u021bia, \u00eendem\u00e2narea, put\u00e2ndu-se aplica nu numai la copii cu dezvoltare atipic\u0103 ci \u0219i la copii cu dezvoltare tipic\u0103.<\/p>\n<p>Metoda TSMT utilizeaz\u0103 dou\u0103 baterii de evaluare:<\/p>\n<ul>\n<li>LongiKid\u00a9 ( la copii cu v\u00e2rste cuprinse \u00eentre 3 luni- 60 luni)<\/li>\n<li>Kitul de evaluare senzorio-motorie (peste 5 ani)<\/li>\n<\/ul>\n<p>Deficien\u021bele constatate \u00een timpul evalu\u0103rii reprezint\u0103 bazele necesare preg\u0103tirii planului personalizat de interven\u021bie pentru fiecare copil. Forma de terapie \u00een grup ofer\u0103 posibilitatea \u00eembun\u0103t\u0103\u021birii acelor domenii a c\u0103ror dezvoltare nu se poate realiza eficient prin metoda individual\u0103:<\/p>\n<p>\u2013 probleme de comportament \u0219i colaborare, manifest\u0103ri de opozi\u021bionism-sfidare<\/p>\n<p>&#8211; probleme de socializare \u0219i integrare \u00een colectivitate<\/p>\n<p>&#8211; hiperactivitate \u0219i tulbur\u0103ri de aten\u021bie<\/p>\n<p>&#8211; dezvoltare atipic\u0103 psihomotric\u0103 \u0219i motorie<\/p>\n<p>&#8211; probleme \u00een \u00eensu\u0219irea abilit\u0103\u021bilor cognitive, risc de tulbur\u0103ri instrumentale<\/p>\n<p>\u2013 rezisten\u021b\u0103 slab\u0103 la monotonie \u0219i la frustrare<\/p>\n<\/div>\n<\/div><\/div><\/div><\/div><\/div><\/p>\n","protected":false},"excerpt":{"rendered":"","protected":false},"author":2,"featured_media":0,"parent":3228,"menu_order":0,"comment_status":"closed","ping_status":"closed","template":"","meta":{"footnotes":""},"class_list":["post-2868","page","type-page","status-publish","hentry"],"_links":{"self":[{"href":"https:\/\/bsjk.ro\/ro\/wp-json\/wp\/v2\/pages\/2868","targetHints":{"allow":["GET"]}}],"collection":[{"href":"https:\/\/bsjk.ro\/ro\/wp-json\/wp\/v2\/pages"}],"about":[{"href":"https:\/\/bsjk.ro\/ro\/wp-json\/wp\/v2\/types\/page"}],"author":[{"embeddable":true,"href":"https:\/\/bsjk.ro\/ro\/wp-json\/wp\/v2\/users\/2"}],"replies":[{"embeddable":true,"href":"https:\/\/bsjk.ro\/ro\/wp-json\/wp\/v2\/comments?post=2868"}],"version-history":[{"count":22,"href":"https:\/\/bsjk.ro\/ro\/wp-json\/wp\/v2\/pages\/2868\/revisions"}],"predecessor-version":[{"id":5147,"href":"https:\/\/bsjk.ro\/ro\/wp-json\/wp\/v2\/pages\/2868\/revisions\/5147"}],"up":[{"embeddable":true,"href":"https:\/\/bsjk.ro\/ro\/wp-json\/wp\/v2\/pages\/3228"}],"wp:attachment":[{"href":"https:\/\/bsjk.ro\/ro\/wp-json\/wp\/v2\/media?parent=2868"}],"curies":[{"name":"wp","href":"https:\/\/api.w.org\/{rel}","templated":true}]}}