{"id":2877,"date":"2022-09-30T15:28:59","date_gmt":"2022-09-30T12:28:59","guid":{"rendered":"https:\/\/bsjk.ro\/terapia-tulburarilor-instrumentale-preventie\/"},"modified":"2024-02-19T17:10:50","modified_gmt":"2024-02-19T14:10:50","slug":"terapia-tulburarilor-instrumentale-preventie","status":"publish","type":"page","link":"https:\/\/bsjk.ro\/ro\/dezvoltari\/terapia-tulburarilor-instrumentale-preventie\/","title":{"rendered":"Terapia tulbur\u0103rilor instrumentale"},"content":{"rendered":"<p><div class=\"fusion-fullwidth fullwidth-box fusion-builder-row-1 fusion-flex-container has-pattern-background has-mask-background nonhundred-percent-fullwidth non-hundred-percent-height-scrolling\" style=\"--awb-border-radius-top-left:0px;--awb-border-radius-top-right:0px;--awb-border-radius-bottom-right:0px;--awb-border-radius-bottom-left:0px;--awb-padding-right:0px;--awb-padding-left:0px;--awb-flex-wrap:wrap;\" ><div class=\"fusion-builder-row fusion-row fusion-flex-align-items-flex-start fusion-flex-content-wrap\" style=\"max-width:1393.6px;margin-left: calc(-4% \/ 2 );margin-right: calc(-4% \/ 2 );\"><div class=\"fusion-layout-column fusion_builder_column fusion-builder-column-0 fusion_builder_column_1_1 1_1 fusion-flex-column\" style=\"--awb-bg-size:cover;--awb-width-large:100%;--awb-margin-top-large:0px;--awb-spacing-right-large:1.92%;--awb-margin-bottom-large:20px;--awb-spacing-left-large:1.92%;--awb-width-medium:100%;--awb-order-medium:0;--awb-spacing-right-medium:1.92%;--awb-spacing-left-medium:1.92%;--awb-width-small:100%;--awb-order-small:0;--awb-spacing-right-small:1.92%;--awb-spacing-left-small:1.92%;\"><div class=\"fusion-column-wrapper fusion-column-has-shadow fusion-flex-justify-content-flex-start fusion-content-layout-column\"><div class=\"fusion-image-element \" style=\"text-align:center;--awb-caption-title-font-family:var(--h2_typography-font-family);--awb-caption-title-font-weight:var(--h2_typography-font-weight);--awb-caption-title-font-style:var(--h2_typography-font-style);--awb-caption-title-size:var(--h2_typography-font-size);--awb-caption-title-transform:var(--h2_typography-text-transform);--awb-caption-title-line-height:var(--h2_typography-line-height);--awb-caption-title-letter-spacing:var(--h2_typography-letter-spacing);\"><span class=\" fusion-imageframe imageframe-none imageframe-1 hover-type-none\"><img decoding=\"async\" width=\"600\" height=\"400\" title=\"fejlesztesek tanulasi zavarok Dyslexia\" src=\"https:\/\/bsjk.ro\/wp-content\/uploads\/2023\/04\/fejlesztesek-tanulasi-zavarok-Dyslexia-scaled.jpg\" data-orig-src=\"https:\/\/bsjk.ro\/wp-content\/uploads\/2023\/04\/fejlesztesek-tanulasi-zavarok-Dyslexia-600x400.jpg\" alt class=\"lazyload img-responsive wp-image-3995\" srcset=\"data:image\/svg+xml,%3Csvg%20xmlns%3D%27http%3A%2F%2Fwww.w3.org%2F2000%2Fsvg%27%20width%3D%272560%27%20height%3D%271707%27%20viewBox%3D%270%200%202560%201707%27%3E%3Crect%20width%3D%272560%27%20height%3D%271707%27%20fill-opacity%3D%220%22%2F%3E%3C%2Fsvg%3E\" data-srcset=\"https:\/\/bsjk.ro\/wp-content\/uploads\/2023\/04\/fejlesztesek-tanulasi-zavarok-Dyslexia-200x133.jpg 200w, https:\/\/bsjk.ro\/wp-content\/uploads\/2023\/04\/fejlesztesek-tanulasi-zavarok-Dyslexia-400x267.jpg 400w, https:\/\/bsjk.ro\/wp-content\/uploads\/2023\/04\/fejlesztesek-tanulasi-zavarok-Dyslexia-600x400.jpg 600w, https:\/\/bsjk.ro\/wp-content\/uploads\/2023\/04\/fejlesztesek-tanulasi-zavarok-Dyslexia-800x533.jpg 800w, https:\/\/bsjk.ro\/wp-content\/uploads\/2023\/04\/fejlesztesek-tanulasi-zavarok-Dyslexia-1200x800.jpg 1200w\" data-sizes=\"auto\" data-orig-sizes=\"(max-width: 800px) 100vw, 600px\" \/><\/span><\/div><\/div><\/div><\/div><\/div><div class=\"fusion-fullwidth fullwidth-box fusion-builder-row-2 fusion-flex-container has-pattern-background has-mask-background nonhundred-percent-fullwidth non-hundred-percent-height-scrolling\" style=\"--awb-border-radius-top-left:0px;--awb-border-radius-top-right:0px;--awb-border-radius-bottom-right:0px;--awb-border-radius-bottom-left:0px;--awb-flex-wrap:wrap;\" ><div class=\"fusion-builder-row fusion-row fusion-flex-align-items-flex-start fusion-flex-content-wrap\" style=\"max-width:1393.6px;margin-left: calc(-4% \/ 2 );margin-right: calc(-4% \/ 2 );\"><div class=\"fusion-layout-column fusion_builder_column fusion-builder-column-1 fusion_builder_column_1_1 1_1 fusion-flex-column\" style=\"--awb-bg-size:cover;--awb-width-large:100%;--awb-margin-top-large:0px;--awb-spacing-right-large:1.92%;--awb-margin-bottom-large:20px;--awb-spacing-left-large:1.92%;--awb-width-medium:100%;--awb-order-medium:0;--awb-spacing-right-medium:1.92%;--awb-spacing-left-medium:1.92%;--awb-width-small:100%;--awb-order-small:0;--awb-spacing-right-small:1.92%;--awb-spacing-left-small:1.92%;\"><div class=\"fusion-column-wrapper fusion-column-has-shadow fusion-flex-justify-content-flex-start fusion-content-layout-column\"><div class=\"fusion-text fusion-text-1\"><div class=\"the_content_wrapper\">\n<h4 class=\"title-heading-center\">Terapia tulbur\u0103rilor instrumentale (preven\u021bie)<\/h4>\n<p>Consider\u0103m ca av\u00e2nd risc pentru tulbur\u0103ri de \u00eenv\u0103\u021bare (tulbur\u0103ri instrumentale) acel copil care prezint\u0103 un nivel semnificativ sc\u0103zut al abilit\u0103\u021bilor \u0219colare raportat la nivelul a\u0219teptat pentru inteligen\u021ba sa (la gr\u0103dini\u021b\u0103 sau clasa I.-a). Aceast\u0103 stare este asociat\u0103 cu anumite semne atipice \u00een domeniul cognitiv.<\/p>\n<p>Metoda a fost dezvoltat\u0103 de Meixner Ildik\u00f3, care a considerat c\u0103 un copil cu tulburare instrumental\u0103 are nevoie de mai mult timp pentru \u00eenv\u0103\u021barea scrisului-cititului , dec\u00e2t copii cu dezvoltare tipic\u0103. Semnele de risc se pot observa deja la gr\u0103dini\u021b\u0103 \u0219i necesit\u0103 interven\u021bie specific\u0103. Scopul terapiilor este dezvoltarea complex\u0103 a abilit\u0103\u021bilor cognitive, preg\u0103tirea abilit\u0103\u021bilor de scris \u0219i citit, cre\u0219terea motiva\u021biei pentru citit. Principiul fundamental este progresul treptat \u0219i acordarea timpului suficient pentru a \u00eenv\u0103\u021ba bazele cititului.<\/p>\n<p>Terapia pune accent pe dezvoltarea limbajului \u0219i vocabularului, alc\u0103tuirea propozi\u021bilor, orientarea \u00een spa\u021biu, abilit\u0103\u021bi privind sim\u021bul ritmului, mi\u0219c\u0103rilor \u0219i percep\u021biei. Etapa urm\u0103toare este \u00eenv\u0103\u021barea scrisului \u0219i cititului.<\/p>\n<p><strong>Terapia<\/strong> este recomandat\u0103 c\u00e2nd sunt prezente semnele de risc:nu se corecteaz\u0103 dislalia fiziologic\u0103, sunetele formate nu sunt folosite \u00een limbajul zilnic al copilului, sunetele formate dispar \u00een timp, vocabularul este slab dezvoltat, exprimarea este incorect\u0103, exist\u0103 probleme de concentrare\/aten\u021bie, probleme de coordonare a mi\u0219c\u0103rilor fine, orientarea \u00een spa\u021biu \u0219i timp este dificil\u0103, sim\u021bul ritmului nedezvoltat, copilul nu percepe ritmicitatea \u0219i muzicalitatea vorbirii.<\/p>\n<p>Terapiile dureaz\u0103 \u00eentre 30-50 de minute av\u00e2nd o frecven\u021b\u0103 de 1-2 pe s\u0103pt\u00eem\u00e2n\u0103, \u00een func\u021bie de nivelul de dezvoltare al copilului. Exersarea acas\u0103 este o condi\u021bie foarte important\u0103 \u00een ob\u021binerea eficacit\u0103\u021bii maxime.<\/p>\n<h4 class=\"title-heading-center\">Reeducarea dislexiei (tulbur\u0103ri instrumentale)<\/h4>\n<p>Se consider\u0103 copil cu tulbur\u0103ri instrumentale, care are probleme la \u00eenv\u0103\u021bare (\u00een clasa a II-a): scris, citit \u0219i num\u0103rare \u00een condi\u021bii medii, respectiv dac\u0103 \u00een aceste domenii performan\u021ba \u0219colar\u0103 este semnificativ sc\u0103zut\u0103 fa\u021b\u0103 de performan\u021ba a\u0219teptat\u0103 pe baza nivelului de inteligen\u021b\u0103.<\/p>\n<p>Grupul \u021bint\u0103 \u00een reeducarea dslexiei sunt copii care au fost diagnostiza\u021bi cu tulbur\u0103ri instrumentale. Metoda a fost dezvoltat\u0103 de Meixner Ildik\u00f3, care o diferen\u021biaz\u0103 de corepetarea materiilor \u0219colare.<\/p>\n<p>Este o metod\u0103 de dezvoltare complex\u0103 principalul obiectiv fiind de a \u00eenv\u0103\u021ba copilul s\u0103 scrie \u0219i s\u0103 citeasc\u0103 corect. Pentru aceasta este necesar\u0103 dezvoltarea abilit\u0103\u021biilor psihocognitive, care sunt indispensabile func\u021bion\u0103rii optime a scrisului \u0219i a cititului.<\/p>\n<p>Interven\u021bia terapeutic\u0103 poate fi de lung\u0103 durat\u0103, fiindc\u0103 \u00een multe cazuri copilul trebuie s\u0103 re\u00eenve\u021be literele pe care le confund\u0103. Este important ca p\u0103rin\u021bii s\u0103 \u00een\u021beleag\u0103: confundarea literelor \u00een scris \u0219i citit este doar un simptom al dislexiei, copilul nu gre\u0219e\u0219te inten\u021bionat.<\/p>\n<p><strong>Terapia<\/strong> pentru reeducarea dislexiei este recomandat\u0103 c\u00e2nd se constat\u0103 urm\u0103toarele semne de risc: confundarea literelor, omiterea \u0219i\/sau adaugarea de litere \u0219i silabe, lentoare \u00een citire, probleme de \u00een\u021belegere a textului, vocabular s\u0103rac, exprimare incorect\u0103, gre\u0219eli gramaticale, greut\u0103\u021bi \u00een g\u0103sirea cuvintelor potrivite. Scrisul este dezordonat, indescifrabil, caietul este m\u00e2zg\u0103lit, confund\u0103 literele de tipar cu cele scrise cursiv.<\/p>\n<p>Terapiile dureaz\u0103 \u00eentre 30-50 de minute av\u00e2nd o frecven\u021b\u0103 de 1-2 pe s\u0103pt\u00eem\u00e2n\u0103, \u00een func\u021bie de nivelul de dezvoltare al copilului. Exersarea acas\u0103 este o condi\u021bie foarte important\u0103 \u00een ob\u021binerea eficacit\u0103\u021bii maxime.<\/p>\n<\/div>\n<\/div><\/div><\/div><\/div><\/div><\/p>\n","protected":false},"excerpt":{"rendered":"","protected":false},"author":2,"featured_media":0,"parent":3228,"menu_order":0,"comment_status":"closed","ping_status":"closed","template":"","meta":{"footnotes":""},"class_list":["post-2877","page","type-page","status-publish","hentry"],"_links":{"self":[{"href":"https:\/\/bsjk.ro\/ro\/wp-json\/wp\/v2\/pages\/2877","targetHints":{"allow":["GET"]}}],"collection":[{"href":"https:\/\/bsjk.ro\/ro\/wp-json\/wp\/v2\/pages"}],"about":[{"href":"https:\/\/bsjk.ro\/ro\/wp-json\/wp\/v2\/types\/page"}],"author":[{"embeddable":true,"href":"https:\/\/bsjk.ro\/ro\/wp-json\/wp\/v2\/users\/2"}],"replies":[{"embeddable":true,"href":"https:\/\/bsjk.ro\/ro\/wp-json\/wp\/v2\/comments?post=2877"}],"version-history":[{"count":22,"href":"https:\/\/bsjk.ro\/ro\/wp-json\/wp\/v2\/pages\/2877\/revisions"}],"predecessor-version":[{"id":5153,"href":"https:\/\/bsjk.ro\/ro\/wp-json\/wp\/v2\/pages\/2877\/revisions\/5153"}],"up":[{"embeddable":true,"href":"https:\/\/bsjk.ro\/ro\/wp-json\/wp\/v2\/pages\/3228"}],"wp:attachment":[{"href":"https:\/\/bsjk.ro\/ro\/wp-json\/wp\/v2\/media?parent=2877"}],"curies":[{"name":"wp","href":"https:\/\/api.w.org\/{rel}","templated":true}]}}