{"id":2883,"date":"2022-09-30T15:32:27","date_gmt":"2022-09-30T12:32:27","guid":{"rendered":"https:\/\/bsjk.ro\/grup-de-socializare\/"},"modified":"2024-02-19T17:11:31","modified_gmt":"2024-02-19T14:11:31","slug":"grup-de-socializare","status":"publish","type":"page","link":"https:\/\/bsjk.ro\/ro\/dezvoltari\/grup-de-socializare\/","title":{"rendered":"Grup de socializare"},"content":{"rendered":"<p><div class=\"fusion-fullwidth fullwidth-box fusion-builder-row-1 fusion-flex-container has-pattern-background has-mask-background nonhundred-percent-fullwidth non-hundred-percent-height-scrolling\" style=\"--awb-border-radius-top-left:0px;--awb-border-radius-top-right:0px;--awb-border-radius-bottom-right:0px;--awb-border-radius-bottom-left:0px;--awb-padding-right:0px;--awb-padding-left:0px;--awb-flex-wrap:wrap;\" ><div class=\"fusion-builder-row fusion-row fusion-flex-align-items-flex-start fusion-flex-content-wrap\" style=\"max-width:1393.6px;margin-left: calc(-4% \/ 2 );margin-right: calc(-4% \/ 2 );\"><div class=\"fusion-layout-column fusion_builder_column fusion-builder-column-0 fusion_builder_column_1_1 1_1 fusion-flex-column\" style=\"--awb-bg-size:cover;--awb-width-large:100%;--awb-margin-top-large:0px;--awb-spacing-right-large:1.92%;--awb-margin-bottom-large:20px;--awb-spacing-left-large:1.92%;--awb-width-medium:100%;--awb-order-medium:0;--awb-spacing-right-medium:1.92%;--awb-spacing-left-medium:1.92%;--awb-width-small:100%;--awb-order-small:0;--awb-spacing-right-small:1.92%;--awb-spacing-left-small:1.92%;\"><div class=\"fusion-column-wrapper fusion-column-has-shadow fusion-flex-justify-content-flex-start fusion-content-layout-column\"><div class=\"fusion-image-element \" style=\"text-align:center;--awb-caption-title-font-family:var(--h2_typography-font-family);--awb-caption-title-font-weight:var(--h2_typography-font-weight);--awb-caption-title-font-style:var(--h2_typography-font-style);--awb-caption-title-size:var(--h2_typography-font-size);--awb-caption-title-transform:var(--h2_typography-text-transform);--awb-caption-title-line-height:var(--h2_typography-line-height);--awb-caption-title-letter-spacing:var(--h2_typography-letter-spacing);\"><span class=\" fusion-imageframe imageframe-none imageframe-1 hover-type-none\"><img decoding=\"async\" width=\"600\" height=\"450\" title=\"fejlesztesek szocializacios csoport\" src=\"https:\/\/bsjk.ro\/wp-content\/uploads\/2023\/03\/fejlesztesek-szocializacios-csoport.jpg\" data-orig-src=\"https:\/\/bsjk.ro\/wp-content\/uploads\/2023\/03\/fejlesztesek-szocializacios-csoport-600x450.jpg\" alt class=\"lazyload img-responsive wp-image-3653\" srcset=\"data:image\/svg+xml,%3Csvg%20xmlns%3D%27http%3A%2F%2Fwww.w3.org%2F2000%2Fsvg%27%20width%3D%271024%27%20height%3D%27768%27%20viewBox%3D%270%200%201024%20768%27%3E%3Crect%20width%3D%271024%27%20height%3D%27768%27%20fill-opacity%3D%220%22%2F%3E%3C%2Fsvg%3E\" data-srcset=\"https:\/\/bsjk.ro\/wp-content\/uploads\/2023\/03\/fejlesztesek-szocializacios-csoport-200x150.jpg 200w, https:\/\/bsjk.ro\/wp-content\/uploads\/2023\/03\/fejlesztesek-szocializacios-csoport-400x300.jpg 400w, https:\/\/bsjk.ro\/wp-content\/uploads\/2023\/03\/fejlesztesek-szocializacios-csoport-600x450.jpg 600w, https:\/\/bsjk.ro\/wp-content\/uploads\/2023\/03\/fejlesztesek-szocializacios-csoport-800x600.jpg 800w, https:\/\/bsjk.ro\/wp-content\/uploads\/2023\/03\/fejlesztesek-szocializacios-csoport.jpg 1024w\" data-sizes=\"auto\" data-orig-sizes=\"(max-width: 800px) 100vw, 600px\" \/><\/span><\/div><\/div><\/div><\/div><\/div><div class=\"fusion-fullwidth fullwidth-box fusion-builder-row-2 fusion-flex-container has-pattern-background has-mask-background nonhundred-percent-fullwidth non-hundred-percent-height-scrolling\" style=\"--awb-border-radius-top-left:0px;--awb-border-radius-top-right:0px;--awb-border-radius-bottom-right:0px;--awb-border-radius-bottom-left:0px;--awb-flex-wrap:wrap;\" ><div class=\"fusion-builder-row fusion-row fusion-flex-align-items-flex-start fusion-flex-content-wrap\" style=\"max-width:1393.6px;margin-left: calc(-4% \/ 2 );margin-right: calc(-4% \/ 2 );\"><div class=\"fusion-layout-column fusion_builder_column fusion-builder-column-1 fusion_builder_column_1_1 1_1 fusion-flex-column\" style=\"--awb-bg-size:cover;--awb-width-large:100%;--awb-margin-top-large:0px;--awb-spacing-right-large:1.92%;--awb-margin-bottom-large:20px;--awb-spacing-left-large:1.92%;--awb-width-medium:100%;--awb-order-medium:0;--awb-spacing-right-medium:1.92%;--awb-spacing-left-medium:1.92%;--awb-width-small:100%;--awb-order-small:0;--awb-spacing-right-small:1.92%;--awb-spacing-left-small:1.92%;\"><div class=\"fusion-column-wrapper fusion-column-has-shadow fusion-flex-justify-content-flex-start fusion-content-layout-column\"><div class=\"fusion-text fusion-text-1\"><div class=\"the_content_wrapper\">\n<h4 class=\"title-heading-center\">Grup de socializare<\/h4>\n<p>Competen\u021bele sociale pot fi grupate astfel:<\/p>\n<ul>\n<li>Con\u0219tiin\u021b\u0103 de sine (autocunoa\u0219tere, stim\u0103 de sine, \u00eencredere \u00een sine etc.)<\/li>\n<li>Autocontrol \u0219i adaptare<\/li>\n<li>Empatie (recunoa\u0219terea sentimentelor celorlal\u021bi)<\/li>\n<li>Motiva\u021bie<\/li>\n<li>Abilit\u0103\u021bi sociale (comunicare, interac\u021biune, colaborare, etc.)<\/li>\n<\/ul>\n<p>O dezvoltare corespunz\u0103toare a competen\u021belor sociale este indispensabil\u0103 pentru adaptarea la colectivul \u0219i regulile din gr\u0103dini\u021b\u0103 \u0219i atingerea succesului \u0219colar, respectiv integrarea \u00een societate \u0219i men\u021binerea rela\u021biilor bune cu ceilal\u021bi.<\/p>\n<p>Deoarece abilit\u0103\u021bile sociale ale copilului pot fi dezvoltate cel mai eficient la v\u00e2rste mici, trebuie s\u0103 observ\u0103m dac\u0103 el reu\u0219e\u0219te s\u0103-\u0219i exprime sentimentele respectiv recunoa\u0219te sentimentele celorlal\u021bi; consoleaz\u0103 \u0219i ajut\u0103 alte persoane, are prieteni sau nu, modul \u00een care se adapteaz\u0103 \u00eentr-un mediu necunoscut.<\/p>\n<p>Dac\u0103 se observ\u0103 deficien\u021be \u00een oricare dintre domeniile enumerate mai sus, probabil este vorba despre o imaturitate a abilit\u0103\u021bilor sociale. Pentru \u00eenbun\u0103t\u0103\u021birea acestora este recomandat\u0103 orice activitate care se desf\u0103\u0219oar\u0103 \u00eentre oameni, acestea av\u00e2nd un efect pozitiv \u00een dezvoltarea abilit\u0103\u021bilor sociale.<\/p>\n<p>Pe l\u00e2ng\u0103 acestea copilul poate \u00eencepe o terapie axat\u0103 pe dezvoltarea abilit\u0103\u021bilor sociale.<\/p>\n<p>Terapiile se \u021bin \u00een grup, obiectivele terapiilor fiind stablite pe baza unei tematici specifice. \u00cenainte de \u00eenceperea grupului p\u0103rintele completeaz\u0103 un chestionar \u00eempreun\u0103 cu specialistul. Pe baza rezultatelor \u0219i discu\u021biei cu p\u0103rin\u021bii specialistul alc\u0103tuie\u0219te un profil al abilit\u0103\u021bilor sociale acesta fiind punctul de plecare pentru elaborarea planului individual de interven\u021bie dup\u0103 care se va alege grupul potrivit, av\u00e2nd \u00een vedere caracteristicile individuale ale copilului.<\/p>\n<p>\u00cen timpul terapiei \u00eenv\u0103\u021b\u0103m \u0219i interpret\u0103m comportamente corecte \u00een anumite situa\u021bii interpersonale \u0219i ajut\u0103m copilul \u00een dezvoltarea autonomiei.<\/p>\n<\/div>\n<\/div><\/div><\/div><\/div><\/div><\/p>\n","protected":false},"excerpt":{"rendered":"","protected":false},"author":2,"featured_media":0,"parent":3228,"menu_order":0,"comment_status":"closed","ping_status":"closed","template":"","meta":{"footnotes":""},"class_list":["post-2883","page","type-page","status-publish","hentry"],"_links":{"self":[{"href":"https:\/\/bsjk.ro\/ro\/wp-json\/wp\/v2\/pages\/2883","targetHints":{"allow":["GET"]}}],"collection":[{"href":"https:\/\/bsjk.ro\/ro\/wp-json\/wp\/v2\/pages"}],"about":[{"href":"https:\/\/bsjk.ro\/ro\/wp-json\/wp\/v2\/types\/page"}],"author":[{"embeddable":true,"href":"https:\/\/bsjk.ro\/ro\/wp-json\/wp\/v2\/users\/2"}],"replies":[{"embeddable":true,"href":"https:\/\/bsjk.ro\/ro\/wp-json\/wp\/v2\/comments?post=2883"}],"version-history":[{"count":14,"href":"https:\/\/bsjk.ro\/ro\/wp-json\/wp\/v2\/pages\/2883\/revisions"}],"predecessor-version":[{"id":5159,"href":"https:\/\/bsjk.ro\/ro\/wp-json\/wp\/v2\/pages\/2883\/revisions\/5159"}],"up":[{"embeddable":true,"href":"https:\/\/bsjk.ro\/ro\/wp-json\/wp\/v2\/pages\/3228"}],"wp:attachment":[{"href":"https:\/\/bsjk.ro\/ro\/wp-json\/wp\/v2\/media?parent=2883"}],"curies":[{"name":"wp","href":"https:\/\/api.w.org\/{rel}","templated":true}]}}