{"id":2895,"date":"2022-09-30T15:36:24","date_gmt":"2022-09-30T12:36:24","guid":{"rendered":"https:\/\/bsjk.ro\/neurohidroterapie-precoce-nht-i\/"},"modified":"2024-02-19T17:13:07","modified_gmt":"2024-02-19T14:13:07","slug":"neurohidroterapie-precoce-nht-i","status":"publish","type":"page","link":"https:\/\/bsjk.ro\/ro\/dezvoltari\/neurohidroterapie-precoce-nht-i\/","title":{"rendered":"Neurohidroterapie precoce (NHT I)"},"content":{"rendered":"<p><div class=\"fusion-fullwidth fullwidth-box fusion-builder-row-1 fusion-flex-container has-pattern-background has-mask-background nonhundred-percent-fullwidth non-hundred-percent-height-scrolling\" style=\"--awb-border-radius-top-left:0px;--awb-border-radius-top-right:0px;--awb-border-radius-bottom-right:0px;--awb-border-radius-bottom-left:0px;--awb-padding-right:0px;--awb-padding-left:0px;--awb-flex-wrap:wrap;\" ><div class=\"fusion-builder-row fusion-row fusion-flex-align-items-flex-start fusion-flex-content-wrap\" style=\"max-width:1393.6px;margin-left: calc(-4% \/ 2 );margin-right: calc(-4% \/ 2 );\"><div class=\"fusion-layout-column fusion_builder_column fusion-builder-column-0 fusion_builder_column_1_1 1_1 fusion-flex-column\" style=\"--awb-bg-size:cover;--awb-width-large:100%;--awb-margin-top-large:0px;--awb-spacing-right-large:1.92%;--awb-margin-bottom-large:20px;--awb-spacing-left-large:1.92%;--awb-width-medium:100%;--awb-order-medium:0;--awb-spacing-right-medium:1.92%;--awb-spacing-left-medium:1.92%;--awb-width-small:100%;--awb-order-small:0;--awb-spacing-right-small:1.92%;--awb-spacing-left-small:1.92%;\"><div class=\"fusion-column-wrapper fusion-column-has-shadow fusion-flex-justify-content-flex-start fusion-content-layout-column\"><div class=\"fusion-image-element \" style=\"text-align:center;--awb-caption-title-font-family:var(--h2_typography-font-family);--awb-caption-title-font-weight:var(--h2_typography-font-weight);--awb-caption-title-font-style:var(--h2_typography-font-style);--awb-caption-title-size:var(--h2_typography-font-size);--awb-caption-title-transform:var(--h2_typography-text-transform);--awb-caption-title-line-height:var(--h2_typography-line-height);--awb-caption-title-letter-spacing:var(--h2_typography-letter-spacing);\"><span class=\" fusion-imageframe imageframe-none imageframe-1 hover-type-none\"><img decoding=\"async\" width=\"600\" height=\"400\" title=\"fejlesztesek NHT I\" src=\"https:\/\/bsjk.ro\/wp-content\/uploads\/2023\/03\/fejlesztesek-NHT-I.jpg\" data-orig-src=\"https:\/\/bsjk.ro\/wp-content\/uploads\/2023\/03\/fejlesztesek-NHT-I-600x400.jpg\" alt class=\"lazyload img-responsive wp-image-3666\" srcset=\"data:image\/svg+xml,%3Csvg%20xmlns%3D%27http%3A%2F%2Fwww.w3.org%2F2000%2Fsvg%27%20width%3D%272048%27%20height%3D%271365%27%20viewBox%3D%270%200%202048%201365%27%3E%3Crect%20width%3D%272048%27%20height%3D%271365%27%20fill-opacity%3D%220%22%2F%3E%3C%2Fsvg%3E\" data-srcset=\"https:\/\/bsjk.ro\/wp-content\/uploads\/2023\/03\/fejlesztesek-NHT-I-200x133.jpg 200w, https:\/\/bsjk.ro\/wp-content\/uploads\/2023\/03\/fejlesztesek-NHT-I-400x267.jpg 400w, https:\/\/bsjk.ro\/wp-content\/uploads\/2023\/03\/fejlesztesek-NHT-I-600x400.jpg 600w, https:\/\/bsjk.ro\/wp-content\/uploads\/2023\/03\/fejlesztesek-NHT-I-800x533.jpg 800w, https:\/\/bsjk.ro\/wp-content\/uploads\/2023\/03\/fejlesztesek-NHT-I-1200x800.jpg 1200w\" data-sizes=\"auto\" data-orig-sizes=\"(max-width: 800px) 100vw, 600px\" \/><\/span><\/div><\/div><\/div><\/div><\/div><div class=\"fusion-fullwidth fullwidth-box fusion-builder-row-2 fusion-flex-container has-pattern-background has-mask-background nonhundred-percent-fullwidth non-hundred-percent-height-scrolling\" style=\"--awb-border-radius-top-left:0px;--awb-border-radius-top-right:0px;--awb-border-radius-bottom-right:0px;--awb-border-radius-bottom-left:0px;--awb-flex-wrap:wrap;\" ><div class=\"fusion-builder-row fusion-row fusion-flex-align-items-flex-start fusion-flex-content-wrap\" style=\"max-width:1393.6px;margin-left: calc(-4% \/ 2 );margin-right: calc(-4% \/ 2 );\"><div class=\"fusion-layout-column fusion_builder_column fusion-builder-column-1 fusion_builder_column_1_1 1_1 fusion-flex-column\" style=\"--awb-bg-size:cover;--awb-width-large:100%;--awb-margin-top-large:0px;--awb-spacing-right-large:1.92%;--awb-margin-bottom-large:20px;--awb-spacing-left-large:1.92%;--awb-width-medium:100%;--awb-order-medium:0;--awb-spacing-right-medium:1.92%;--awb-spacing-left-medium:1.92%;--awb-width-small:100%;--awb-order-small:0;--awb-spacing-right-small:1.92%;--awb-spacing-left-small:1.92%;\"><div class=\"fusion-column-wrapper fusion-column-has-shadow fusion-flex-justify-content-flex-start fusion-content-layout-column\"><div class=\"fusion-text fusion-text-1\"><div class=\"the_content_wrapper\">\n<h4 class=\"title-heading-center\">Neurohidroterapie precoce (NHT I)<\/h4>\n<p>Neuro-hidroterapia precoce (NHT 1) este o terapie aplicat\u0103 \u00een ap\u0103, care este recomandat\u0103 nou n\u0103scu\u021bilor \u0219i sugarilor p\u00e2n\u0103 la o v\u00e2rst\u0103 de aproximativ 5 luni. Deoarece la aceast\u0103 v\u00e2rst\u0103 fraged\u0103, micu\u021bii sunt \u00eentr-o perioad\u0103 foarte senzitiv\u0103, activit\u0103\u021bile se desf\u0103\u0219oar\u0103 \u00een mediu familiar, acas\u0103, \u00een van\u0103. Exerci\u021biile se practic\u0103 acas\u0103 de c\u0103tre p\u0103rin\u021bi, care \u00eenva\u021b\u0103 mi\u0219c\u0103rile corecte de la terapeu\u021bi \u00een timpul controalelor, la Centru.<\/p>\n<p>Metoda a fost dezvoltat\u0103 de c\u0103tre un pediatru, Dr. Schultheisz Judit, \u00een 1986-\u0219i este considerat\u0103 o metod\u0103 de baz\u0103 a interven\u021biei timpurii av\u00e2nd recunoa\u0219tere interna\u021bional\u0103 .<\/p>\n<p>Datorit\u0103 faptului c\u0103 apa este un stimul intens \u0219i are diverse efecte fizice, chimice \u0219i psihice, aceast\u0103 metod\u0103 aduce un surplus valoros pentru copii, stimuleaz\u0103 mi\u0219c\u0103rilor lor, ajut\u0103 la dezvoltarea reac\u021biilor de echilibru. Pe l\u00e2ng\u0103 faptul c\u0103 metoda se poate aplica la o v\u00e2rst\u0103 foarte fraged\u0103, trebuie s\u0103 subliniam ca &#8211; fiind practicat acas\u0103, \u00eentr-un mediu familiar, de c\u0103tre p\u0103rin\u021bi \u2013 are un efect benefic asupra \u00eent\u0103ririi rela\u021biilor de ata\u0219ament \u00eentre copil \u0219i p\u0103rin\u021bi, asupra cre\u0219terii \u00eencrederii \u00een sine a p\u0103rin\u021bilor.<\/p>\n<p>Neurohidroterapia precoce ajut\u0103 la maturizarea sistemului nervos, are un efect pozitiv global asupra dezvolt\u0103rii generale a copiilor, stimul\u00e2nd \u00een principiu domeniile motricit\u0103\u021bii grosiere, coordonarea \u0219i aten\u021bia.<\/p>\n<p>Aceast\u0103 metod\u0103 poate fi aplicat\u0103 nu numai bebelu\u0219ilor cu deficien\u021be, dar \u0219i celor care prezint\u0103 semne de risc pentru o dezvoltare atipic\u0103, ba chiar \u0219i la cei cu o dezvoltare tipic\u0103, echilibrat\u0103. Aplicat\u0103 ca \u0219i terapie, \u00een cazul unor deficien\u021be preexistente,ea trebuie s\u0103 fie precedat\u0103 de un consult medical de specialitate. \u00cen majoritatea cazurilor va fi necesar\u0103 combinarea cu alte metode recomandate de medicul specialist.<\/p>\n<p>\u00cen cazul copiilor cu risc, bebelu\u0219ilor prematuri se poate aplica la recomandarea terapeutului, iar la copii cu o dezvoltare tipic\u0103, echilibrat\u0103 chiar \u0219i la solicitarea p\u0103rintelui.<\/p>\n<\/div>\n<\/div><\/div><\/div><\/div><\/div><\/p>\n","protected":false},"excerpt":{"rendered":"","protected":false},"author":2,"featured_media":0,"parent":3228,"menu_order":0,"comment_status":"closed","ping_status":"closed","template":"","meta":{"footnotes":""},"class_list":["post-2895","page","type-page","status-publish","hentry"],"_links":{"self":[{"href":"https:\/\/bsjk.ro\/ro\/wp-json\/wp\/v2\/pages\/2895","targetHints":{"allow":["GET"]}}],"collection":[{"href":"https:\/\/bsjk.ro\/ro\/wp-json\/wp\/v2\/pages"}],"about":[{"href":"https:\/\/bsjk.ro\/ro\/wp-json\/wp\/v2\/types\/page"}],"author":[{"embeddable":true,"href":"https:\/\/bsjk.ro\/ro\/wp-json\/wp\/v2\/users\/2"}],"replies":[{"embeddable":true,"href":"https:\/\/bsjk.ro\/ro\/wp-json\/wp\/v2\/comments?post=2895"}],"version-history":[{"count":22,"href":"https:\/\/bsjk.ro\/ro\/wp-json\/wp\/v2\/pages\/2895\/revisions"}],"predecessor-version":[{"id":5171,"href":"https:\/\/bsjk.ro\/ro\/wp-json\/wp\/v2\/pages\/2895\/revisions\/5171"}],"up":[{"embeddable":true,"href":"https:\/\/bsjk.ro\/ro\/wp-json\/wp\/v2\/pages\/3228"}],"wp:attachment":[{"href":"https:\/\/bsjk.ro\/ro\/wp-json\/wp\/v2\/media?parent=2895"}],"curies":[{"name":"wp","href":"https:\/\/api.w.org\/{rel}","templated":true}]}}