{"id":2904,"date":"2022-09-30T15:43:17","date_gmt":"2022-09-30T12:43:17","guid":{"rendered":"https:\/\/bsjk.ro\/neuro-hidroterapie-nht-ii\/"},"modified":"2024-02-19T17:13:44","modified_gmt":"2024-02-19T14:13:44","slug":"neuro-hidroterapie-nht-ii","status":"publish","type":"page","link":"https:\/\/bsjk.ro\/ro\/dezvoltari\/neuro-hidroterapie-nht-ii\/","title":{"rendered":"Neuro-hidroterapie (NHT II)"},"content":{"rendered":"<p><div class=\"fusion-fullwidth fullwidth-box fusion-builder-row-1 fusion-flex-container has-pattern-background has-mask-background nonhundred-percent-fullwidth non-hundred-percent-height-scrolling\" style=\"--awb-border-radius-top-left:0px;--awb-border-radius-top-right:0px;--awb-border-radius-bottom-right:0px;--awb-border-radius-bottom-left:0px;--awb-padding-right:0px;--awb-padding-left:0px;--awb-flex-wrap:wrap;\" ><div class=\"fusion-builder-row fusion-row fusion-flex-align-items-flex-start fusion-flex-content-wrap\" style=\"max-width:1393.6px;margin-left: calc(-4% \/ 2 );margin-right: calc(-4% \/ 2 );\"><div class=\"fusion-layout-column fusion_builder_column fusion-builder-column-0 fusion_builder_column_1_1 1_1 fusion-flex-column\" style=\"--awb-bg-size:cover;--awb-width-large:100%;--awb-margin-top-large:0px;--awb-spacing-right-large:1.92%;--awb-margin-bottom-large:20px;--awb-spacing-left-large:1.92%;--awb-width-medium:100%;--awb-order-medium:0;--awb-spacing-right-medium:1.92%;--awb-spacing-left-medium:1.92%;--awb-width-small:100%;--awb-order-small:0;--awb-spacing-right-small:1.92%;--awb-spacing-left-small:1.92%;\"><div class=\"fusion-column-wrapper fusion-column-has-shadow fusion-flex-justify-content-flex-start fusion-content-layout-column\"><div class=\"fusion-image-element \" style=\"text-align:center;--awb-caption-title-font-family:var(--h2_typography-font-family);--awb-caption-title-font-weight:var(--h2_typography-font-weight);--awb-caption-title-font-style:var(--h2_typography-font-style);--awb-caption-title-size:var(--h2_typography-font-size);--awb-caption-title-transform:var(--h2_typography-text-transform);--awb-caption-title-line-height:var(--h2_typography-line-height);--awb-caption-title-letter-spacing:var(--h2_typography-letter-spacing);\"><span class=\" fusion-imageframe imageframe-none imageframe-1 hover-type-none\"><img decoding=\"async\" width=\"600\" height=\"438\" title=\"fejlesztesek NHT II\" src=\"https:\/\/bsjk.ro\/wp-content\/uploads\/2023\/03\/fejlesztesek-NHT-II.png\" data-orig-src=\"https:\/\/bsjk.ro\/wp-content\/uploads\/2023\/03\/fejlesztesek-NHT-II-600x438.png\" alt class=\"lazyload img-responsive wp-image-3674\" srcset=\"data:image\/svg+xml,%3Csvg%20xmlns%3D%27http%3A%2F%2Fwww.w3.org%2F2000%2Fsvg%27%20width%3D%271027%27%20height%3D%27750%27%20viewBox%3D%270%200%201027%20750%27%3E%3Crect%20width%3D%271027%27%20height%3D%27750%27%20fill-opacity%3D%220%22%2F%3E%3C%2Fsvg%3E\" data-srcset=\"https:\/\/bsjk.ro\/wp-content\/uploads\/2023\/03\/fejlesztesek-NHT-II-200x146.png 200w, https:\/\/bsjk.ro\/wp-content\/uploads\/2023\/03\/fejlesztesek-NHT-II-400x292.png 400w, https:\/\/bsjk.ro\/wp-content\/uploads\/2023\/03\/fejlesztesek-NHT-II-600x438.png 600w, https:\/\/bsjk.ro\/wp-content\/uploads\/2023\/03\/fejlesztesek-NHT-II-800x584.png 800w, https:\/\/bsjk.ro\/wp-content\/uploads\/2023\/03\/fejlesztesek-NHT-II.png 1027w\" data-sizes=\"auto\" data-orig-sizes=\"(max-width: 800px) 100vw, 600px\" \/><\/span><\/div><\/div><\/div><\/div><\/div><div class=\"fusion-fullwidth fullwidth-box fusion-builder-row-2 fusion-flex-container has-pattern-background has-mask-background nonhundred-percent-fullwidth non-hundred-percent-height-scrolling\" style=\"--awb-border-radius-top-left:0px;--awb-border-radius-top-right:0px;--awb-border-radius-bottom-right:0px;--awb-border-radius-bottom-left:0px;--awb-flex-wrap:wrap;\" ><div class=\"fusion-builder-row fusion-row fusion-flex-align-items-flex-start fusion-flex-content-wrap\" style=\"max-width:1393.6px;margin-left: calc(-4% \/ 2 );margin-right: calc(-4% \/ 2 );\"><div class=\"fusion-layout-column fusion_builder_column fusion-builder-column-1 fusion_builder_column_1_1 1_1 fusion-flex-column\" style=\"--awb-bg-size:cover;--awb-width-large:100%;--awb-margin-top-large:0px;--awb-spacing-right-large:1.92%;--awb-margin-bottom-large:20px;--awb-spacing-left-large:1.92%;--awb-width-medium:100%;--awb-order-medium:0;--awb-spacing-right-medium:1.92%;--awb-spacing-left-medium:1.92%;--awb-width-small:100%;--awb-order-small:0;--awb-spacing-right-small:1.92%;--awb-spacing-left-small:1.92%;\"><div class=\"fusion-column-wrapper fusion-column-has-shadow fusion-flex-justify-content-flex-start fusion-content-layout-column\"><div class=\"fusion-text fusion-text-1\"><div class=\"the_content_wrapper\">\n<h4 class=\"title-heading-center\">Neuro-hidroterapie (NHT II)<\/h4>\n<p>Metoda NHT a fost dezvoltat\u0103 de c\u0103tre un pediatru, Dr. Schultheisz Judit, \u00een 1986-\u0219i este considerat ca o metod\u0103 de baz\u0103 a interven\u021biei timpurii recunoscut\u0103 la nivel international.<\/p>\n<p>Este continuarea versiunii precoce, indicat de la v\u00e2rsta de 5 luni, aproxmimativ p\u00e2n\u0103 la v\u00e2rsta de un an-un an jumate (sau p\u00e2n\u0103 la apari\u021bia mersului individual). Copilul fiind deja mai m\u0103ri\u0219or, activitatea se va desf\u0103\u0219ura intr-o piscin\u0103 &#8211; astfel av\u00e2nd posibilitatea efectu\u0103rii unei game mai largi de exerci\u021bii (datorit\u0103 spa\u021biului extins fa\u021b\u0103 de van\u0103 \u0219i echipamentelor folosite).<\/p>\n<p>Astfel micu\u021bii vor avea posibilitatea de a exersa in situa\u021bii variate mi\u0219c\u0103rile de baz\u0103, variabilitatea exerci\u021biilor \u0219i a stimulilor. Apa este un stimul intens \u0219i are diverse efecte fizice, chimice \u0219i psihice, aduc\u00e2nd un surplus valoros pentru copii, stimuleaz\u0103 mi\u0219c\u0103rile lor, ajut\u0103 la dezvoltarea reac\u021biilor de echilibru respectiv a integr\u0103rii senzoriale a diver\u0219ilor stimuli..<\/p>\n<p>Se practic\u0103 at\u00e2t individual, c\u00e2t \u0219i \u00een grup \u2013 cea de-a doua form\u0103 fiind foarte benefic\u0103 pentru dezvoltarea abilit\u0103\u021bilor sociale \u0219i rela\u021bion\u0103rii interpersonale, at\u00e2t pentru cei mici, c\u00e2t \u0219i pentru p\u0103rin\u021bii lor.<\/p>\n<p>\u00cen individual se lucreaz\u0103 doar dac\u0103 acesta este foarte indicat, forma de grup oferind mult mai multe posibilit\u0103\u021bi pentru dezvoltare.<\/p>\n<p>Pentru bebelu\u0219ii cu o dezvoltare echilibrat\u0103, poate fi aplicat\u0103 ca \u0219i o activitate \u00een ap\u0103, \u201do \u0219edin\u021b\u0103 de \u00eennot\u201d \u2013 fiind totu\u0219i mult mai mult. Pentru ei nu vor fi scopuri terapeutice, ci mai degrab\u0103 o activitate de mi\u0219care \u00een ap\u0103, benefic\u0103 din toate punctele de vedere pentru dezvoltarea lor global\u0103.<\/p>\n<p>\u00cen cazul micu\u021bilor cu diverse probleme, cu dezvoltare atipic\u0103, se va aplica cu scop \u0219i obiective terapeutice \u021bintite \u0219i personalizate pentru fiecare copil. Ajut\u0103 la dezvoltarea abilit\u0103\u021bilor motorii, stimuleaz\u0103 maturizarea sistemului nervos \u0219i diminueaz\u0103 simptomatologia afec\u021biunilor neuro-motorii.<\/p>\n<\/div>\n<\/div><\/div><\/div><\/div><\/div><\/p>\n","protected":false},"excerpt":{"rendered":"","protected":false},"author":2,"featured_media":0,"parent":3228,"menu_order":0,"comment_status":"closed","ping_status":"closed","template":"","meta":{"footnotes":""},"class_list":["post-2904","page","type-page","status-publish","hentry"],"_links":{"self":[{"href":"https:\/\/bsjk.ro\/ro\/wp-json\/wp\/v2\/pages\/2904","targetHints":{"allow":["GET"]}}],"collection":[{"href":"https:\/\/bsjk.ro\/ro\/wp-json\/wp\/v2\/pages"}],"about":[{"href":"https:\/\/bsjk.ro\/ro\/wp-json\/wp\/v2\/types\/page"}],"author":[{"embeddable":true,"href":"https:\/\/bsjk.ro\/ro\/wp-json\/wp\/v2\/users\/2"}],"replies":[{"embeddable":true,"href":"https:\/\/bsjk.ro\/ro\/wp-json\/wp\/v2\/comments?post=2904"}],"version-history":[{"count":14,"href":"https:\/\/bsjk.ro\/ro\/wp-json\/wp\/v2\/pages\/2904\/revisions"}],"predecessor-version":[{"id":5177,"href":"https:\/\/bsjk.ro\/ro\/wp-json\/wp\/v2\/pages\/2904\/revisions\/5177"}],"up":[{"embeddable":true,"href":"https:\/\/bsjk.ro\/ro\/wp-json\/wp\/v2\/pages\/3228"}],"wp:attachment":[{"href":"https:\/\/bsjk.ro\/ro\/wp-json\/wp\/v2\/media?parent=2904"}],"curies":[{"name":"wp","href":"https:\/\/api.w.org\/{rel}","templated":true}]}}