{"id":2907,"date":"2022-09-30T15:47:28","date_gmt":"2022-09-30T12:47:28","guid":{"rendered":"https:\/\/bsjk.ro\/hidroterapie-in-grup\/"},"modified":"2024-02-19T17:15:25","modified_gmt":"2024-02-19T14:15:25","slug":"hidroterapie-in-grup","status":"publish","type":"page","link":"https:\/\/bsjk.ro\/ro\/dezvoltari\/hidroterapie-in-grup\/","title":{"rendered":"Hidroterapie \u00een grup"},"content":{"rendered":"<p><div class=\"fusion-fullwidth fullwidth-box fusion-builder-row-1 fusion-flex-container has-pattern-background has-mask-background nonhundred-percent-fullwidth non-hundred-percent-height-scrolling\" style=\"--awb-border-radius-top-left:0px;--awb-border-radius-top-right:0px;--awb-border-radius-bottom-right:0px;--awb-border-radius-bottom-left:0px;--awb-padding-right:0px;--awb-padding-left:0px;--awb-flex-wrap:wrap;\" ><div class=\"fusion-builder-row fusion-row fusion-flex-align-items-flex-start fusion-flex-content-wrap\" style=\"max-width:1393.6px;margin-left: calc(-4% \/ 2 );margin-right: calc(-4% \/ 2 );\"><div class=\"fusion-layout-column fusion_builder_column fusion-builder-column-0 fusion_builder_column_1_1 1_1 fusion-flex-column\" style=\"--awb-bg-size:cover;--awb-width-large:100%;--awb-margin-top-large:0px;--awb-spacing-right-large:1.92%;--awb-margin-bottom-large:20px;--awb-spacing-left-large:1.92%;--awb-width-medium:100%;--awb-order-medium:0;--awb-spacing-right-medium:1.92%;--awb-spacing-left-medium:1.92%;--awb-width-small:100%;--awb-order-small:0;--awb-spacing-right-small:1.92%;--awb-spacing-left-small:1.92%;\"><div class=\"fusion-column-wrapper fusion-column-has-shadow fusion-flex-justify-content-flex-start fusion-content-layout-column\"><div class=\"fusion-image-element \" style=\"text-align:center;--awb-caption-title-font-family:var(--h2_typography-font-family);--awb-caption-title-font-weight:var(--h2_typography-font-weight);--awb-caption-title-font-style:var(--h2_typography-font-style);--awb-caption-title-size:var(--h2_typography-font-size);--awb-caption-title-transform:var(--h2_typography-text-transform);--awb-caption-title-line-height:var(--h2_typography-line-height);--awb-caption-title-letter-spacing:var(--h2_typography-letter-spacing);\"><span class=\" fusion-imageframe imageframe-none imageframe-1 hover-type-none\"><img decoding=\"async\" width=\"600\" height=\"400\" title=\"fejlesztesek HRG\" src=\"https:\/\/bsjk.ro\/wp-content\/uploads\/2023\/03\/fejlesztesek-HRG-scaled.jpg\" data-orig-src=\"https:\/\/bsjk.ro\/wp-content\/uploads\/2023\/03\/fejlesztesek-HRG-600x400.jpg\" alt class=\"lazyload img-responsive wp-image-3696\" srcset=\"data:image\/svg+xml,%3Csvg%20xmlns%3D%27http%3A%2F%2Fwww.w3.org%2F2000%2Fsvg%27%20width%3D%272560%27%20height%3D%271707%27%20viewBox%3D%270%200%202560%201707%27%3E%3Crect%20width%3D%272560%27%20height%3D%271707%27%20fill-opacity%3D%220%22%2F%3E%3C%2Fsvg%3E\" data-srcset=\"https:\/\/bsjk.ro\/wp-content\/uploads\/2023\/03\/fejlesztesek-HRG-200x133.jpg 200w, https:\/\/bsjk.ro\/wp-content\/uploads\/2023\/03\/fejlesztesek-HRG-400x267.jpg 400w, https:\/\/bsjk.ro\/wp-content\/uploads\/2023\/03\/fejlesztesek-HRG-600x400.jpg 600w, https:\/\/bsjk.ro\/wp-content\/uploads\/2023\/03\/fejlesztesek-HRG-800x533.jpg 800w, https:\/\/bsjk.ro\/wp-content\/uploads\/2023\/03\/fejlesztesek-HRG-1200x800.jpg 1200w\" data-sizes=\"auto\" data-orig-sizes=\"(max-width: 800px) 100vw, 600px\" \/><\/span><\/div><\/div><\/div><\/div><\/div><div class=\"fusion-fullwidth fullwidth-box fusion-builder-row-2 fusion-flex-container has-pattern-background has-mask-background nonhundred-percent-fullwidth non-hundred-percent-height-scrolling\" style=\"--awb-border-radius-top-left:0px;--awb-border-radius-top-right:0px;--awb-border-radius-bottom-right:0px;--awb-border-radius-bottom-left:0px;--awb-flex-wrap:wrap;\" ><div class=\"fusion-builder-row fusion-row fusion-flex-align-items-flex-start fusion-flex-content-wrap\" style=\"max-width:1393.6px;margin-left: calc(-4% \/ 2 );margin-right: calc(-4% \/ 2 );\"><div class=\"fusion-layout-column fusion_builder_column fusion-builder-column-1 fusion_builder_column_1_1 1_1 fusion-flex-column\" style=\"--awb-bg-size:cover;--awb-width-large:100%;--awb-margin-top-large:0px;--awb-spacing-right-large:1.92%;--awb-margin-bottom-large:20px;--awb-spacing-left-large:1.92%;--awb-width-medium:100%;--awb-order-medium:0;--awb-spacing-right-medium:1.92%;--awb-spacing-left-medium:1.92%;--awb-width-small:100%;--awb-order-small:0;--awb-spacing-right-small:1.92%;--awb-spacing-left-small:1.92%;\"><div class=\"fusion-column-wrapper fusion-column-has-shadow fusion-flex-justify-content-flex-start fusion-content-layout-column\"><div class=\"fusion-text fusion-text-1\"><div class=\"the_content_wrapper\">\n<h4 class=\"title-heading-center\">Hidroterapie \u00een grup<\/h4>\n<p>Aceast\u0103 form\u0103 de terapie este auxiliar\u0103 terapiei senzorio-motorii TSMT, are un efect pozitiv asupra sistemului nervos central, care este semnificativ diferit fa\u021b\u0103 de mi\u0219c\u0103rile aplicate \u00een terapiile generale. <span style=\"color: var(--awb-text-color); font-family: var(--awb-text-font-family); font-size: var(--awb-font-size); font-style: var(--awb-text-font-style); font-weight: var(--awb-text-font-weight); letter-spacing: var(--awb-letter-spacing); text-align: var(--awb-content-alignment); text-transform: var(--awb-text-transform); background-color: var(--awb-bg-color);\">Realizarea exerci\u021biilor \u00een ap\u0103 influen\u021beaz\u0103 dezvoltarea abilit\u0103\u021bilor motorii, senzoriale \u0219i contribuie la corectarea comportamentului neadecvat. Terapiile se aplic\u0103 \u00een grupuri mici, \u00eentr-o piscin\u0103 av\u00e2nd temperatura apei \u00eentre 30-32 de grade.<\/span><\/p>\n<p>Pe parcursul terapiei este necesar\u0103 implicarea activ\u0103 a unui p\u0103rinte. Copiii sunt motiva\u021bi cu diferite juc\u0103rii \u0219i instrumente specifice care le dau satisfac\u021bie.<\/p>\n<p>Obiectivele secundare ale terapiei- pe l\u00e2ng\u0103 dezvoltarea motricit\u0103\u021bii \u0219i a echilibrului- sunt: \u00eenbun\u0103t\u0103\u021birea colabor\u0103rii active, dezvoltarea aten\u021biei \u0219i a abilit\u0103\u021bilor precognitive \u0219i cognitive. Metoda nu se folose\u0219te pentru a \u00eenv\u0103\u021ba mi\u0219c\u0103rile de \u00eenot.<\/p>\n<p>Acest tip de terapie se utilizeaz\u0103 \u0219i \u00een scop preventiv. Se poate aplica la copii s\u0103n\u0103to\u0219i, f\u0103r\u0103 deficien\u021be.<\/p>\n<p>La copiii cu \u00eent\u00e2rzieri \u00een dezvoltare dovedite, terapia se utilizeaz\u0103 numai \u00eempreun\u0103 cu alte interven\u021bii adresate afec\u021biunii copilului.<\/p>\n<p>Simptomele pentru care se recomand\u0103 cel mai frecvent terapia:<\/p>\n<ul>\n<li>\u00cent\u00e2rziere psihomotorie, imaturitate a sistemului nervos central<\/li>\n<li>Deficit de aten\u021bie, probleme de comportament<\/li>\n<li>Probleme la \u00eensu\u0219irea abilit\u0103\u021bilor cognitive<\/li>\n<li>Afec\u021biuni neurologice, genetice<\/li>\n<li>Afec\u021biuni musculoscheletale, tulbur\u0103ri de spectru autist<\/li>\n<\/ul>\n<\/div>\n<\/div><\/div><\/div><\/div><\/div><\/p>\n","protected":false},"excerpt":{"rendered":"","protected":false},"author":2,"featured_media":0,"parent":3228,"menu_order":0,"comment_status":"closed","ping_status":"closed","template":"","meta":{"footnotes":""},"class_list":["post-2907","page","type-page","status-publish","hentry"],"_links":{"self":[{"href":"https:\/\/bsjk.ro\/ro\/wp-json\/wp\/v2\/pages\/2907","targetHints":{"allow":["GET"]}}],"collection":[{"href":"https:\/\/bsjk.ro\/ro\/wp-json\/wp\/v2\/pages"}],"about":[{"href":"https:\/\/bsjk.ro\/ro\/wp-json\/wp\/v2\/types\/page"}],"author":[{"embeddable":true,"href":"https:\/\/bsjk.ro\/ro\/wp-json\/wp\/v2\/users\/2"}],"replies":[{"embeddable":true,"href":"https:\/\/bsjk.ro\/ro\/wp-json\/wp\/v2\/comments?post=2907"}],"version-history":[{"count":27,"href":"https:\/\/bsjk.ro\/ro\/wp-json\/wp\/v2\/pages\/2907\/revisions"}],"predecessor-version":[{"id":5183,"href":"https:\/\/bsjk.ro\/ro\/wp-json\/wp\/v2\/pages\/2907\/revisions\/5183"}],"up":[{"embeddable":true,"href":"https:\/\/bsjk.ro\/ro\/wp-json\/wp\/v2\/pages\/3228"}],"wp:attachment":[{"href":"https:\/\/bsjk.ro\/ro\/wp-json\/wp\/v2\/media?parent=2907"}],"curies":[{"name":"wp","href":"https:\/\/api.w.org\/{rel}","templated":true}]}}