{"id":2942,"date":"2023-01-20T16:51:41","date_gmt":"2023-01-20T13:51:41","guid":{"rendered":"https:\/\/bsjk.ro\/hidrokinetoterapia\/"},"modified":"2024-02-13T11:45:28","modified_gmt":"2024-02-13T08:45:28","slug":"hidrokinetoterapia","status":"publish","type":"page","link":"https:\/\/bsjk.ro\/ro\/dezvoltari\/hidrokinetoterapia\/","title":{"rendered":"Hidrokinetoterapia"},"content":{"rendered":"<p><div class=\"fusion-fullwidth fullwidth-box fusion-builder-row-1 fusion-flex-container has-pattern-background has-mask-background nonhundred-percent-fullwidth non-hundred-percent-height-scrolling\" style=\"--awb-border-radius-top-left:0px;--awb-border-radius-top-right:0px;--awb-border-radius-bottom-right:0px;--awb-border-radius-bottom-left:0px;--awb-flex-wrap:wrap;\" ><div class=\"fusion-builder-row fusion-row fusion-flex-align-items-flex-start fusion-flex-content-wrap\" style=\"max-width:1393.6px;margin-left: calc(-4% \/ 2 );margin-right: calc(-4% \/ 2 );\"><div class=\"fusion-layout-column fusion_builder_column fusion-builder-column-0 fusion_builder_column_1_1 1_1 fusion-flex-column\" style=\"--awb-bg-size:cover;--awb-width-large:100%;--awb-margin-top-large:0px;--awb-spacing-right-large:1.92%;--awb-margin-bottom-large:20px;--awb-spacing-left-large:1.92%;--awb-width-medium:100%;--awb-order-medium:0;--awb-spacing-right-medium:1.92%;--awb-spacing-left-medium:1.92%;--awb-width-small:100%;--awb-order-small:0;--awb-spacing-right-small:1.92%;--awb-spacing-left-small:1.92%;\"><div class=\"fusion-column-wrapper fusion-column-has-shadow fusion-flex-justify-content-flex-start fusion-content-layout-column\"><div class=\"fusion-image-element \" style=\"text-align:center;--awb-caption-title-font-family:var(--h2_typography-font-family);--awb-caption-title-font-weight:var(--h2_typography-font-weight);--awb-caption-title-font-style:var(--h2_typography-font-style);--awb-caption-title-size:var(--h2_typography-font-size);--awb-caption-title-transform:var(--h2_typography-text-transform);--awb-caption-title-line-height:var(--h2_typography-line-height);--awb-caption-title-letter-spacing:var(--h2_typography-letter-spacing);\"><span class=\" fusion-imageframe imageframe-none imageframe-1 hover-type-none\"><img decoding=\"async\" width=\"600\" height=\"400\" title=\"fejlesztesek HRG\" src=\"https:\/\/bsjk.ro\/wp-content\/uploads\/2023\/03\/fejlesztesek-HRG-scaled.jpg\" data-orig-src=\"https:\/\/bsjk.ro\/wp-content\/uploads\/2023\/03\/fejlesztesek-HRG-600x400.jpg\" alt class=\"lazyload img-responsive wp-image-3696\" srcset=\"data:image\/svg+xml,%3Csvg%20xmlns%3D%27http%3A%2F%2Fwww.w3.org%2F2000%2Fsvg%27%20width%3D%272560%27%20height%3D%271707%27%20viewBox%3D%270%200%202560%201707%27%3E%3Crect%20width%3D%272560%27%20height%3D%271707%27%20fill-opacity%3D%220%22%2F%3E%3C%2Fsvg%3E\" data-srcset=\"https:\/\/bsjk.ro\/wp-content\/uploads\/2023\/03\/fejlesztesek-HRG-200x133.jpg 200w, https:\/\/bsjk.ro\/wp-content\/uploads\/2023\/03\/fejlesztesek-HRG-400x267.jpg 400w, https:\/\/bsjk.ro\/wp-content\/uploads\/2023\/03\/fejlesztesek-HRG-600x400.jpg 600w, https:\/\/bsjk.ro\/wp-content\/uploads\/2023\/03\/fejlesztesek-HRG-800x533.jpg 800w, https:\/\/bsjk.ro\/wp-content\/uploads\/2023\/03\/fejlesztesek-HRG-1200x800.jpg 1200w\" data-sizes=\"auto\" data-orig-sizes=\"(max-width: 800px) 100vw, 600px\" \/><\/span><\/div><\/div><\/div><\/div><\/div><div class=\"fusion-fullwidth fullwidth-box fusion-builder-row-2 fusion-flex-container has-pattern-background has-mask-background nonhundred-percent-fullwidth non-hundred-percent-height-scrolling\" style=\"--awb-border-radius-top-left:0px;--awb-border-radius-top-right:0px;--awb-border-radius-bottom-right:0px;--awb-border-radius-bottom-left:0px;--awb-flex-wrap:wrap;\" ><div class=\"fusion-builder-row fusion-row fusion-flex-align-items-flex-start fusion-flex-content-wrap\" style=\"max-width:1393.6px;margin-left: calc(-4% \/ 2 );margin-right: calc(-4% \/ 2 );\"><div class=\"fusion-layout-column fusion_builder_column fusion-builder-column-1 fusion_builder_column_1_1 1_1 fusion-flex-column\" style=\"--awb-bg-size:cover;--awb-width-large:100%;--awb-margin-top-large:0px;--awb-spacing-right-large:1.92%;--awb-margin-bottom-large:20px;--awb-spacing-left-large:1.92%;--awb-width-medium:100%;--awb-order-medium:0;--awb-spacing-right-medium:1.92%;--awb-spacing-left-medium:1.92%;--awb-width-small:100%;--awb-order-small:0;--awb-spacing-right-small:1.92%;--awb-spacing-left-small:1.92%;\"><div class=\"fusion-column-wrapper fusion-column-has-shadow fusion-flex-justify-content-flex-start fusion-content-layout-column\"><div class=\"fusion-text fusion-text-1\"><div class=\"the_content_wrapper\">\n<h4>Hidrokinetoterapia<\/h4>\n<p>Kinetoterapia este cea mai veche form\u0103 de terapie utilizat\u0103 at\u00e2t \u00een profilaxie, c\u00e2t \u0219i \u00een reabilitare. Este o tehnic\u0103 de reabilitare conservativ\u0103, fiind util\u0103 \u00een prevenirea \u0219i reabilitarea afec\u021biunilor locomotorii, neurologice etc. Este important ca aceast\u0103 terapie s\u0103 fie precedat\u0103 de o consulta\u021bie f\u0103cut\u0103 de c\u0103tre un medic specialist, pentru a avea o imagine complex\u0103 despre starea de s\u0103n\u0103tate a pacientului.<\/p>\n<p>Obiectivele tratamentului sunt: ameliorarea durerii, \u00eembun\u0103t\u0103\u021birea mi\u0219c\u0103rilor articulare, corectarea posturii, normalizarea tonusului muscular, cre\u0219terea for\u021bei musculare \u0219i capacit\u0103\u021bii de men\u021binere a echilibrului.<\/p>\n<p>\u00cen cursul tratamentului, pacien\u021bii pot \u00eenv\u0103\u021ba o serie de exerci\u021bii cu ajutorul c\u0103rora pot sc\u0103pa de nepl\u0103cerile cauzate de boal\u0103, iar prin practicarea lor consecvent\u0103 pot beneficia \u0219i de un stil de via\u021b\u0103 mai s\u0103n\u0103tos.<\/p>\n<p>\u00cen cadrul kinetoterapiei putem folosi mai multe tehnici a c\u0103ror utilizare depinde de problemele individului, iar v\u00e2rsta, scopul tratamentului, capacitatea \u0219i starea pacientului au un rol foarte important \u00een alegerea tehnicii potrivite.<\/p>\n<p>O form\u0103 special\u0103 a kinetoterapiei este hidrokinetoterapia, care pe l\u00e2ng\u0103 efectele benefice sus men\u021bionate acumuleay\u0103 \u0219i acele efecte benefice secundare, care rezult\u0103 datorit\u0103 mediului acvatic.<\/p>\n<p>Datorit\u0103 faptului c\u0103 apa este un stimul intens \u0219i are diverse efecte fizice, chimice \u0219i psihice, aceast\u0103 metod\u0103 aduce un surplus valoros \u2013 stimuleaz\u0103 sistemul muscular \u0219i aparatul locomotor. Pentru cre\u0219terea eficien\u021bei, kinetoterapia poate fi utilizat\u0103 \u00eempreun\u0103 cu alte tipuri de terapie prin mi\u0219care,<\/p>\n<p>folosind adesea diferite aparate sau instrumente speciale, care integrate \u00een procesul de vindecare pot \u00eembun\u0103t\u0103\u021bi starea de s\u0103n\u0103tate a individului.<\/p>\n<\/div>\n<\/div><\/div><\/div><\/div><\/div><\/p>\n","protected":false},"excerpt":{"rendered":"","protected":false},"author":2,"featured_media":0,"parent":3228,"menu_order":0,"comment_status":"closed","ping_status":"closed","template":"","meta":{"footnotes":""},"class_list":["post-2942","page","type-page","status-publish","hentry"],"_links":{"self":[{"href":"https:\/\/bsjk.ro\/ro\/wp-json\/wp\/v2\/pages\/2942","targetHints":{"allow":["GET"]}}],"collection":[{"href":"https:\/\/bsjk.ro\/ro\/wp-json\/wp\/v2\/pages"}],"about":[{"href":"https:\/\/bsjk.ro\/ro\/wp-json\/wp\/v2\/types\/page"}],"author":[{"embeddable":true,"href":"https:\/\/bsjk.ro\/ro\/wp-json\/wp\/v2\/users\/2"}],"replies":[{"embeddable":true,"href":"https:\/\/bsjk.ro\/ro\/wp-json\/wp\/v2\/comments?post=2942"}],"version-history":[{"count":4,"href":"https:\/\/bsjk.ro\/ro\/wp-json\/wp\/v2\/pages\/2942\/revisions"}],"predecessor-version":[{"id":4930,"href":"https:\/\/bsjk.ro\/ro\/wp-json\/wp\/v2\/pages\/2942\/revisions\/4930"}],"up":[{"embeddable":true,"href":"https:\/\/bsjk.ro\/ro\/wp-json\/wp\/v2\/pages\/3228"}],"wp:attachment":[{"href":"https:\/\/bsjk.ro\/ro\/wp-json\/wp\/v2\/media?parent=2942"}],"curies":[{"name":"wp","href":"https:\/\/api.w.org\/{rel}","templated":true}]}}