{"id":2949,"date":"2023-01-20T16:57:42","date_gmt":"2023-01-20T13:57:42","guid":{"rendered":"https:\/\/bsjk.ro\/consiliere-psihologica\/"},"modified":"2024-02-19T17:16:43","modified_gmt":"2024-02-19T14:16:43","slug":"consiliere-psihologica","status":"publish","type":"page","link":"https:\/\/bsjk.ro\/ro\/dezvoltari\/consiliere-psihologica\/","title":{"rendered":"Consiliere psihologic\u0103"},"content":{"rendered":"<p><div class=\"fusion-fullwidth fullwidth-box fusion-builder-row-1 fusion-flex-container has-pattern-background has-mask-background nonhundred-percent-fullwidth non-hundred-percent-height-scrolling\" style=\"--awb-border-radius-top-left:0px;--awb-border-radius-top-right:0px;--awb-border-radius-bottom-right:0px;--awb-border-radius-bottom-left:0px;--awb-padding-right:0px;--awb-padding-left:0px;--awb-flex-wrap:wrap;\" ><div class=\"fusion-builder-row fusion-row fusion-flex-align-items-flex-start fusion-flex-content-wrap\" style=\"max-width:1393.6px;margin-left: calc(-4% \/ 2 );margin-right: calc(-4% \/ 2 );\"><div class=\"fusion-layout-column fusion_builder_column fusion-builder-column-0 fusion_builder_column_1_1 1_1 fusion-flex-column\" style=\"--awb-bg-size:cover;--awb-width-large:100%;--awb-margin-top-large:0px;--awb-spacing-right-large:1.92%;--awb-margin-bottom-large:20px;--awb-spacing-left-large:1.92%;--awb-width-medium:100%;--awb-order-medium:0;--awb-spacing-right-medium:1.92%;--awb-spacing-left-medium:1.92%;--awb-width-small:100%;--awb-order-small:0;--awb-spacing-right-small:1.92%;--awb-spacing-left-small:1.92%;\"><div class=\"fusion-column-wrapper fusion-column-has-shadow fusion-flex-justify-content-flex-start fusion-content-layout-column\"><div class=\"fusion-image-element \" style=\"text-align:center;--awb-caption-title-font-family:var(--h2_typography-font-family);--awb-caption-title-font-weight:var(--h2_typography-font-weight);--awb-caption-title-font-style:var(--h2_typography-font-style);--awb-caption-title-size:var(--h2_typography-font-size);--awb-caption-title-transform:var(--h2_typography-text-transform);--awb-caption-title-line-height:var(--h2_typography-line-height);--awb-caption-title-letter-spacing:var(--h2_typography-letter-spacing);\"><span class=\" fusion-imageframe imageframe-none imageframe-1 hover-type-none\"><img decoding=\"async\" width=\"600\" height=\"450\" title=\"fejlesztesek pszichologiai tanacsadas\" src=\"https:\/\/bsjk.ro\/wp-content\/uploads\/2023\/04\/fejlesztesek-pszichologiai-tanacsadas.jpg\" data-orig-src=\"https:\/\/bsjk.ro\/wp-content\/uploads\/2023\/04\/fejlesztesek-pszichologiai-tanacsadas-600x450.jpg\" alt class=\"lazyload img-responsive wp-image-4024\" srcset=\"data:image\/svg+xml,%3Csvg%20xmlns%3D%27http%3A%2F%2Fwww.w3.org%2F2000%2Fsvg%27%20width%3D%271200%27%20height%3D%27900%27%20viewBox%3D%270%200%201200%20900%27%3E%3Crect%20width%3D%271200%27%20height%3D%27900%27%20fill-opacity%3D%220%22%2F%3E%3C%2Fsvg%3E\" data-srcset=\"https:\/\/bsjk.ro\/wp-content\/uploads\/2023\/04\/fejlesztesek-pszichologiai-tanacsadas-200x150.jpg 200w, https:\/\/bsjk.ro\/wp-content\/uploads\/2023\/04\/fejlesztesek-pszichologiai-tanacsadas-400x300.jpg 400w, https:\/\/bsjk.ro\/wp-content\/uploads\/2023\/04\/fejlesztesek-pszichologiai-tanacsadas-600x450.jpg 600w, https:\/\/bsjk.ro\/wp-content\/uploads\/2023\/04\/fejlesztesek-pszichologiai-tanacsadas-800x600.jpg 800w, https:\/\/bsjk.ro\/wp-content\/uploads\/2023\/04\/fejlesztesek-pszichologiai-tanacsadas.jpg 1200w\" data-sizes=\"auto\" data-orig-sizes=\"(max-width: 800px) 100vw, 600px\" \/><\/span><\/div><\/div><\/div><\/div><\/div><div class=\"fusion-fullwidth fullwidth-box fusion-builder-row-2 fusion-flex-container has-pattern-background has-mask-background nonhundred-percent-fullwidth non-hundred-percent-height-scrolling\" style=\"--awb-border-radius-top-left:0px;--awb-border-radius-top-right:0px;--awb-border-radius-bottom-right:0px;--awb-border-radius-bottom-left:0px;--awb-flex-wrap:wrap;\" ><div class=\"fusion-builder-row fusion-row fusion-flex-align-items-flex-start fusion-flex-content-wrap\" style=\"max-width:1393.6px;margin-left: calc(-4% \/ 2 );margin-right: calc(-4% \/ 2 );\"><div class=\"fusion-layout-column fusion_builder_column fusion-builder-column-1 fusion_builder_column_1_1 1_1 fusion-flex-column\" style=\"--awb-bg-size:cover;--awb-width-large:100%;--awb-margin-top-large:0px;--awb-spacing-right-large:1.92%;--awb-margin-bottom-large:20px;--awb-spacing-left-large:1.92%;--awb-width-medium:100%;--awb-order-medium:0;--awb-spacing-right-medium:1.92%;--awb-spacing-left-medium:1.92%;--awb-width-small:100%;--awb-order-small:0;--awb-spacing-right-small:1.92%;--awb-spacing-left-small:1.92%;\"><div class=\"fusion-column-wrapper fusion-column-has-shadow fusion-flex-justify-content-flex-start fusion-content-layout-column\"><div class=\"fusion-text fusion-text-1\"><div class=\"the_content_wrapper\">\n<h4>Consiliere psihologic\u0103<\/h4>\n<p>Consilierea psihologic\u0103 este forma de interven\u021bie ai c\u0103rei beneficiar este \u00een general o persoan\u0103 apd din punct de vedere psihologic \u0219i mental, dar se confrunt\u0103 cu diverse probleme situa\u021bionale \u0219i crizele normale ale etapelor vie\u021bii.<\/p>\n<p>Care sunt aceste tipuri de probleme?<\/p>\n<p>Problemele situa\u021bionale sunt acele probleme, care rezult\u0103 dintr-o situa\u021bie actual\u0103 de via\u021b\u0103, care \u00een sine reprezint\u0103 o problem\u0103 major\u0103 pentru cel din cauz\u0103 \u0219i pentru rezolvarea c\u0103ruia individul nu dispune de resurse proprii, ex: probleme familiare, boal\u0103, doliu, adop\u021bie etc.<\/p>\n<p><span style=\"background-color: var(--awb-bg-color); color: var(--awb-text-color); font-family: var(--awb-text-font-family); font-size: var(--awb-font-size); font-style: var(--awb-text-font-style); font-weight: var(--awb-text-font-weight); letter-spacing: var(--awb-letter-spacing); text-align: var(--awb-content-alignment); text-transform: var(--awb-text-transform);\">Crizele normale a etapelor vie\u021bii sunt ni\u0219te situa\u021bii de criz\u0103 normale, care apar \u00een via\u021ba fiec\u0103ruia atunci c\u00e2nd trece de la o etap\u0103 de via\u021b\u0103 la alta, ex: na\u0219terea unui copil, adolescen\u021b\u0103, etapa criyelor de furie.<\/span><\/p>\n<p><span style=\"color: var(--awb-text-color); font-family: var(--awb-text-font-family); font-size: var(--awb-font-size); font-style: var(--awb-text-font-style); font-weight: var(--awb-text-font-weight); letter-spacing: var(--awb-letter-spacing); text-align: var(--awb-content-alignment); text-transform: var(--awb-text-transform); background-color: var(--awb-bg-color);\">Cu problemele asociate acestor situa\u021bii de via\u021b\u0103 fiecare se confrunt\u0103 \u00een mod diferit, unii pot avea nevoie de ajutor temporar pentru a trece peste ele.<\/span><\/p>\n<p><span style=\"color: var(--awb-text-color); font-family: var(--awb-text-font-family); font-size: var(--awb-font-size); font-style: var(--awb-text-font-style); font-weight: var(--awb-text-font-weight); letter-spacing: var(--awb-letter-spacing); text-align: var(--awb-content-alignment); text-transform: var(--awb-text-transform); background-color: var(--awb-bg-color);\">Consilierea psihologic\u0103 se axeaz\u0103 pe solu\u021bionarea acestor tipuri de probleme, astfel de caracter este o interven\u021bie de durat\u0103 scurt\u0103 sau medie, \u0219i se poate realiza cu partciparea copilului, c\u00e2nd metodele de abordare \u0219i de consiliere trebuie s\u0103 fie adecvate v\u00e2rstei copilului, deseori terapia prin joc, sau terapii specifice pentru copii, dar se poate realiya \u0219i cu participarea p\u0103rintelui, unde copilul este beneficiarul indirect al interven\u021biei.<\/span><\/p>\n<\/div>\n<\/div><\/div><\/div><\/div><\/div><\/p>\n","protected":false},"excerpt":{"rendered":"","protected":false},"author":2,"featured_media":0,"parent":3228,"menu_order":0,"comment_status":"closed","ping_status":"closed","template":"","meta":{"footnotes":""},"class_list":["post-2949","page","type-page","status-publish","hentry"],"_links":{"self":[{"href":"https:\/\/bsjk.ro\/ro\/wp-json\/wp\/v2\/pages\/2949","targetHints":{"allow":["GET"]}}],"collection":[{"href":"https:\/\/bsjk.ro\/ro\/wp-json\/wp\/v2\/pages"}],"about":[{"href":"https:\/\/bsjk.ro\/ro\/wp-json\/wp\/v2\/types\/page"}],"author":[{"embeddable":true,"href":"https:\/\/bsjk.ro\/ro\/wp-json\/wp\/v2\/users\/2"}],"replies":[{"embeddable":true,"href":"https:\/\/bsjk.ro\/ro\/wp-json\/wp\/v2\/comments?post=2949"}],"version-history":[{"count":15,"href":"https:\/\/bsjk.ro\/ro\/wp-json\/wp\/v2\/pages\/2949\/revisions"}],"predecessor-version":[{"id":5195,"href":"https:\/\/bsjk.ro\/ro\/wp-json\/wp\/v2\/pages\/2949\/revisions\/5195"}],"up":[{"embeddable":true,"href":"https:\/\/bsjk.ro\/ro\/wp-json\/wp\/v2\/pages\/3228"}],"wp:attachment":[{"href":"https:\/\/bsjk.ro\/ro\/wp-json\/wp\/v2\/media?parent=2949"}],"curies":[{"name":"wp","href":"https:\/\/api.w.org\/{rel}","templated":true}]}}