{"id":2960,"date":"2023-01-20T17:06:39","date_gmt":"2023-01-20T14:06:39","guid":{"rendered":"https:\/\/bsjk.ro\/consiliere-mama-bebe\/"},"modified":"2023-01-20T17:14:52","modified_gmt":"2023-01-20T14:14:52","slug":"consiliere-mama-bebe","status":"publish","type":"page","link":"https:\/\/bsjk.ro\/ro\/consiliere-mama-bebe\/","title":{"rendered":"Consiliere mama-bebe"},"content":{"rendered":"<p><div class=\"fusion-fullwidth fullwidth-box fusion-builder-row-1 fusion-flex-container has-pattern-background has-mask-background nonhundred-percent-fullwidth non-hundred-percent-height-scrolling\" style=\"--awb-border-radius-top-left:0px;--awb-border-radius-top-right:0px;--awb-border-radius-bottom-right:0px;--awb-border-radius-bottom-left:0px;--awb-flex-wrap:wrap;\" ><div class=\"fusion-builder-row fusion-row fusion-flex-align-items-flex-start fusion-flex-content-wrap\" style=\"max-width:1393.6px;margin-left: calc(-4% \/ 2 );margin-right: calc(-4% \/ 2 );\"><div class=\"fusion-layout-column fusion_builder_column fusion-builder-column-0 fusion_builder_column_1_1 1_1 fusion-flex-column\" style=\"--awb-bg-size:cover;--awb-width-large:100%;--awb-margin-top-large:0px;--awb-spacing-right-large:1.92%;--awb-margin-bottom-large:20px;--awb-spacing-left-large:1.92%;--awb-width-medium:100%;--awb-order-medium:0;--awb-spacing-right-medium:1.92%;--awb-spacing-left-medium:1.92%;--awb-width-small:100%;--awb-order-small:0;--awb-spacing-right-small:1.92%;--awb-spacing-left-small:1.92%;\"><div class=\"fusion-column-wrapper fusion-column-has-shadow fusion-flex-justify-content-flex-start fusion-content-layout-column\"><div class=\"fusion-image-element \" style=\"text-align:center;--awb-caption-title-font-family:var(--h2_typography-font-family);--awb-caption-title-font-weight:var(--h2_typography-font-weight);--awb-caption-title-font-style:var(--h2_typography-font-style);--awb-caption-title-size:var(--h2_typography-font-size);--awb-caption-title-transform:var(--h2_typography-text-transform);--awb-caption-title-line-height:var(--h2_typography-line-height);--awb-caption-title-letter-spacing:var(--h2_typography-letter-spacing);\"><span class=\" fusion-imageframe imageframe-none imageframe-1 hover-type-none\"><img decoding=\"async\" width=\"960\" height=\"384\" title=\"a\u0301ltalnos-fehe\u0301r\" src=\"https:\/\/bsjk.ro\/wp-content\/uploads\/2022\/08\/a\u0301ltalnos-fehe\u0301r.jpeg\" data-orig-src=\"https:\/\/bsjk.ro\/wp-content\/uploads\/2022\/08\/a\u0301ltalnos-fehe\u0301r.jpeg\" alt class=\"lazyload img-responsive wp-image-2407\" srcset=\"data:image\/svg+xml,%3Csvg%20xmlns%3D%27http%3A%2F%2Fwww.w3.org%2F2000%2Fsvg%27%20width%3D%27960%27%20height%3D%27384%27%20viewBox%3D%270%200%20960%20384%27%3E%3Crect%20width%3D%27960%27%20height%3D%27384%27%20fill-opacity%3D%220%22%2F%3E%3C%2Fsvg%3E\" data-srcset=\"https:\/\/bsjk.ro\/wp-content\/uploads\/2022\/08\/a\u0301ltalnos-fehe\u0301r-200x80.jpeg 200w, https:\/\/bsjk.ro\/wp-content\/uploads\/2022\/08\/a\u0301ltalnos-fehe\u0301r-400x160.jpeg 400w, https:\/\/bsjk.ro\/wp-content\/uploads\/2022\/08\/a\u0301ltalnos-fehe\u0301r-600x240.jpeg 600w, https:\/\/bsjk.ro\/wp-content\/uploads\/2022\/08\/a\u0301ltalnos-fehe\u0301r-800x320.jpeg 800w, https:\/\/bsjk.ro\/wp-content\/uploads\/2022\/08\/a\u0301ltalnos-fehe\u0301r.jpeg 960w\" data-sizes=\"auto\" data-orig-sizes=\"(max-width: 800px) 100vw, 960px\" \/><\/span><\/div><\/div><\/div><\/div><\/div><div class=\"fusion-fullwidth fullwidth-box fusion-builder-row-2 fusion-flex-container has-pattern-background has-mask-background nonhundred-percent-fullwidth non-hundred-percent-height-scrolling\" style=\"--awb-border-radius-top-left:0px;--awb-border-radius-top-right:0px;--awb-border-radius-bottom-right:0px;--awb-border-radius-bottom-left:0px;--awb-flex-wrap:wrap;\" ><div class=\"fusion-builder-row fusion-row fusion-flex-align-items-flex-start fusion-flex-content-wrap\" style=\"max-width:1393.6px;margin-left: calc(-4% \/ 2 );margin-right: calc(-4% \/ 2 );\"><div class=\"fusion-layout-column fusion_builder_column fusion-builder-column-1 fusion_builder_column_1_1 1_1 fusion-flex-column\" style=\"--awb-bg-size:cover;--awb-width-large:100%;--awb-margin-top-large:0px;--awb-spacing-right-large:1.92%;--awb-margin-bottom-large:20px;--awb-spacing-left-large:1.92%;--awb-width-medium:100%;--awb-order-medium:0;--awb-spacing-right-medium:1.92%;--awb-spacing-left-medium:1.92%;--awb-width-small:100%;--awb-order-small:0;--awb-spacing-right-small:1.92%;--awb-spacing-left-small:1.92%;\"><div class=\"fusion-column-wrapper fusion-column-has-shadow fusion-flex-justify-content-flex-start fusion-content-layout-column\"><div class=\"fusion-text fusion-text-1\"><div class=\"the_content_wrapper\">\n<h4>Consiliere mama-bebe<\/h4>\n<p>\u00cen zilele noastre \u00eent\u00e2lnim din ce \u00een ce mai des probleme de adaptare \u00een primi luni de via\u021b\u0103 a unui bebelus. Sunt numite probleme de adaptare acele probleme de comportament\/de regula\u021bie a copiilor mici, care cel mai des sunt \u00eent\u00e2lnite \u00een domeniul somnului, a pl\u00e2nsului excesiv \u0219i a nutri\u021biei. Ele apar ca porbleme ale somnului, probleme ale nutri\u021biei sau probleme de calmare a copiilor mici.<\/p>\n<p>Aceste probleme nu au cauz\u0103 medical\u0103, deci putem fi siguri, c\u0103 nu este vorba despre o boal\u0103 a c\u0103rui semn este aceast\u0103 problem\u0103 aparent\u0103, deci trebuie s\u0103 ne apuc\u0103m din alt punct de vedere \u00een solu\u021bionarea acestora.<\/p>\n<p>Aceste probleme de reglare a acestor comportamente \u00eempiedic\u0103 adaptarea normal\u0103 a bebelu\u0219ului\/copilului mic la mediu, turb\u00e2nd torodat\u0103 \u0219i via\u021ba familial\u0103.<\/p>\n<p>Este important de \u00een\u021beles \u00een cazul acestor probleme, c\u0103 disconfortul este nu numai pentru belelu\u0219, ci \u0219i pentru mediul lui \u0219i p\u0103rin\u021bii lui, astfel solu\u021bionarea acestora \u00eemplic\u0103 \u00eentregul sistem familiar. La v\u00e2rstele mai \u00eenaintate se pot ad\u0103uga la cele sus men\u021bionate problemele de separare, problemele de calmare \u00een cazul crizelor de furie, probelem de ata\u0219ament etc. Aceste se consult\u0103 printr-o metod\u0103 special\u0103 de consiliere, cu participarea bebelu\u0219ului \u0219i a p\u0103rintelui.<\/p>\n<\/div>\n<\/div><\/div><\/div><\/div><\/div><\/p>\n","protected":false},"excerpt":{"rendered":"","protected":false},"author":2,"featured_media":0,"parent":0,"menu_order":0,"comment_status":"closed","ping_status":"closed","template":"","meta":{"footnotes":""},"class_list":["post-2960","page","type-page","status-publish","hentry"],"_links":{"self":[{"href":"https:\/\/bsjk.ro\/ro\/wp-json\/wp\/v2\/pages\/2960","targetHints":{"allow":["GET"]}}],"collection":[{"href":"https:\/\/bsjk.ro\/ro\/wp-json\/wp\/v2\/pages"}],"about":[{"href":"https:\/\/bsjk.ro\/ro\/wp-json\/wp\/v2\/types\/page"}],"author":[{"embeddable":true,"href":"https:\/\/bsjk.ro\/ro\/wp-json\/wp\/v2\/users\/2"}],"replies":[{"embeddable":true,"href":"https:\/\/bsjk.ro\/ro\/wp-json\/wp\/v2\/comments?post=2960"}],"version-history":[{"count":5,"href":"https:\/\/bsjk.ro\/ro\/wp-json\/wp\/v2\/pages\/2960\/revisions"}],"predecessor-version":[{"id":2965,"href":"https:\/\/bsjk.ro\/ro\/wp-json\/wp\/v2\/pages\/2960\/revisions\/2965"}],"wp:attachment":[{"href":"https:\/\/bsjk.ro\/ro\/wp-json\/wp\/v2\/media?parent=2960"}],"curies":[{"name":"wp","href":"https:\/\/api.w.org\/{rel}","templated":true}]}}