{"id":2984,"date":"2023-01-23T15:37:34","date_gmt":"2023-01-23T12:37:34","guid":{"rendered":"https:\/\/bsjk.ro\/terapia-tridimensionala-schroth-2\/"},"modified":"2024-02-19T17:25:21","modified_gmt":"2024-02-19T14:25:21","slug":"terapia-tridimensionala-schroth-2","status":"publish","type":"page","link":"https:\/\/bsjk.ro\/ro\/servicii-de-reabilitare-pentru-adulti\/servicii-de-fizioterapie-pentru-adulti\/terapia-tridimensionala-schroth-2\/","title":{"rendered":"Terapia tridimensionala Schroth"},"content":{"rendered":"<p><div class=\"fusion-fullwidth fullwidth-box fusion-builder-row-1 fusion-flex-container has-pattern-background has-mask-background nonhundred-percent-fullwidth non-hundred-percent-height-scrolling\" style=\"--awb-border-radius-top-left:0px;--awb-border-radius-top-right:0px;--awb-border-radius-bottom-right:0px;--awb-border-radius-bottom-left:0px;--awb-padding-right:0px;--awb-padding-left:0px;--awb-flex-wrap:wrap;\" ><div class=\"fusion-builder-row fusion-row fusion-flex-align-items-flex-start fusion-flex-content-wrap\" style=\"max-width:1393.6px;margin-left: calc(-4% \/ 2 );margin-right: calc(-4% \/ 2 );\"><div class=\"fusion-layout-column fusion_builder_column fusion-builder-column-0 fusion_builder_column_1_1 1_1 fusion-flex-column\" style=\"--awb-bg-size:cover;--awb-width-large:100%;--awb-margin-top-large:0px;--awb-spacing-right-large:1.92%;--awb-margin-bottom-large:20px;--awb-spacing-left-large:1.92%;--awb-width-medium:100%;--awb-order-medium:0;--awb-spacing-right-medium:1.92%;--awb-spacing-left-medium:1.92%;--awb-width-small:100%;--awb-order-small:0;--awb-spacing-right-small:1.92%;--awb-spacing-left-small:1.92%;\"><div class=\"fusion-column-wrapper fusion-column-has-shadow fusion-flex-justify-content-flex-start fusion-content-layout-column\"><div class=\"fusion-image-element \" style=\"text-align:center;--awb-caption-title-font-family:var(--h2_typography-font-family);--awb-caption-title-font-weight:var(--h2_typography-font-weight);--awb-caption-title-font-style:var(--h2_typography-font-style);--awb-caption-title-size:var(--h2_typography-font-size);--awb-caption-title-transform:var(--h2_typography-text-transform);--awb-caption-title-line-height:var(--h2_typography-line-height);--awb-caption-title-letter-spacing:var(--h2_typography-letter-spacing);\"><span class=\" fusion-imageframe imageframe-none imageframe-1 hover-type-none\"><img decoding=\"async\" width=\"600\" height=\"400\" title=\"fejlesztesek Schroth 4\" src=\"https:\/\/bsjk.ro\/wp-content\/uploads\/2023\/03\/fejlesztesek-Schroth-4-scaled.jpg\" data-orig-src=\"https:\/\/bsjk.ro\/wp-content\/uploads\/2023\/03\/fejlesztesek-Schroth-4-600x400.jpg\" alt class=\"lazyload img-responsive wp-image-3686\" srcset=\"data:image\/svg+xml,%3Csvg%20xmlns%3D%27http%3A%2F%2Fwww.w3.org%2F2000%2Fsvg%27%20width%3D%272560%27%20height%3D%271707%27%20viewBox%3D%270%200%202560%201707%27%3E%3Crect%20width%3D%272560%27%20height%3D%271707%27%20fill-opacity%3D%220%22%2F%3E%3C%2Fsvg%3E\" data-srcset=\"https:\/\/bsjk.ro\/wp-content\/uploads\/2023\/03\/fejlesztesek-Schroth-4-200x133.jpg 200w, https:\/\/bsjk.ro\/wp-content\/uploads\/2023\/03\/fejlesztesek-Schroth-4-400x267.jpg 400w, https:\/\/bsjk.ro\/wp-content\/uploads\/2023\/03\/fejlesztesek-Schroth-4-600x400.jpg 600w, https:\/\/bsjk.ro\/wp-content\/uploads\/2023\/03\/fejlesztesek-Schroth-4-800x533.jpg 800w, https:\/\/bsjk.ro\/wp-content\/uploads\/2023\/03\/fejlesztesek-Schroth-4-1200x800.jpg 1200w\" data-sizes=\"auto\" data-orig-sizes=\"(max-width: 800px) 100vw, 600px\" \/><\/span><\/div><\/div><\/div><\/div><\/div><div class=\"fusion-fullwidth fullwidth-box fusion-builder-row-2 fusion-flex-container has-pattern-background has-mask-background nonhundred-percent-fullwidth non-hundred-percent-height-scrolling\" style=\"--awb-border-radius-top-left:0px;--awb-border-radius-top-right:0px;--awb-border-radius-bottom-right:0px;--awb-border-radius-bottom-left:0px;--awb-flex-wrap:wrap;\" ><div class=\"fusion-builder-row fusion-row fusion-flex-align-items-flex-start fusion-flex-content-wrap\" style=\"max-width:1393.6px;margin-left: calc(-4% \/ 2 );margin-right: calc(-4% \/ 2 );\"><div class=\"fusion-layout-column fusion_builder_column fusion-builder-column-1 fusion_builder_column_1_1 1_1 fusion-flex-column\" style=\"--awb-bg-size:cover;--awb-width-large:100%;--awb-margin-top-large:0px;--awb-spacing-right-large:1.92%;--awb-margin-bottom-large:20px;--awb-spacing-left-large:1.92%;--awb-width-medium:100%;--awb-order-medium:0;--awb-spacing-right-medium:1.92%;--awb-spacing-left-medium:1.92%;--awb-width-small:100%;--awb-order-small:0;--awb-spacing-right-small:1.92%;--awb-spacing-left-small:1.92%;\"><div class=\"fusion-column-wrapper fusion-column-has-shadow fusion-flex-justify-content-flex-start fusion-content-layout-column\"><div class=\"fusion-text fusion-text-1\"><div class=\"the_content_wrapper\">\n<h4>Terapia tridimensionala Schroth<\/h4>\n<p>Terapia tridimensional\u0103 a scoliozei prezint\u0103 tratamentul func\u021bional al scoliozei utiliz\u00e2nd metoda descoperit\u0103 de Katharina Schroth, ce difer\u0103 de celelalte metode cunoscute \u0219i utilizate \u00een tratarea scoliozei printr-o abordare cu totul nou\u0103 a corec\u021biei scoliozei. Terapia Schroth este indicat\u0103 ca tratament conservator \u00een cazul modific\u0103rilor de static\u0103 vertebral\u0103 (scolioz\u0103, hipercifoz\u0103, hiperlordoz\u0103, maladia Scheuermann, etc.) iar v\u00e2rsta minim\u0103 la care se poate \u00eencepe aceast\u0103 terapie este 7-8 ani. Scopul terapiei Schroth este \u00eendreptarea coloanei printr-o autoelonga\u021bie \u0219i derotarea vertebrelor prin respira\u021bie tridimensional\u0103, precum \u0219i tonifierea \u0219i stretchingul musculaturii \u00een pozi\u021bia maxim\u0103 corectiv\u0103.<\/p>\n<p>Avantajele acestei metode sunt:<\/p>\n<p>eficien\u021b\u0103 rapid\u0103 a terapiei, vizibil\u0103 \u00een doar c\u00e2teva s\u0103pt\u0103m\u00e2ni, \u00eenv\u0103\u021barea relativ rapid\u0103 a metodei, posibilitatea continu\u0103rii terapiei \u0219i la domiciliu cu supraveghere de specialitate s\u0103pt\u0103m\u00e2nal.<\/p>\n<p>Obiectivele metodei Schroth sunt: \u00cen plus fa\u021b\u0103 de exerci\u021biile specifice, pacientul \u00eenva\u021b\u0103, de asemenea, utilizarea corect\u0103 a posturilor de zi cu zi, reduc\u00e2nd astfel mi\u0219c\u0103rile \u0219i posturile gre\u0219ite care provoac\u0103 deform\u0103ri suplimentare \u0219i au un efect negativ asupra propriilor curbe.<\/p>\n<p>reducerea semnificativ\u0103 a curburilor, \u00eembun\u0103t\u0103\u021birea capacit\u0103\u021bii cardio-pulmonare, \u00eembun\u0103t\u0103\u021birea st\u0103rii psihice a pacientului, facilitarea corec\u021biei posturii asimetrice, ob\u021binerea unei imagini corporale optime.<\/p>\n<\/div>\n<\/div><\/div><\/div><\/div><\/div><\/p>\n","protected":false},"excerpt":{"rendered":"","protected":false},"author":2,"featured_media":0,"parent":3221,"menu_order":0,"comment_status":"closed","ping_status":"closed","template":"","meta":{"footnotes":""},"class_list":["post-2984","page","type-page","status-publish","hentry"],"_links":{"self":[{"href":"https:\/\/bsjk.ro\/ro\/wp-json\/wp\/v2\/pages\/2984","targetHints":{"allow":["GET"]}}],"collection":[{"href":"https:\/\/bsjk.ro\/ro\/wp-json\/wp\/v2\/pages"}],"about":[{"href":"https:\/\/bsjk.ro\/ro\/wp-json\/wp\/v2\/types\/page"}],"author":[{"embeddable":true,"href":"https:\/\/bsjk.ro\/ro\/wp-json\/wp\/v2\/users\/2"}],"replies":[{"embeddable":true,"href":"https:\/\/bsjk.ro\/ro\/wp-json\/wp\/v2\/comments?post=2984"}],"version-history":[{"count":22,"href":"https:\/\/bsjk.ro\/ro\/wp-json\/wp\/v2\/pages\/2984\/revisions"}],"predecessor-version":[{"id":5221,"href":"https:\/\/bsjk.ro\/ro\/wp-json\/wp\/v2\/pages\/2984\/revisions\/5221"}],"up":[{"embeddable":true,"href":"https:\/\/bsjk.ro\/ro\/wp-json\/wp\/v2\/pages\/3221"}],"wp:attachment":[{"href":"https:\/\/bsjk.ro\/ro\/wp-json\/wp\/v2\/media?parent=2984"}],"curies":[{"name":"wp","href":"https:\/\/api.w.org\/{rel}","templated":true}]}}