{"id":2998,"date":"2023-01-23T15:45:18","date_gmt":"2023-01-23T12:45:18","guid":{"rendered":"https:\/\/bsjk.ro\/elongatii-vertebrale-tridimensionale\/"},"modified":"2024-02-19T17:25:54","modified_gmt":"2024-02-19T14:25:54","slug":"elongatii-vertebrale-tridimensionale","status":"publish","type":"page","link":"https:\/\/bsjk.ro\/ro\/servicii-de-reabilitare-pentru-adulti\/servicii-de-fizioterapie-pentru-adulti\/elongatii-vertebrale-tridimensionale\/","title":{"rendered":"Elonga\u021bii vertebrale tridimensionale"},"content":{"rendered":"<p><div class=\"fusion-fullwidth fullwidth-box fusion-builder-row-1 fusion-flex-container has-pattern-background has-mask-background nonhundred-percent-fullwidth non-hundred-percent-height-scrolling\" style=\"--awb-border-radius-top-left:0px;--awb-border-radius-top-right:0px;--awb-border-radius-bottom-right:0px;--awb-border-radius-bottom-left:0px;--awb-padding-right:0px;--awb-padding-left:0px;--awb-flex-wrap:wrap;\" ><div class=\"fusion-builder-row fusion-row fusion-flex-align-items-flex-start fusion-flex-content-wrap\" style=\"max-width:1393.6px;margin-left: calc(-4% \/ 2 );margin-right: calc(-4% \/ 2 );\"><div class=\"fusion-layout-column fusion_builder_column fusion-builder-column-0 fusion_builder_column_1_1 1_1 fusion-flex-column\" style=\"--awb-bg-size:cover;--awb-width-large:100%;--awb-margin-top-large:0px;--awb-spacing-right-large:1.92%;--awb-margin-bottom-large:20px;--awb-spacing-left-large:1.92%;--awb-width-medium:100%;--awb-order-medium:0;--awb-spacing-right-medium:1.92%;--awb-spacing-left-medium:1.92%;--awb-width-small:100%;--awb-order-small:0;--awb-spacing-right-small:1.92%;--awb-spacing-left-small:1.92%;\"><div class=\"fusion-column-wrapper fusion-column-has-shadow fusion-flex-justify-content-flex-start fusion-content-layout-column\"><div class=\"fusion-image-element \" style=\"text-align:center;--awb-caption-title-font-family:var(--h2_typography-font-family);--awb-caption-title-font-weight:var(--h2_typography-font-weight);--awb-caption-title-font-style:var(--h2_typography-font-style);--awb-caption-title-size:var(--h2_typography-font-size);--awb-caption-title-transform:var(--h2_typography-text-transform);--awb-caption-title-line-height:var(--h2_typography-line-height);--awb-caption-title-letter-spacing:var(--h2_typography-letter-spacing);\"><span class=\" fusion-imageframe imageframe-none imageframe-1 hover-type-none\"><img decoding=\"async\" width=\"600\" height=\"400\" title=\"felnott fizio gerincelongacio\" src=\"https:\/\/bsjk.ro\/wp-content\/uploads\/2023\/03\/felnott-fizio-gerincelongacio-scaled.jpg\" data-orig-src=\"https:\/\/bsjk.ro\/wp-content\/uploads\/2023\/03\/felnott-fizio-gerincelongacio-600x400.jpg\" alt class=\"lazyload img-responsive wp-image-3618\" srcset=\"data:image\/svg+xml,%3Csvg%20xmlns%3D%27http%3A%2F%2Fwww.w3.org%2F2000%2Fsvg%27%20width%3D%272560%27%20height%3D%271707%27%20viewBox%3D%270%200%202560%201707%27%3E%3Crect%20width%3D%272560%27%20height%3D%271707%27%20fill-opacity%3D%220%22%2F%3E%3C%2Fsvg%3E\" data-srcset=\"https:\/\/bsjk.ro\/wp-content\/uploads\/2023\/03\/felnott-fizio-gerincelongacio-200x133.jpg 200w, https:\/\/bsjk.ro\/wp-content\/uploads\/2023\/03\/felnott-fizio-gerincelongacio-400x267.jpg 400w, https:\/\/bsjk.ro\/wp-content\/uploads\/2023\/03\/felnott-fizio-gerincelongacio-600x400.jpg 600w, https:\/\/bsjk.ro\/wp-content\/uploads\/2023\/03\/felnott-fizio-gerincelongacio-800x533.jpg 800w, https:\/\/bsjk.ro\/wp-content\/uploads\/2023\/03\/felnott-fizio-gerincelongacio-1200x800.jpg 1200w\" data-sizes=\"auto\" data-orig-sizes=\"(max-width: 800px) 100vw, 600px\" \/><\/span><\/div><\/div><\/div><\/div><\/div><div class=\"fusion-fullwidth fullwidth-box fusion-builder-row-2 fusion-flex-container has-pattern-background has-mask-background nonhundred-percent-fullwidth non-hundred-percent-height-scrolling\" style=\"--awb-border-radius-top-left:0px;--awb-border-radius-top-right:0px;--awb-border-radius-bottom-right:0px;--awb-border-radius-bottom-left:0px;--awb-flex-wrap:wrap;\" ><div class=\"fusion-builder-row fusion-row fusion-flex-align-items-flex-start fusion-flex-content-wrap\" style=\"max-width:1393.6px;margin-left: calc(-4% \/ 2 );margin-right: calc(-4% \/ 2 );\"><div class=\"fusion-layout-column fusion_builder_column fusion-builder-column-1 fusion_builder_column_1_1 1_1 fusion-flex-column\" style=\"--awb-bg-size:cover;--awb-width-large:100%;--awb-margin-top-large:0px;--awb-spacing-right-large:1.92%;--awb-margin-bottom-large:20px;--awb-spacing-left-large:1.92%;--awb-width-medium:100%;--awb-order-medium:0;--awb-spacing-right-medium:1.92%;--awb-spacing-left-medium:1.92%;--awb-width-small:100%;--awb-order-small:0;--awb-spacing-right-small:1.92%;--awb-spacing-left-small:1.92%;\"><div class=\"fusion-column-wrapper fusion-column-has-shadow fusion-flex-justify-content-flex-start fusion-content-layout-column\"><div class=\"fusion-text fusion-text-1\"><div class=\"the_content_wrapper\">\n<h4 class=\"title-heading-center\">Elonga\u021bii vertebrale tridimensionale :<\/h4>\n<p>Elonga\u021bia vertebral\u0103 este o manevr\u0103 fizic\u0103 prin care se urm\u0103re\u0219te l\u0103rgirea temporar\u0103 a spa\u021biului dintre vertebre, \u00een scopul degaj\u0103rii discurilor intervertebrale.<\/p>\n<p>Este o trac\u021biune \u00een ax a diverselor regiuni ale coloanei cu scopul de a scade presiunea intervertebral\u0103, ajut\u00e2nd la realinierea coloanei. Aceasta se aplic\u0103 cu ajutorul unui program \u0219i echipamente specializate care neutralizeaz\u0103 for\u021bele de compresiune prin relaxarea muscular\u0103, detensionarea ligamentar\u0103 \u0219i m\u0103rirea spa\u021biului intervertebral.<\/p>\n<p>Se folose\u0219te pentru decompresia discurilor intervertebrale \u00een cazul:<\/p>\n<ul>\n<li>protruziilor discale<\/li>\n<li>degenerarea discurilor intervertebrale<\/li>\n<li>spondilit\u0103<\/li>\n<li>contracturi musculare<\/li>\n<li>Lombalgie-Lombosciatalgie<\/li>\n<li>artroze<\/li>\n<li>sciatalgii, etc.<\/li>\n<\/ul>\n<\/div>\n<\/div><\/div><\/div><\/div><\/div><\/p>\n","protected":false},"excerpt":{"rendered":"","protected":false},"author":2,"featured_media":0,"parent":3221,"menu_order":0,"comment_status":"closed","ping_status":"closed","template":"","meta":{"footnotes":""},"class_list":["post-2998","page","type-page","status-publish","hentry"],"_links":{"self":[{"href":"https:\/\/bsjk.ro\/ro\/wp-json\/wp\/v2\/pages\/2998","targetHints":{"allow":["GET"]}}],"collection":[{"href":"https:\/\/bsjk.ro\/ro\/wp-json\/wp\/v2\/pages"}],"about":[{"href":"https:\/\/bsjk.ro\/ro\/wp-json\/wp\/v2\/types\/page"}],"author":[{"embeddable":true,"href":"https:\/\/bsjk.ro\/ro\/wp-json\/wp\/v2\/users\/2"}],"replies":[{"embeddable":true,"href":"https:\/\/bsjk.ro\/ro\/wp-json\/wp\/v2\/comments?post=2998"}],"version-history":[{"count":25,"href":"https:\/\/bsjk.ro\/ro\/wp-json\/wp\/v2\/pages\/2998\/revisions"}],"predecessor-version":[{"id":5227,"href":"https:\/\/bsjk.ro\/ro\/wp-json\/wp\/v2\/pages\/2998\/revisions\/5227"}],"up":[{"embeddable":true,"href":"https:\/\/bsjk.ro\/ro\/wp-json\/wp\/v2\/pages\/3221"}],"wp:attachment":[{"href":"https:\/\/bsjk.ro\/ro\/wp-json\/wp\/v2\/media?parent=2998"}],"curies":[{"name":"wp","href":"https:\/\/api.w.org\/{rel}","templated":true}]}}