{"id":3041,"date":"2023-01-23T16:39:45","date_gmt":"2023-01-23T13:39:45","guid":{"rendered":"https:\/\/bsjk.ro\/ems-electro-miostimulare\/"},"modified":"2024-02-19T17:33:12","modified_gmt":"2024-02-19T14:33:12","slug":"ems-electro-miostimulare","status":"publish","type":"page","link":"https:\/\/bsjk.ro\/ro\/servicii-de-reabilitare-pentru-adulti\/servicii-de-fizioterapie-pentru-adulti\/ems-electro-miostimulare\/","title":{"rendered":"EMS (Electro-miostimulare)"},"content":{"rendered":"<p><div class=\"fusion-fullwidth fullwidth-box fusion-builder-row-1 fusion-flex-container has-pattern-background has-mask-background nonhundred-percent-fullwidth non-hundred-percent-height-scrolling\" style=\"--awb-border-radius-top-left:0px;--awb-border-radius-top-right:0px;--awb-border-radius-bottom-right:0px;--awb-border-radius-bottom-left:0px;--awb-padding-right:0px;--awb-padding-left:0px;--awb-flex-wrap:wrap;\" ><div class=\"fusion-builder-row fusion-row fusion-flex-align-items-flex-start fusion-flex-content-wrap\" style=\"max-width:1393.6px;margin-left: calc(-4% \/ 2 );margin-right: calc(-4% \/ 2 );\"><div class=\"fusion-layout-column fusion_builder_column fusion-builder-column-0 fusion_builder_column_1_1 1_1 fusion-flex-column\" style=\"--awb-bg-size:cover;--awb-width-large:100%;--awb-margin-top-large:0px;--awb-spacing-right-large:1.92%;--awb-margin-bottom-large:20px;--awb-spacing-left-large:1.92%;--awb-width-medium:100%;--awb-order-medium:0;--awb-spacing-right-medium:1.92%;--awb-spacing-left-medium:1.92%;--awb-width-small:100%;--awb-order-small:0;--awb-spacing-right-small:1.92%;--awb-spacing-left-small:1.92%;\"><div class=\"fusion-column-wrapper fusion-column-has-shadow fusion-flex-justify-content-flex-start fusion-content-layout-column\"><div class=\"fusion-image-element \" style=\"text-align:center;--awb-caption-title-font-family:var(--h2_typography-font-family);--awb-caption-title-font-weight:var(--h2_typography-font-weight);--awb-caption-title-font-style:var(--h2_typography-font-style);--awb-caption-title-size:var(--h2_typography-font-size);--awb-caption-title-transform:var(--h2_typography-text-transform);--awb-caption-title-line-height:var(--h2_typography-line-height);--awb-caption-title-letter-spacing:var(--h2_typography-letter-spacing);\"><span class=\" fusion-imageframe imageframe-none imageframe-1 hover-type-none\"><img decoding=\"async\" width=\"600\" height=\"400\" title=\"felnott fizio EMS\" src=\"https:\/\/bsjk.ro\/wp-content\/uploads\/2023\/03\/felnott-fizio-EMS-scaled.jpg\" data-orig-src=\"https:\/\/bsjk.ro\/wp-content\/uploads\/2023\/03\/felnott-fizio-EMS-600x400.jpg\" alt class=\"lazyload img-responsive wp-image-3538\" srcset=\"data:image\/svg+xml,%3Csvg%20xmlns%3D%27http%3A%2F%2Fwww.w3.org%2F2000%2Fsvg%27%20width%3D%272560%27%20height%3D%271707%27%20viewBox%3D%270%200%202560%201707%27%3E%3Crect%20width%3D%272560%27%20height%3D%271707%27%20fill-opacity%3D%220%22%2F%3E%3C%2Fsvg%3E\" data-srcset=\"https:\/\/bsjk.ro\/wp-content\/uploads\/2023\/03\/felnott-fizio-EMS-200x133.jpg 200w, https:\/\/bsjk.ro\/wp-content\/uploads\/2023\/03\/felnott-fizio-EMS-400x267.jpg 400w, https:\/\/bsjk.ro\/wp-content\/uploads\/2023\/03\/felnott-fizio-EMS-600x400.jpg 600w, https:\/\/bsjk.ro\/wp-content\/uploads\/2023\/03\/felnott-fizio-EMS-800x533.jpg 800w, https:\/\/bsjk.ro\/wp-content\/uploads\/2023\/03\/felnott-fizio-EMS-1200x800.jpg 1200w\" data-sizes=\"auto\" data-orig-sizes=\"(max-width: 800px) 100vw, 600px\" \/><\/span><\/div><\/div><\/div><\/div><\/div><div class=\"fusion-fullwidth fullwidth-box fusion-builder-row-2 fusion-flex-container has-pattern-background has-mask-background nonhundred-percent-fullwidth non-hundred-percent-height-scrolling\" style=\"--awb-border-radius-top-left:0px;--awb-border-radius-top-right:0px;--awb-border-radius-bottom-right:0px;--awb-border-radius-bottom-left:0px;--awb-flex-wrap:wrap;\" ><div class=\"fusion-builder-row fusion-row fusion-flex-align-items-flex-start fusion-flex-content-wrap\" style=\"max-width:1393.6px;margin-left: calc(-4% \/ 2 );margin-right: calc(-4% \/ 2 );\"><div class=\"fusion-layout-column fusion_builder_column fusion-builder-column-1 fusion_builder_column_1_1 1_1 fusion-flex-column\" style=\"--awb-bg-size:cover;--awb-width-large:100%;--awb-margin-top-large:0px;--awb-spacing-right-large:1.92%;--awb-margin-bottom-large:20px;--awb-spacing-left-large:1.92%;--awb-width-medium:100%;--awb-order-medium:0;--awb-spacing-right-medium:1.92%;--awb-spacing-left-medium:1.92%;--awb-width-small:100%;--awb-order-small:0;--awb-spacing-right-small:1.92%;--awb-spacing-left-small:1.92%;\"><div class=\"fusion-column-wrapper fusion-column-has-shadow fusion-flex-justify-content-flex-start fusion-content-layout-column\"><div class=\"fusion-text fusion-text-1\"><div class=\"the_content_wrapper\">\n<h4>EMS (Electro-miostimulare)<\/h4>\n<p>Este o metod\u0103 excelent\u0103 pentru ameliorarea dureriilor de origine muscular\u0103, accelereaz\u0103 regenerarea muscular\u0103, tonific\u0103 \u0219i \u00eent\u0103re\u0219te musculatura sl\u0103bit\u0103 \u0219i hipoton\u0103. Aparatul este foarte eficient, poate \u00eensemna un antrenament auxiliar \u00een cazul sportivilor de performan\u021b\u0103, totodat\u0103 poate fi utilizat\u0103 \u0219i cu scop terapeutic \u00een diferite leziuni musculo-ligamentare. Cre\u0219te performan\u021ba \u0219i rezisten\u021ba muscular\u0103, reduce timpul de recuperare \u00een cazul leziunilor ale aparatului locomotor.<\/p>\n<p>Este o alternativ\u0103 foarte bun\u0103, \u00een cazurile \u00een care mi\u0219c\u0103rile active nu se pot realiza. De exemplu \u00een cazul unor leziuni unde membrul trebuie s\u0103 fie imobilizat. \u00cen aceste cazuri aparatul EMS poate fi utilizat \u00een siguran\u021b\u0103. Nu suprasolicit\u0103 articula\u021biile, dar totu\u0219i poate \u00eent\u0103ri musculatura din zon\u0103 prin contrac\u021bii repetate, astfel timpul de recuperare se reduce semnificativ.<\/p>\n<\/div>\n<\/div><\/div><\/div><\/div><\/div><\/p>\n","protected":false},"excerpt":{"rendered":"","protected":false},"author":2,"featured_media":0,"parent":3221,"menu_order":0,"comment_status":"closed","ping_status":"closed","template":"","meta":{"footnotes":""},"class_list":["post-3041","page","type-page","status-publish","hentry"],"_links":{"self":[{"href":"https:\/\/bsjk.ro\/ro\/wp-json\/wp\/v2\/pages\/3041","targetHints":{"allow":["GET"]}}],"collection":[{"href":"https:\/\/bsjk.ro\/ro\/wp-json\/wp\/v2\/pages"}],"about":[{"href":"https:\/\/bsjk.ro\/ro\/wp-json\/wp\/v2\/types\/page"}],"author":[{"embeddable":true,"href":"https:\/\/bsjk.ro\/ro\/wp-json\/wp\/v2\/users\/2"}],"replies":[{"embeddable":true,"href":"https:\/\/bsjk.ro\/ro\/wp-json\/wp\/v2\/comments?post=3041"}],"version-history":[{"count":19,"href":"https:\/\/bsjk.ro\/ro\/wp-json\/wp\/v2\/pages\/3041\/revisions"}],"predecessor-version":[{"id":5251,"href":"https:\/\/bsjk.ro\/ro\/wp-json\/wp\/v2\/pages\/3041\/revisions\/5251"}],"up":[{"embeddable":true,"href":"https:\/\/bsjk.ro\/ro\/wp-json\/wp\/v2\/pages\/3221"}],"wp:attachment":[{"href":"https:\/\/bsjk.ro\/ro\/wp-json\/wp\/v2\/media?parent=3041"}],"curies":[{"name":"wp","href":"https:\/\/api.w.org\/{rel}","templated":true}]}}