{"id":3106,"date":"2023-01-23T17:32:42","date_gmt":"2023-01-23T14:32:42","guid":{"rendered":"https:\/\/bsjk.ro\/evaluare-posturala-gps-global-postural-system\/"},"modified":"2024-02-20T09:53:46","modified_gmt":"2024-02-20T06:53:46","slug":"evaluare-posturala-gps-global-postural-system","status":"publish","type":"page","link":"https:\/\/bsjk.ro\/ro\/servicii-de-reabilitare-pentru-adulti\/servicii-de-fizioterapie-pentru-adulti\/evaluare-posturala-gps-global-postural-system\/","title":{"rendered":"Evaluare postural\u0103 GPS (Global Postural System)"},"content":{"rendered":"<p><div class=\"fusion-fullwidth fullwidth-box fusion-builder-row-1 fusion-flex-container has-pattern-background has-mask-background nonhundred-percent-fullwidth non-hundred-percent-height-scrolling\" style=\"--awb-border-radius-top-left:0px;--awb-border-radius-top-right:0px;--awb-border-radius-bottom-right:0px;--awb-border-radius-bottom-left:0px;--awb-padding-right:0px;--awb-padding-left:0px;--awb-flex-wrap:wrap;\" ><div class=\"fusion-builder-row fusion-row fusion-flex-align-items-flex-start fusion-flex-content-wrap\" style=\"max-width:1393.6px;margin-left: calc(-4% \/ 2 );margin-right: calc(-4% \/ 2 );\"><div class=\"fusion-layout-column fusion_builder_column fusion-builder-column-0 fusion_builder_column_1_1 1_1 fusion-flex-column\" style=\"--awb-bg-size:cover;--awb-width-large:100%;--awb-margin-top-large:0px;--awb-spacing-right-large:1.92%;--awb-margin-bottom-large:20px;--awb-spacing-left-large:1.92%;--awb-width-medium:100%;--awb-order-medium:0;--awb-spacing-right-medium:1.92%;--awb-spacing-left-medium:1.92%;--awb-width-small:100%;--awb-order-small:0;--awb-spacing-right-small:1.92%;--awb-spacing-left-small:1.92%;\"><div class=\"fusion-column-wrapper fusion-column-has-shadow fusion-flex-justify-content-flex-start fusion-content-layout-column\"><div class=\"fusion-image-element \" style=\"text-align:center;--awb-caption-title-font-family:var(--h2_typography-font-family);--awb-caption-title-font-weight:var(--h2_typography-font-weight);--awb-caption-title-font-style:var(--h2_typography-font-style);--awb-caption-title-size:var(--h2_typography-font-size);--awb-caption-title-transform:var(--h2_typography-text-transform);--awb-caption-title-line-height:var(--h2_typography-line-height);--awb-caption-title-letter-spacing:var(--h2_typography-letter-spacing);\"><span class=\" fusion-imageframe imageframe-none imageframe-1 hover-type-none\"><img decoding=\"async\" width=\"600\" height=\"400\" title=\"felnott fizio tartasvizsgalat GPS\" src=\"https:\/\/bsjk.ro\/wp-content\/uploads\/2023\/03\/felnott-fizio-tartasvizsgalat-GPS-scaled.jpg\" data-orig-src=\"https:\/\/bsjk.ro\/wp-content\/uploads\/2023\/03\/felnott-fizio-tartasvizsgalat-GPS-600x400.jpg\" alt class=\"lazyload img-responsive wp-image-3588\" srcset=\"data:image\/svg+xml,%3Csvg%20xmlns%3D%27http%3A%2F%2Fwww.w3.org%2F2000%2Fsvg%27%20width%3D%272560%27%20height%3D%271707%27%20viewBox%3D%270%200%202560%201707%27%3E%3Crect%20width%3D%272560%27%20height%3D%271707%27%20fill-opacity%3D%220%22%2F%3E%3C%2Fsvg%3E\" data-srcset=\"https:\/\/bsjk.ro\/wp-content\/uploads\/2023\/03\/felnott-fizio-tartasvizsgalat-GPS-200x133.jpg 200w, https:\/\/bsjk.ro\/wp-content\/uploads\/2023\/03\/felnott-fizio-tartasvizsgalat-GPS-400x267.jpg 400w, https:\/\/bsjk.ro\/wp-content\/uploads\/2023\/03\/felnott-fizio-tartasvizsgalat-GPS-600x400.jpg 600w, https:\/\/bsjk.ro\/wp-content\/uploads\/2023\/03\/felnott-fizio-tartasvizsgalat-GPS-800x533.jpg 800w, https:\/\/bsjk.ro\/wp-content\/uploads\/2023\/03\/felnott-fizio-tartasvizsgalat-GPS-1200x800.jpg 1200w\" data-sizes=\"auto\" data-orig-sizes=\"(max-width: 800px) 100vw, 600px\" \/><\/span><\/div><\/div><\/div><\/div><\/div><div class=\"fusion-fullwidth fullwidth-box fusion-builder-row-2 fusion-flex-container has-pattern-background has-mask-background nonhundred-percent-fullwidth non-hundred-percent-height-scrolling\" style=\"--awb-border-radius-top-left:0px;--awb-border-radius-top-right:0px;--awb-border-radius-bottom-right:0px;--awb-border-radius-bottom-left:0px;--awb-flex-wrap:wrap;\" ><div class=\"fusion-builder-row fusion-row fusion-flex-align-items-flex-start fusion-flex-content-wrap\" style=\"max-width:1393.6px;margin-left: calc(-4% \/ 2 );margin-right: calc(-4% \/ 2 );\"><div class=\"fusion-layout-column fusion_builder_column fusion-builder-column-1 fusion_builder_column_1_1 1_1 fusion-flex-column\" style=\"--awb-bg-size:cover;--awb-width-large:100%;--awb-margin-top-large:0px;--awb-spacing-right-large:1.92%;--awb-margin-bottom-large:20px;--awb-spacing-left-large:1.92%;--awb-width-medium:100%;--awb-order-medium:0;--awb-spacing-right-medium:1.92%;--awb-spacing-left-medium:1.92%;--awb-width-small:100%;--awb-order-small:0;--awb-spacing-right-small:1.92%;--awb-spacing-left-small:1.92%;\"><div class=\"fusion-column-wrapper fusion-column-has-shadow fusion-flex-justify-content-flex-start fusion-content-layout-column\"><div class=\"fusion-text fusion-text-1\"><div class=\"the_content_wrapper\">\n<h4>Evaluare postural\u0103 GPS (Global Postural System)<\/h4>\n<p>Posturograful sau Global Postural System (GPS) este un sistem de analiz\u0103 postural\u0103 avansat\u0103 ce utilizeaz\u0103 tehnici \u0219i metode noninvazive de diagnostic \u0219i de evaluare \u00een domeniul recuper\u0103rii medicale. Posturograful include dou\u0103 unit\u0103\u0163i de diagnostic \u0219i un software: Podoscopul este utilizat \u00een analiza tulbur\u0103rilor de static\u0103 a piciorului; cu ajutorul lui sunt prelucrate imaginile captate, determin\u00e2ndu-se lungimea exact\u0103 a fiec\u0103rui picior, existen\u021ba unor tulbur\u0103ri de static\u0103 plantar\u0103 (picior plat, scobit etc.), precum \u0219i a eventualelor devia\u021bii la nivelul gleznei.<\/p>\n<p>Unitatea de analiz\u0103 postural\u0103 este folosit\u0103 pentru determinarea deficien\u0163elor la nivelul coloanei vertebrale, prin intermediul unui sistem de camere video care permit achizi\u0163ia de imagini de \u00eenalt\u0103 rezolu\u0163ie, imagini ce sunt apoi prelucrate prin intermediul softului, \u00een scopul de a analiza toate devia\u0163iile segmentare sau globale ale corpului. Analiza postural\u0103 se realizeaz\u0103 din fa\u021b\u0103, din spate \u0219i din profil \u0219i poate diagnostica deficien\u021bele coloanei vertebrale \u00een plan sagital sau frontal (scolioze, cifoze, hiperlordoze)<\/p>\n<p>Softul permite stocarea datelor medicale ale pacientului, at\u00e2t a celor rezultate \u00een urma test\u0103rilor posturografice, c\u00e2t \u015fi a celor legate de istoricul medical sau de tratamentele medicamentoasepe care pacientul le urmeaz\u0103. Este util pentru monitorizarea evolutiei pacien\u021bilor<\/p>\n<p>\u0219i a eficien\u021bei terapiilor recomandate. Pe baza datelor ob\u021binute \u00een urma unei posturografii complete se elaboreaz\u0103 ulterior programe personalizate de kinetoterapie \u0219i recuperare medical\u0103.<\/p>\n<\/div>\n<\/div><\/div><\/div><\/div><\/div><\/p>\n","protected":false},"excerpt":{"rendered":"","protected":false},"author":2,"featured_media":0,"parent":3221,"menu_order":0,"comment_status":"closed","ping_status":"closed","template":"","meta":{"footnotes":""},"class_list":["post-3106","page","type-page","status-publish","hentry"],"_links":{"self":[{"href":"https:\/\/bsjk.ro\/ro\/wp-json\/wp\/v2\/pages\/3106","targetHints":{"allow":["GET"]}}],"collection":[{"href":"https:\/\/bsjk.ro\/ro\/wp-json\/wp\/v2\/pages"}],"about":[{"href":"https:\/\/bsjk.ro\/ro\/wp-json\/wp\/v2\/types\/page"}],"author":[{"embeddable":true,"href":"https:\/\/bsjk.ro\/ro\/wp-json\/wp\/v2\/users\/2"}],"replies":[{"embeddable":true,"href":"https:\/\/bsjk.ro\/ro\/wp-json\/wp\/v2\/comments?post=3106"}],"version-history":[{"count":9,"href":"https:\/\/bsjk.ro\/ro\/wp-json\/wp\/v2\/pages\/3106\/revisions"}],"predecessor-version":[{"id":5268,"href":"https:\/\/bsjk.ro\/ro\/wp-json\/wp\/v2\/pages\/3106\/revisions\/5268"}],"up":[{"embeddable":true,"href":"https:\/\/bsjk.ro\/ro\/wp-json\/wp\/v2\/pages\/3221"}],"wp:attachment":[{"href":"https:\/\/bsjk.ro\/ro\/wp-json\/wp\/v2\/media?parent=3106"}],"curies":[{"name":"wp","href":"https:\/\/api.w.org\/{rel}","templated":true}]}}