{"id":3120,"date":"2023-01-23T17:44:21","date_gmt":"2023-01-23T14:44:21","guid":{"rendered":"https:\/\/bsjk.ro\/kinetoterapia-si-hidro-kinetoterapia\/"},"modified":"2024-02-20T09:53:46","modified_gmt":"2024-02-20T06:53:46","slug":"kinetoterapia-si-hidro-kinetoterapia","status":"publish","type":"page","link":"https:\/\/bsjk.ro\/ro\/servicii-de-reabilitare-pentru-adulti\/servicii-de-fizioterapie-pentru-adulti\/kinetoterapia-si-hidro-kinetoterapia\/","title":{"rendered":"al\u0103turi de alte sisteme ale organismului, cum ar fi: circulator, respirator, bun\u0103 func\u021bionare a nervilor, etc."},"content":{"rendered":"<p><div class=\"fusion-fullwidth fullwidth-box fusion-builder-row-1 fusion-flex-container has-pattern-background has-mask-background nonhundred-percent-fullwidth non-hundred-percent-height-scrolling\" style=\"--awb-border-radius-top-left:0px;--awb-border-radius-top-right:0px;--awb-border-radius-bottom-right:0px;--awb-border-radius-bottom-left:0px;--awb-padding-right:0px;--awb-padding-left:0px;--awb-flex-wrap:wrap;\" ><div class=\"fusion-builder-row fusion-row fusion-flex-align-items-flex-start fusion-flex-content-wrap\" style=\"max-width:1393.6px;margin-left: calc(-4% \/ 2 );margin-right: calc(-4% \/ 2 );\"><div class=\"fusion-layout-column fusion_builder_column fusion-builder-column-0 fusion_builder_column_1_1 1_1 fusion-flex-column\" style=\"--awb-bg-size:cover;--awb-width-large:100%;--awb-margin-top-large:0px;--awb-spacing-right-large:1.92%;--awb-margin-bottom-large:20px;--awb-spacing-left-large:1.92%;--awb-width-medium:100%;--awb-order-medium:0;--awb-spacing-right-medium:1.92%;--awb-spacing-left-medium:1.92%;--awb-width-small:100%;--awb-order-small:0;--awb-spacing-right-small:1.92%;--awb-spacing-left-small:1.92%;\"><div class=\"fusion-column-wrapper fusion-column-has-shadow fusion-flex-justify-content-flex-start fusion-content-layout-column\"><div class=\"fusion-image-element \" style=\"text-align:center;--awb-caption-title-font-family:var(--h2_typography-font-family);--awb-caption-title-font-weight:var(--h2_typography-font-weight);--awb-caption-title-font-style:var(--h2_typography-font-style);--awb-caption-title-size:var(--h2_typography-font-size);--awb-caption-title-transform:var(--h2_typography-text-transform);--awb-caption-title-line-height:var(--h2_typography-line-height);--awb-caption-title-letter-spacing:var(--h2_typography-letter-spacing);\"><span class=\" fusion-imageframe imageframe-none imageframe-1 hover-type-none\"><img decoding=\"async\" width=\"600\" height=\"450\" title=\"felnott fizio hidrokineto\" src=\"https:\/\/bsjk.ro\/wp-content\/uploads\/2023\/03\/felnott-fizio-hidrokineto-scaled.jpg\" data-orig-src=\"https:\/\/bsjk.ro\/wp-content\/uploads\/2023\/03\/felnott-fizio-hidrokineto-600x450.jpg\" alt class=\"lazyload img-responsive wp-image-3597\" srcset=\"data:image\/svg+xml,%3Csvg%20xmlns%3D%27http%3A%2F%2Fwww.w3.org%2F2000%2Fsvg%27%20width%3D%272560%27%20height%3D%271920%27%20viewBox%3D%270%200%202560%201920%27%3E%3Crect%20width%3D%272560%27%20height%3D%271920%27%20fill-opacity%3D%220%22%2F%3E%3C%2Fsvg%3E\" data-srcset=\"https:\/\/bsjk.ro\/wp-content\/uploads\/2023\/03\/felnott-fizio-hidrokineto-200x150.jpg 200w, https:\/\/bsjk.ro\/wp-content\/uploads\/2023\/03\/felnott-fizio-hidrokineto-400x300.jpg 400w, https:\/\/bsjk.ro\/wp-content\/uploads\/2023\/03\/felnott-fizio-hidrokineto-600x450.jpg 600w, https:\/\/bsjk.ro\/wp-content\/uploads\/2023\/03\/felnott-fizio-hidrokineto-800x600.jpg 800w, https:\/\/bsjk.ro\/wp-content\/uploads\/2023\/03\/felnott-fizio-hidrokineto-1200x900.jpg 1200w\" data-sizes=\"auto\" data-orig-sizes=\"(max-width: 800px) 100vw, 600px\" \/><\/span><\/div><\/div><\/div><\/div><\/div><div class=\"fusion-fullwidth fullwidth-box fusion-builder-row-2 fusion-flex-container has-pattern-background has-mask-background nonhundred-percent-fullwidth non-hundred-percent-height-scrolling\" style=\"--awb-border-radius-top-left:0px;--awb-border-radius-top-right:0px;--awb-border-radius-bottom-right:0px;--awb-border-radius-bottom-left:0px;--awb-flex-wrap:wrap;\" ><div class=\"fusion-builder-row fusion-row fusion-flex-align-items-flex-start fusion-flex-content-wrap\" style=\"max-width:1393.6px;margin-left: calc(-4% \/ 2 );margin-right: calc(-4% \/ 2 );\"><div class=\"fusion-layout-column fusion_builder_column fusion-builder-column-1 fusion_builder_column_1_1 1_1 fusion-flex-column\" style=\"--awb-bg-size:cover;--awb-width-large:100%;--awb-margin-top-large:0px;--awb-spacing-right-large:1.92%;--awb-margin-bottom-large:20px;--awb-spacing-left-large:1.92%;--awb-width-medium:100%;--awb-order-medium:0;--awb-spacing-right-medium:1.92%;--awb-spacing-left-medium:1.92%;--awb-width-small:100%;--awb-order-small:0;--awb-spacing-right-small:1.92%;--awb-spacing-left-small:1.92%;\"><div class=\"fusion-column-wrapper fusion-column-has-shadow fusion-flex-justify-content-flex-start fusion-content-layout-column\"><div class=\"fusion-text fusion-text-1\"><div class=\"the_content_wrapper\">\n<h4>Hidro-kinetoterapia<\/h4>\n<p>Are rolul cel mai important dintre toate procedurile de fizioterapie. Este un tratament special, care nu poate fi \u00eenlocuit cu nici o alt\u0103 procedur\u0103. Recuperarea \u0219i reabilitarea oric\u0103rei afec\u021biuni ale aparatului locomotor este imposibil\u0103 f\u0103r\u0103 kinetoterapie. Kinetoterapia este o terapie special\u0103 prin mi\u0219care, care are ca obiectiv reabilitarea \u0219i recuperarea a unui segment sau organ prin exerci\u021bii specifice. Scopul kinetoterapiei este recuperarea \u0219i \u00eembun\u0103t\u0103\u021birea mi\u0219c\u0103rii al\u0103turi de alte sisteme ale organismului, cum ar fi: circulator, respirator, bun\u0103 func\u021bionare a nervilor, etc.<\/p>\n<p>Indicatiile aplic\u0103rii laser:<\/p>\n<ul>\n<li>artroze<\/li>\n<li>recuperarea post-operatorie<\/li>\n<li>contuzii<\/li>\n<li>luxa\u021bii, fracturi<\/li>\n<li>probleme de postur\u0103<\/li>\n<li>hipotonie muscular\u0103<\/li>\n<li>instabilitate articular\u0103<\/li>\n<li>recuperare dup\u0103 accidente vasculare<\/li>\n<li>afec\u021biuni cardio-vasculare, etc.<\/li>\n<\/ul>\n<\/div>\n<\/div><\/div><\/div><\/div><\/div><\/p>\n","protected":false},"excerpt":{"rendered":"","protected":false},"author":2,"featured_media":0,"parent":3221,"menu_order":0,"comment_status":"closed","ping_status":"closed","template":"","meta":{"footnotes":""},"class_list":["post-3120","page","type-page","status-publish","hentry"],"_links":{"self":[{"href":"https:\/\/bsjk.ro\/ro\/wp-json\/wp\/v2\/pages\/3120","targetHints":{"allow":["GET"]}}],"collection":[{"href":"https:\/\/bsjk.ro\/ro\/wp-json\/wp\/v2\/pages"}],"about":[{"href":"https:\/\/bsjk.ro\/ro\/wp-json\/wp\/v2\/types\/page"}],"author":[{"embeddable":true,"href":"https:\/\/bsjk.ro\/ro\/wp-json\/wp\/v2\/users\/2"}],"replies":[{"embeddable":true,"href":"https:\/\/bsjk.ro\/ro\/wp-json\/wp\/v2\/comments?post=3120"}],"version-history":[{"count":19,"href":"https:\/\/bsjk.ro\/ro\/wp-json\/wp\/v2\/pages\/3120\/revisions"}],"predecessor-version":[{"id":5284,"href":"https:\/\/bsjk.ro\/ro\/wp-json\/wp\/v2\/pages\/3120\/revisions\/5284"}],"up":[{"embeddable":true,"href":"https:\/\/bsjk.ro\/ro\/wp-json\/wp\/v2\/pages\/3221"}],"wp:attachment":[{"href":"https:\/\/bsjk.ro\/ro\/wp-json\/wp\/v2\/media?parent=3120"}],"curies":[{"name":"wp","href":"https:\/\/api.w.org\/{rel}","templated":true}]}}