{"id":3155,"date":"2023-01-24T16:39:30","date_gmt":"2023-01-24T13:39:30","guid":{"rendered":"https:\/\/bsjk.ro\/programe-de-vara-tip-tabara\/"},"modified":"2023-01-24T16:43:42","modified_gmt":"2023-01-24T13:43:42","slug":"programe-de-vara-tip-tabara","status":"publish","type":"page","link":"https:\/\/bsjk.ro\/ro\/programe-de-vara-tip-tabara\/","title":{"rendered":"Programe de var\u0103 tip tab\u0103r\u0103"},"content":{"rendered":"<p><div class=\"fusion-fullwidth fullwidth-box fusion-builder-row-1 fusion-flex-container has-pattern-background has-mask-background nonhundred-percent-fullwidth non-hundred-percent-height-scrolling\" style=\"--awb-border-radius-top-left:0px;--awb-border-radius-top-right:0px;--awb-border-radius-bottom-right:0px;--awb-border-radius-bottom-left:0px;--awb-flex-wrap:wrap;\" ><div class=\"fusion-builder-row fusion-row fusion-flex-align-items-flex-start fusion-flex-content-wrap\" style=\"max-width:1393.6px;margin-left: calc(-4% \/ 2 );margin-right: calc(-4% \/ 2 );\"><div class=\"fusion-layout-column fusion_builder_column fusion-builder-column-0 fusion_builder_column_1_1 1_1 fusion-flex-column\" style=\"--awb-bg-size:cover;--awb-width-large:100%;--awb-margin-top-large:0px;--awb-spacing-right-large:1.92%;--awb-margin-bottom-large:20px;--awb-spacing-left-large:1.92%;--awb-width-medium:100%;--awb-order-medium:0;--awb-spacing-right-medium:1.92%;--awb-spacing-left-medium:1.92%;--awb-width-small:100%;--awb-order-small:0;--awb-spacing-right-small:1.92%;--awb-spacing-left-small:1.92%;\"><div class=\"fusion-column-wrapper fusion-column-has-shadow fusion-flex-justify-content-flex-start fusion-content-layout-column\"><div class=\"fusion-image-element \" style=\"text-align:center;--awb-caption-title-font-family:var(--h2_typography-font-family);--awb-caption-title-font-weight:var(--h2_typography-font-weight);--awb-caption-title-font-style:var(--h2_typography-font-style);--awb-caption-title-size:var(--h2_typography-font-size);--awb-caption-title-transform:var(--h2_typography-text-transform);--awb-caption-title-line-height:var(--h2_typography-line-height);--awb-caption-title-letter-spacing:var(--h2_typography-letter-spacing);\"><span class=\" fusion-imageframe imageframe-none imageframe-1 hover-type-none\"><img decoding=\"async\" width=\"960\" height=\"384\" title=\"a\u0301ltalnos-fehe\u0301r\" src=\"https:\/\/bsjk.ro\/wp-content\/uploads\/2022\/08\/a\u0301ltalnos-fehe\u0301r.jpeg\" data-orig-src=\"https:\/\/bsjk.ro\/wp-content\/uploads\/2022\/08\/a\u0301ltalnos-fehe\u0301r.jpeg\" alt class=\"lazyload img-responsive wp-image-2407\" srcset=\"data:image\/svg+xml,%3Csvg%20xmlns%3D%27http%3A%2F%2Fwww.w3.org%2F2000%2Fsvg%27%20width%3D%27960%27%20height%3D%27384%27%20viewBox%3D%270%200%20960%20384%27%3E%3Crect%20width%3D%27960%27%20height%3D%27384%27%20fill-opacity%3D%220%22%2F%3E%3C%2Fsvg%3E\" data-srcset=\"https:\/\/bsjk.ro\/wp-content\/uploads\/2022\/08\/a\u0301ltalnos-fehe\u0301r-200x80.jpeg 200w, https:\/\/bsjk.ro\/wp-content\/uploads\/2022\/08\/a\u0301ltalnos-fehe\u0301r-400x160.jpeg 400w, https:\/\/bsjk.ro\/wp-content\/uploads\/2022\/08\/a\u0301ltalnos-fehe\u0301r-600x240.jpeg 600w, https:\/\/bsjk.ro\/wp-content\/uploads\/2022\/08\/a\u0301ltalnos-fehe\u0301r-800x320.jpeg 800w, https:\/\/bsjk.ro\/wp-content\/uploads\/2022\/08\/a\u0301ltalnos-fehe\u0301r.jpeg 960w\" data-sizes=\"auto\" data-orig-sizes=\"(max-width: 800px) 100vw, 960px\" \/><\/span><\/div><\/div><\/div><\/div><\/div><div class=\"fusion-fullwidth fullwidth-box fusion-builder-row-2 fusion-flex-container has-pattern-background has-mask-background nonhundred-percent-fullwidth non-hundred-percent-height-scrolling\" style=\"--awb-border-radius-top-left:0px;--awb-border-radius-top-right:0px;--awb-border-radius-bottom-right:0px;--awb-border-radius-bottom-left:0px;--awb-flex-wrap:wrap;\" ><div class=\"fusion-builder-row fusion-row fusion-flex-align-items-flex-start fusion-flex-content-wrap\" style=\"max-width:1393.6px;margin-left: calc(-4% \/ 2 );margin-right: calc(-4% \/ 2 );\"><div class=\"fusion-layout-column fusion_builder_column fusion-builder-column-1 fusion_builder_column_1_1 1_1 fusion-flex-column\" style=\"--awb-bg-size:cover;--awb-width-large:100%;--awb-margin-top-large:0px;--awb-spacing-right-large:1.92%;--awb-margin-bottom-large:20px;--awb-spacing-left-large:1.92%;--awb-width-medium:100%;--awb-order-medium:0;--awb-spacing-right-medium:1.92%;--awb-spacing-left-medium:1.92%;--awb-width-small:100%;--awb-order-small:0;--awb-spacing-right-small:1.92%;--awb-spacing-left-small:1.92%;\"><div class=\"fusion-column-wrapper fusion-column-has-shadow fusion-flex-justify-content-flex-start fusion-content-layout-column\"><div class=\"fusion-text fusion-text-1\"><div class=\"the_content_wrapper\">\n<p>Programe de var\u0103 tip tab\u0103r\u0103<\/p>\n<\/p>\n<p>Perioada verii este cea mai optim\u0103 pentru a \u00eencuraja pe copii s\u0103 \u00ee\u0219i petreac\u0103 \u00een mod activ \u0219i util zilele libere de la \u0219coal\u0103. Pentru ei este cel mai important ca aceste programe s\u0103 fie variate \u0219i interesante, iar pentru p\u0103rin\u021bi este cel mai important ca aceste programe s\u0103 fie c\u00e2t mai variate, c\u00e2t mai utile \u0219i c\u00e2t mai de folos copiilor lor.<\/p>\n<p>Astfel Centru nostu ofer\u0103 diverse tipuri de programe de var\u0103 tip tab\u0103r\u0103 copiilor, \u00een special celor care sunt beneficiarii no\u0219trii dar nu numai.<\/p>\n<p>Multe dintre aceste programe de var\u0103 sunt deschise oric\u0103rui copil, ele finnd cu caracter preventiv, benefic pentru fiecare copila\u0219.<\/p>\n<p>Programele noastre:<\/p>\n<ul>\n<li>Program de var\u0103 pentru pre\u0219colari<\/li>\n<li>Categoria de v\u00e2rst\u0103: 2,5 \u2013 4 ani<\/li>\n<\/ul>\n<p>Caracterul programului: acest program este destinat \u00een special copiilor pre\u0219colar, av\u00e2nd ca obiectiv central al tuturor programelor oferite idea de ai preg\u0103ti pe cei mici de socializare, de integrarea \u00een colectivitatea cu cov\u00e2rstnicii. Pentru ei se ofer\u0103 o gam\u0103 larg\u0103 de activit\u0103\u021bi prin mi\u0219care, prin joc \u0219i diverse activit\u0103\u021bi cu caracter ludic.<\/p>\n<\/div>\n<\/div><\/div><\/div><\/div><\/div><\/p>\n","protected":false},"excerpt":{"rendered":"","protected":false},"author":2,"featured_media":0,"parent":0,"menu_order":0,"comment_status":"closed","ping_status":"closed","template":"","meta":{"footnotes":""},"class_list":["post-3155","page","type-page","status-publish","hentry"],"_links":{"self":[{"href":"https:\/\/bsjk.ro\/ro\/wp-json\/wp\/v2\/pages\/3155","targetHints":{"allow":["GET"]}}],"collection":[{"href":"https:\/\/bsjk.ro\/ro\/wp-json\/wp\/v2\/pages"}],"about":[{"href":"https:\/\/bsjk.ro\/ro\/wp-json\/wp\/v2\/types\/page"}],"author":[{"embeddable":true,"href":"https:\/\/bsjk.ro\/ro\/wp-json\/wp\/v2\/users\/2"}],"replies":[{"embeddable":true,"href":"https:\/\/bsjk.ro\/ro\/wp-json\/wp\/v2\/comments?post=3155"}],"version-history":[{"count":2,"href":"https:\/\/bsjk.ro\/ro\/wp-json\/wp\/v2\/pages\/3155\/revisions"}],"predecessor-version":[{"id":3157,"href":"https:\/\/bsjk.ro\/ro\/wp-json\/wp\/v2\/pages\/3155\/revisions\/3157"}],"wp:attachment":[{"href":"https:\/\/bsjk.ro\/ro\/wp-json\/wp\/v2\/media?parent=3155"}],"curies":[{"name":"wp","href":"https:\/\/api.w.org\/{rel}","templated":true}]}}