{"id":3163,"date":"2023-01-24T16:46:30","date_gmt":"2023-01-24T13:46:30","guid":{"rendered":"https:\/\/bsjk.ro\/program-de-vara-cu-caini-de-terapie\/"},"modified":"2023-01-24T16:51:35","modified_gmt":"2023-01-24T13:51:35","slug":"program-de-vara-cu-caini-de-terapie","status":"publish","type":"page","link":"https:\/\/bsjk.ro\/ro\/program-de-vara-cu-caini-de-terapie\/","title":{"rendered":"Program de var\u0103 cu c\u00e2ini de terapie"},"content":{"rendered":"<p><div class=\"fusion-fullwidth fullwidth-box fusion-builder-row-1 fusion-flex-container has-pattern-background has-mask-background nonhundred-percent-fullwidth non-hundred-percent-height-scrolling\" style=\"--awb-border-radius-top-left:0px;--awb-border-radius-top-right:0px;--awb-border-radius-bottom-right:0px;--awb-border-radius-bottom-left:0px;--awb-flex-wrap:wrap;\" ><div class=\"fusion-builder-row fusion-row fusion-flex-align-items-flex-start fusion-flex-content-wrap\" style=\"max-width:1393.6px;margin-left: calc(-4% \/ 2 );margin-right: calc(-4% \/ 2 );\"><div class=\"fusion-layout-column fusion_builder_column fusion-builder-column-0 fusion_builder_column_1_1 1_1 fusion-flex-column\" style=\"--awb-bg-size:cover;--awb-width-large:100%;--awb-margin-top-large:0px;--awb-spacing-right-large:1.92%;--awb-margin-bottom-large:20px;--awb-spacing-left-large:1.92%;--awb-width-medium:100%;--awb-order-medium:0;--awb-spacing-right-medium:1.92%;--awb-spacing-left-medium:1.92%;--awb-width-small:100%;--awb-order-small:0;--awb-spacing-right-small:1.92%;--awb-spacing-left-small:1.92%;\"><div class=\"fusion-column-wrapper fusion-column-has-shadow fusion-flex-justify-content-flex-start fusion-content-layout-column\"><div class=\"fusion-image-element \" style=\"text-align:center;--awb-caption-title-font-family:var(--h2_typography-font-family);--awb-caption-title-font-weight:var(--h2_typography-font-weight);--awb-caption-title-font-style:var(--h2_typography-font-style);--awb-caption-title-size:var(--h2_typography-font-size);--awb-caption-title-transform:var(--h2_typography-text-transform);--awb-caption-title-line-height:var(--h2_typography-line-height);--awb-caption-title-letter-spacing:var(--h2_typography-letter-spacing);\"><span class=\" fusion-imageframe imageframe-none imageframe-1 hover-type-none\"><img decoding=\"async\" width=\"960\" height=\"384\" title=\"a\u0301ltalnos-fehe\u0301r\" src=\"https:\/\/bsjk.ro\/wp-content\/uploads\/2022\/08\/a\u0301ltalnos-fehe\u0301r.jpeg\" data-orig-src=\"https:\/\/bsjk.ro\/wp-content\/uploads\/2022\/08\/a\u0301ltalnos-fehe\u0301r.jpeg\" alt class=\"lazyload img-responsive wp-image-2407\" srcset=\"data:image\/svg+xml,%3Csvg%20xmlns%3D%27http%3A%2F%2Fwww.w3.org%2F2000%2Fsvg%27%20width%3D%27960%27%20height%3D%27384%27%20viewBox%3D%270%200%20960%20384%27%3E%3Crect%20width%3D%27960%27%20height%3D%27384%27%20fill-opacity%3D%220%22%2F%3E%3C%2Fsvg%3E\" data-srcset=\"https:\/\/bsjk.ro\/wp-content\/uploads\/2022\/08\/a\u0301ltalnos-fehe\u0301r-200x80.jpeg 200w, https:\/\/bsjk.ro\/wp-content\/uploads\/2022\/08\/a\u0301ltalnos-fehe\u0301r-400x160.jpeg 400w, https:\/\/bsjk.ro\/wp-content\/uploads\/2022\/08\/a\u0301ltalnos-fehe\u0301r-600x240.jpeg 600w, https:\/\/bsjk.ro\/wp-content\/uploads\/2022\/08\/a\u0301ltalnos-fehe\u0301r-800x320.jpeg 800w, https:\/\/bsjk.ro\/wp-content\/uploads\/2022\/08\/a\u0301ltalnos-fehe\u0301r.jpeg 960w\" data-sizes=\"auto\" data-orig-sizes=\"(max-width: 800px) 100vw, 960px\" \/><\/span><\/div><\/div><\/div><\/div><\/div><div class=\"fusion-fullwidth fullwidth-box fusion-builder-row-2 fusion-flex-container has-pattern-background has-mask-background nonhundred-percent-fullwidth non-hundred-percent-height-scrolling\" style=\"--awb-border-radius-top-left:0px;--awb-border-radius-top-right:0px;--awb-border-radius-bottom-right:0px;--awb-border-radius-bottom-left:0px;--awb-flex-wrap:wrap;\" ><div class=\"fusion-builder-row fusion-row fusion-flex-align-items-flex-start fusion-flex-content-wrap\" style=\"max-width:1393.6px;margin-left: calc(-4% \/ 2 );margin-right: calc(-4% \/ 2 );\"><div class=\"fusion-layout-column fusion_builder_column fusion-builder-column-1 fusion_builder_column_1_1 1_1 fusion-flex-column\" style=\"--awb-bg-size:cover;--awb-width-large:100%;--awb-margin-top-large:0px;--awb-spacing-right-large:1.92%;--awb-margin-bottom-large:20px;--awb-spacing-left-large:1.92%;--awb-width-medium:100%;--awb-order-medium:0;--awb-spacing-right-medium:1.92%;--awb-spacing-left-medium:1.92%;--awb-width-small:100%;--awb-order-small:0;--awb-spacing-right-small:1.92%;--awb-spacing-left-small:1.92%;\"><div class=\"fusion-column-wrapper fusion-column-has-shadow fusion-flex-justify-content-flex-start fusion-content-layout-column\"><div class=\"fusion-text fusion-text-1\"><div class=\"the_content_wrapper\">\n<h4>Program de var\u0103 cu c\u00e2ini de terapie<\/h4>\n<p>Categoria de v\u00e2rst\u0103: 3-5 respectiv 6-9 ani<\/p>\n<p>Caracterul programului: la aceast\u0103 sesiune de programe particip\u0103 c\u00e2ini de terapie specializa\u021bi \u0219i \u00eenso\u021bitorii lor. Este ceva special \u0219i foarte interactiv, unde cel mai motivant factor este pentru copii c\u00e2inele \u00een sine. Participarea lor este benefic\u0103 pentru to\u021bi copii, dar \u00een special recomand\u0103m acelor copila\u0219i care sunt mai retra\u0219i, mai anxio\u0219i, au probleme de adaptare \u0219i de integrare \u00een colectivitate sau chiar au probleme emo\u021bionale.<\/p>\n<\/div>\n<\/div><\/div><\/div><\/div><\/div><\/p>\n","protected":false},"excerpt":{"rendered":"","protected":false},"author":2,"featured_media":0,"parent":0,"menu_order":0,"comment_status":"closed","ping_status":"closed","template":"","meta":{"footnotes":""},"class_list":["post-3163","page","type-page","status-publish","hentry"],"_links":{"self":[{"href":"https:\/\/bsjk.ro\/ro\/wp-json\/wp\/v2\/pages\/3163","targetHints":{"allow":["GET"]}}],"collection":[{"href":"https:\/\/bsjk.ro\/ro\/wp-json\/wp\/v2\/pages"}],"about":[{"href":"https:\/\/bsjk.ro\/ro\/wp-json\/wp\/v2\/types\/page"}],"author":[{"embeddable":true,"href":"https:\/\/bsjk.ro\/ro\/wp-json\/wp\/v2\/users\/2"}],"replies":[{"embeddable":true,"href":"https:\/\/bsjk.ro\/ro\/wp-json\/wp\/v2\/comments?post=3163"}],"version-history":[{"count":2,"href":"https:\/\/bsjk.ro\/ro\/wp-json\/wp\/v2\/pages\/3163\/revisions"}],"predecessor-version":[{"id":3165,"href":"https:\/\/bsjk.ro\/ro\/wp-json\/wp\/v2\/pages\/3163\/revisions\/3165"}],"wp:attachment":[{"href":"https:\/\/bsjk.ro\/ro\/wp-json\/wp\/v2\/media?parent=3163"}],"curies":[{"name":"wp","href":"https:\/\/api.w.org\/{rel}","templated":true}]}}