{"id":3296,"date":"2023-02-15T14:00:40","date_gmt":"2023-02-15T11:00:40","guid":{"rendered":"https:\/\/bsjk.ro\/centrul-fericitul-scheffler-janos\/"},"modified":"2023-02-15T14:50:49","modified_gmt":"2023-02-15T11:50:49","slug":"centrul-fericitul-scheffler-janos","status":"publish","type":"page","link":"https:\/\/bsjk.ro\/ro\/centrul-fericitul-scheffler-janos\/","title":{"rendered":"Centrul Fericitul Scheffler J\u00e1nos"},"content":{"rendered":"<div class=\"fusion-fullwidth fullwidth-box fusion-builder-row-1 fusion-flex-container has-pattern-background has-mask-background nonhundred-percent-fullwidth non-hundred-percent-height-scrolling\" style=\"--awb-border-radius-top-left:0px;--awb-border-radius-top-right:0px;--awb-border-radius-bottom-right:0px;--awb-border-radius-bottom-left:0px;--awb-flex-wrap:wrap;\" ><div class=\"fusion-builder-row fusion-row fusion-flex-align-items-flex-start fusion-flex-content-wrap\" style=\"max-width:1393.6px;margin-left: calc(-4% \/ 2 );margin-right: calc(-4% \/ 2 );\"><div class=\"fusion-layout-column fusion_builder_column fusion-builder-column-0 fusion_builder_column_1_1 1_1 fusion-flex-column\" style=\"--awb-bg-size:cover;--awb-width-large:100%;--awb-margin-top-large:0px;--awb-spacing-right-large:1.92%;--awb-margin-bottom-large:20px;--awb-spacing-left-large:1.92%;--awb-width-medium:100%;--awb-order-medium:0;--awb-spacing-right-medium:1.92%;--awb-spacing-left-medium:1.92%;--awb-width-small:100%;--awb-order-small:0;--awb-spacing-right-small:1.92%;--awb-spacing-left-small:1.92%;\"><div class=\"fusion-column-wrapper fusion-column-has-shadow fusion-flex-justify-content-flex-start fusion-content-layout-column\"><div class=\"fusion-text fusion-text-1\"><h4><strong>Prezentarea Centrului Fericitul Scheffler J\u00e1nos K\u00f6zpont<\/strong><\/h4>\n<p>Centrul Fericitul Scheffler Janos \u0219i-a deschis por\u021bile \u00een anul 2012, sub egida Asocia\u021biei Surorilor de Caritate Sfantul Vicen\u021biu.<\/p>\n<p>Misiunea str\u0103veche a surorilor, a fost preluat\u0103 de un grup de profesinoni\u0219ti pasiona\u021bi, care printr-o continu\u0103 dezvoltare \u00eencearc\u0103 s\u0103 vin\u0103 \u00een ajutorul copiilor din regiune, cu o palet\u0103 larg\u0103 de servicii terapeutice \u0219i de dezvoltare.<\/p>\n<p>Din 2015, \u00een aceea\u0219i cl\u0103dire func\u021bioneaz\u0103 dou\u0103 Centre separate:<\/p>\n<ul>\n<li>Centrul Fericitul Scheffler Janos pentru copii<\/li>\n<li>Centrul Fericitul Scheffler Janos pentru copii cu dizabilit\u0103\u021bi<\/li>\n<\/ul>\n<p>Ambele Centre ofer\u0103 servicii sociale de calitate, conform standardelor \u00een vigoare. Misiunea Centrului Fericitul Scheffler Janos pentru copii este, de a oferi servicii cu caracter preventiv copiilor din regiune, respectiv de a cre\u0219te nivelul educa\u021biei pentru s\u0103n\u0103tate.<\/p>\n<p><strong>Domeniile principale de activitate:<\/strong><\/p>\n<p>&#8211; prevenirea a unei dezvolt\u0103ri atipice<\/p>\n<p>&#8211; identificarea timpurie a simptomelor de risc pentru dezvoltarea atipic\u0103<\/p>\n<p>&#8211; formarea p\u0103rin\u021bilor \u0219i a cadrelor didactice<\/p>\n<p>&#8211; derularea unor programe (evalu\u0103ri \u0219i activit\u0103\u021bi) cu caracter preventiv<\/p>\n<p>&#8211; asigurarea unor activit\u0103\u021bi terapeutice cu caracter preventiv<\/p>\n<p>&#8211; formarea unei viziuni preventive<\/p>\n<p>&#8211; pentru copii cu o dezvoltare echilibrat\u0103 sau cei care prezint\u0103 doar risc pentru o dezvoltare atipic\u0103 se ofer\u0103 posibilitatea partip\u0103rii la diversele activit\u0103\u021bi terapeutice, aplicate cu caracter preventiv<\/p>\n<p><strong>Activitatea Centrului se contureaz\u0103 \u00een jurul celor trei concepte de baz\u0103:<\/strong><\/p>\n<p><strong>PREVEN\u021aIE-SCREENING-DEZVOLTARE<\/strong><\/p>\n<p>Centrul Fericitul Scheffler Janos pentru copii cu dizabilit\u0103\u021bi \u0219i-a p\u0103strat principalul domeniu de activitate: diagnosticul \u0219i tratamentul complex al diverselor tipuri de dizabilit\u0103\u021bi.<\/p>\n<p>Printre obiectivele Centrului se num\u0103r\u0103:<\/p>\n<p>&#8211; dezvoltarea copiilor cu nevoi speciale<\/p>\n<p>&#8211; evaluarea st\u0103rii actuale \u0219i monitorizarea dezvolt\u0103rii<\/p>\n<p>&#8211; asigurarea unor metode terapeutice moderne<\/p>\n<p>&#8211; colaborarea cu personalul didactic \u00een vederea facilit\u0103rii integr\u0103rii copiilor \u00een colectivitate\/\u00eenv\u0103\u021b\u0103m\u00e2ntul de mas\u0103<\/p>\n<p>&#8211; sprijin acordat familiei copiilor cu dizabilit\u0103\u021bi<\/p>\n<p>&#8211; promovarea unei viziuni tolerante<\/p>\n<p>&#8211; punerea la dispozi\u021bie a activit\u0103\u021bilor de dezvoltare pentru copiii s\u0103n\u0103to\u0219i \u0219i\/sau \u00een situa\u021bii de risc<\/p>\n<p>&#8211; punerea \u00een aplicare a integr\u0103rii inverse.<\/p>\n<p><strong>Activitatea se desf\u0103\u0219oar\u0103 deci \u00een jurul a trei concepte de baz\u0103 interdependente:<\/strong><\/p>\n<p><strong>DIAGNOSTIC-DEZVOLTARE-REABILITARE<\/strong><\/p>\n<\/div><\/div><\/div><\/div><\/div>\n","protected":false},"excerpt":{"rendered":"","protected":false},"author":1,"featured_media":0,"parent":0,"menu_order":0,"comment_status":"closed","ping_status":"closed","template":"","meta":{"footnotes":""},"class_list":["post-3296","page","type-page","status-publish","hentry"],"_links":{"self":[{"href":"https:\/\/bsjk.ro\/ro\/wp-json\/wp\/v2\/pages\/3296","targetHints":{"allow":["GET"]}}],"collection":[{"href":"https:\/\/bsjk.ro\/ro\/wp-json\/wp\/v2\/pages"}],"about":[{"href":"https:\/\/bsjk.ro\/ro\/wp-json\/wp\/v2\/types\/page"}],"author":[{"embeddable":true,"href":"https:\/\/bsjk.ro\/ro\/wp-json\/wp\/v2\/users\/1"}],"replies":[{"embeddable":true,"href":"https:\/\/bsjk.ro\/ro\/wp-json\/wp\/v2\/comments?post=3296"}],"version-history":[{"count":6,"href":"https:\/\/bsjk.ro\/ro\/wp-json\/wp\/v2\/pages\/3296\/revisions"}],"predecessor-version":[{"id":3303,"href":"https:\/\/bsjk.ro\/ro\/wp-json\/wp\/v2\/pages\/3296\/revisions\/3303"}],"wp:attachment":[{"href":"https:\/\/bsjk.ro\/ro\/wp-json\/wp\/v2\/media?parent=3296"}],"curies":[{"name":"wp","href":"https:\/\/api.w.org\/{rel}","templated":true}]}}