{"id":3722,"date":"2022-06-20T14:28:02","date_gmt":"2022-06-20T11:28:02","guid":{"rendered":"https:\/\/bsjk.ro\/impreuna-pentru-dezvoltare-ofera-35-din-impozitul-pe-venit\/"},"modified":"2026-02-04T09:54:43","modified_gmt":"2026-02-04T06:54:43","slug":"impreuna-pentru-dezvoltare-ofera-35-din-impozitul-pe-venit","status":"publish","type":"page","link":"https:\/\/bsjk.ro\/ro\/impreuna-pentru-dezvoltare-ofera-35-din-impozitul-pe-venit\/","title":{"rendered":"\u00cempreun\u0103 pentru dezvoltare! &#8211; ofer\u0103 3,5% din impozitul pe venit"},"content":{"rendered":"<div class=\"fusion-fullwidth fullwidth-box fusion-builder-row-1 fusion-flex-container nonhundred-percent-fullwidth non-hundred-percent-height-scrolling\" style=\"--awb-border-radius-top-left:0px;--awb-border-radius-top-right:0px;--awb-border-radius-bottom-right:0px;--awb-border-radius-bottom-left:0px;--awb-flex-wrap:wrap;\" ><div class=\"fusion-builder-row fusion-row fusion-flex-align-items-flex-start fusion-flex-content-wrap\" style=\"max-width:1393.6px;margin-left: calc(-4% \/ 2 );margin-right: calc(-4% \/ 2 );\"><div class=\"fusion-layout-column fusion_builder_column fusion-builder-column-0 fusion_builder_column_1_1 1_1 fusion-flex-column\" style=\"--awb-bg-size:cover;--awb-width-large:100%;--awb-margin-top-large:0px;--awb-spacing-right-large:1.92%;--awb-margin-bottom-large:20px;--awb-spacing-left-large:1.92%;--awb-width-medium:100%;--awb-order-medium:0;--awb-spacing-right-medium:1.92%;--awb-spacing-left-medium:1.92%;--awb-width-small:100%;--awb-order-small:0;--awb-spacing-right-small:1.92%;--awb-spacing-left-small:1.92%;\"><div class=\"fusion-column-wrapper fusion-column-has-shadow fusion-flex-justify-content-flex-start fusion-content-layout-column\"><div class=\"fusion-image-element \" style=\"text-align:center;--awb-caption-title-font-family:var(--h2_typography-font-family);--awb-caption-title-font-weight:var(--h2_typography-font-weight);--awb-caption-title-font-style:var(--h2_typography-font-style);--awb-caption-title-size:var(--h2_typography-font-size);--awb-caption-title-transform:var(--h2_typography-text-transform);--awb-caption-title-line-height:var(--h2_typography-line-height);--awb-caption-title-letter-spacing:var(--h2_typography-letter-spacing);\"><span class=\" fusion-imageframe imageframe-none imageframe-1 hover-type-none\"><img decoding=\"async\" src=\"data:image\/gif;base64,R0lGODlhAQABAAAAACH5BAEKAAEALAAAAAABAAEAAAICTAEAOw==\" data-orig-src=\"https:\/\/bsjk.ro\/wp-content\/uploads\/2022\/06\/275972749_1577694495934809_2467285906087400318_n-1024x450.jpeg\" alt class=\"lazyload img-responsive\"\/><\/span><\/div><div class=\"fusion-text fusion-text-1\"><p>Centrul Fericitul Scheffler J\u00e1nos, din cadrul Asocia\u021biei Surorile de Caritate Sf\u00e2ntul Vicen\u021biu asigur\u0103 servicii acreditate \u0219i licen\u021biate de Ministerul Muncii \u0219i Protec\u021biei Sociale.<\/p>\n<p>Centrul Fericitul Scheffler J\u00e1nos a fost \u00eenfiin\u021bat \u00een 2012 cu scopul de a fi promotorul pentru dezvoltarea eficace \u0219i s\u0103n\u0103toas\u0103 a copiilor din regiune. La \u00eenceput, centrul s-a concentrat pe dezvoltarea \u0219i facilitarea copiilor cu nevoi speciale, din 2015 personalul calificat a l\u0103rgit aria de activitate \u0219i asupra nevoilor copiilor s\u0103n\u0103to\u0219i cu programe care cuprind: preven\u021bie, men\u021binerea s\u0103n\u0103t\u0103\u021bii, suport pentru dezvoltare s\u0103n\u0103toas\u0103. \u00cen prezent centrul func\u021bioneaz\u0103 cu dou\u0103 servicii socile acreditate \u0219i licen\u021biate. Centrul fericitul Scheffler Janos pentru copii \u0219i Centrul Fericitul Scheffler Janos pentru copii cu dizabilit\u0103\u021bi de-a lungul anilor, au contribuit la diagnosticarea \u0219i terapia complex\u0103 a sutelor de copii, astfel contribuind \u0219i la dezvoltarea comunit\u0103\u021bii locale. Anual asigur\u0103m servicii pentru mai mult de 200 copii pe lun\u0103, care reprezint\u0103 anual peste 12.000 de terapii \u0219i peste 1.000 de evalu\u0103ri de specialitate.<\/p>\n<p>Acest centru, \u00ee\u0219i va continua munca \u0219i pe viitor, iar dumneavoastr\u0103 dac\u0103 dori\u021bi s\u0103 ajuta\u021bi consolidarea acestei misiuni, o pute\u021bi face prin oferirea celor 3,5% din impozitul de venit Centrului Fericitul Scheffler J\u00e1nos. Aceast\u0103 posibilitate reprezint\u0103 un instrument pentru fiecare cet\u0103\u021bean, pe baza c\u0103ruia poate s\u0103 decid\u0103 liber destina\u021bia sumelor. \u00cen cazul \u00een care nu folosi\u021bi de oportunitatea ofert\u0103 de stat, suma ne\u00eentrebuin\u021bat\u0103 r\u0103m\u00e2ne \u00een bugetul statului. \u00cen vederea complet\u0103rii formularelor oferim ajutor la sediul Asocia\u021biei din Satu Mare, strada \u0218tefan cel Mare, nr.9.<\/p>\n<\/div><div style=\"text-align:center;\"><a class=\"fusion-button button-flat fusion-button-default-size button-default fusion-button-default button-1 fusion-button-default-span fusion-button-default-type\" style=\"--button-border-radius-top-left:0;--button-border-radius-top-right:0;--button-border-radius-bottom-right:0;--button-border-radius-bottom-left:0;\" target=\"_self\" href=\"https:\/\/bsjk.ro\/wp-content\/uploads\/2026\/02\/Formular2023020pt20anul202025.pdf\"><span class=\"fusion-button-text\">Desc\u0103rca\u021bi formularul 230<\/span><\/a><\/div><\/div><\/div><\/div><\/div>\n","protected":false},"excerpt":{"rendered":"","protected":false},"author":1,"featured_media":0,"parent":0,"menu_order":0,"comment_status":"closed","ping_status":"closed","template":"100-width.php","meta":{"footnotes":""},"class_list":["post-3722","page","type-page","status-publish","hentry"],"_links":{"self":[{"href":"https:\/\/bsjk.ro\/ro\/wp-json\/wp\/v2\/pages\/3722","targetHints":{"allow":["GET"]}}],"collection":[{"href":"https:\/\/bsjk.ro\/ro\/wp-json\/wp\/v2\/pages"}],"about":[{"href":"https:\/\/bsjk.ro\/ro\/wp-json\/wp\/v2\/types\/page"}],"author":[{"embeddable":true,"href":"https:\/\/bsjk.ro\/ro\/wp-json\/wp\/v2\/users\/1"}],"replies":[{"embeddable":true,"href":"https:\/\/bsjk.ro\/ro\/wp-json\/wp\/v2\/comments?post=3722"}],"version-history":[{"count":14,"href":"https:\/\/bsjk.ro\/ro\/wp-json\/wp\/v2\/pages\/3722\/revisions"}],"predecessor-version":[{"id":5997,"href":"https:\/\/bsjk.ro\/ro\/wp-json\/wp\/v2\/pages\/3722\/revisions\/5997"}],"wp:attachment":[{"href":"https:\/\/bsjk.ro\/ro\/wp-json\/wp\/v2\/media?parent=3722"}],"curies":[{"name":"wp","href":"https:\/\/api.w.org\/{rel}","templated":true}]}}