{"id":3792,"date":"2022-07-18T13:02:46","date_gmt":"2022-07-18T10:02:46","guid":{"rendered":"https:\/\/bsjk.ro\/centrul-fericitul-scheffler-janos\/centrul-de-prevenire-si-dezvoltare-a-copilului\/"},"modified":"2024-02-19T16:34:23","modified_gmt":"2024-02-19T13:34:23","slug":"centrul-de-prevenire-si-dezvoltare-a-copilului","status":"publish","type":"page","link":"https:\/\/bsjk.ro\/ro\/centrul-fericitul-scheffler-janos\/centrul-de-prevenire-si-dezvoltare-a-copilului\/","title":{"rendered":"Centrul de prevenire \u0219i dezvoltare a copilului"},"content":{"rendered":"<p><div class=\"fusion-fullwidth fullwidth-box fusion-builder-row-1 fusion-flex-container has-pattern-background has-mask-background nonhundred-percent-fullwidth non-hundred-percent-height-scrolling\" style=\"--awb-border-radius-top-left:0px;--awb-border-radius-top-right:0px;--awb-border-radius-bottom-right:0px;--awb-border-radius-bottom-left:0px;--awb-padding-right:150px;--awb-padding-left:150px;--awb-flex-wrap:wrap;\" ><div class=\"fusion-builder-row fusion-row fusion-flex-align-items-center fusion-flex-justify-content-center fusion-flex-content-wrap\" style=\"max-width:1393.6px;margin-left: calc(-4% \/ 2 );margin-right: calc(-4% \/ 2 );\"><div class=\"fusion-layout-column fusion_builder_column fusion-builder-column-0 fusion_builder_column_1_1 1_1 fusion-flex-column\" style=\"--awb-padding-right:120px;--awb-padding-left:120px;--awb-bg-size:cover;--awb-width-large:100%;--awb-margin-top-large:0px;--awb-spacing-right-large:0%;--awb-margin-bottom-large:20px;--awb-spacing-left-large:0%;--awb-width-medium:100%;--awb-order-medium:0;--awb-spacing-right-medium:0%;--awb-spacing-left-medium:0%;--awb-width-small:100%;--awb-order-small:0;--awb-spacing-right-small:1.92%;--awb-spacing-left-small:1.92%;\"><div class=\"fusion-column-wrapper fusion-column-has-shadow fusion-flex-justify-content-flex-start fusion-content-layout-column\"><div class=\"fusion-slider-sc\"><div class=\"fusion-flexslider-loading flexslider fusion-aligncenter flexslider-hover-type-none\" data-slideshow_autoplay=\"1\" data-slideshow_smooth_height=\"1\" data-slideshow_speed=\"3500\" style=\"max-width:100%;height:100%;\"><ul class=\"slides\"><li class=\"image\"><span class=\"lazyload fusion-image-hover-element hover-type-none\"><img decoding=\"async\" src=\"https:\/\/bsjk.ro\/wp-content\/uploads\/2022\/07\/rehab-terapia-logopedia-600x400.jpeg\" data-orig-src=\"https:\/\/bsjk.ro\/wp-content\/uploads\/2022\/07\/rehab-terapia-logopedia-600x400.jpeg\" width=\"600\" height=\"400\" class=\"lazyload wp-image-2238\" srcset=\"data:image\/svg+xml,%3Csvg%20xmlns%3D%27http%3A%2F%2Fwww.w3.org%2F2000%2Fsvg%27%20width%3D%27600%27%20height%3D%27400%27%20viewBox%3D%270%200%20600%20400%27%3E%3Crect%20width%3D%27600%27%20height%3D%27400%27%20fill-opacity%3D%220%22%2F%3E%3C%2Fsvg%3E\" data-srcset=\"https:\/\/bsjk.ro\/wp-content\/uploads\/2022\/07\/rehab-terapia-logopedia-200x133.jpeg 200w, https:\/\/bsjk.ro\/wp-content\/uploads\/2022\/07\/rehab-terapia-logopedia-400x267.jpeg 400w, https:\/\/bsjk.ro\/wp-content\/uploads\/2022\/07\/rehab-terapia-logopedia-600x400.jpeg 600w, https:\/\/bsjk.ro\/wp-content\/uploads\/2022\/07\/rehab-terapia-logopedia-800x533.jpeg 800w, https:\/\/bsjk.ro\/wp-content\/uploads\/2022\/07\/rehab-terapia-logopedia.jpeg 900w\" data-sizes=\"auto\" data-orig-sizes=\"(max-width: 800px) 100vw, 600px\" \/><\/span><\/li><li class=\"image\"><span class=\"lazyload fusion-image-hover-element hover-type-none\"><img decoding=\"async\" src=\"https:\/\/bsjk.ro\/wp-content\/uploads\/2022\/07\/prevencios-vizsgalat-tanzavar-prevencio-1-600x400.jpeg\" data-orig-src=\"https:\/\/bsjk.ro\/wp-content\/uploads\/2022\/07\/prevencios-vizsgalat-tanzavar-prevencio-1-600x400.jpeg\" width=\"600\" height=\"400\" class=\"lazyload wp-image-2234\" srcset=\"data:image\/svg+xml,%3Csvg%20xmlns%3D%27http%3A%2F%2Fwww.w3.org%2F2000%2Fsvg%27%20width%3D%27600%27%20height%3D%27400%27%20viewBox%3D%270%200%20600%20400%27%3E%3Crect%20width%3D%27600%27%20height%3D%27400%27%20fill-opacity%3D%220%22%2F%3E%3C%2Fsvg%3E\" data-srcset=\"https:\/\/bsjk.ro\/wp-content\/uploads\/2022\/07\/prevencios-vizsgalat-tanzavar-prevencio-1-200x133.jpeg 200w, https:\/\/bsjk.ro\/wp-content\/uploads\/2022\/07\/prevencios-vizsgalat-tanzavar-prevencio-1-400x267.jpeg 400w, https:\/\/bsjk.ro\/wp-content\/uploads\/2022\/07\/prevencios-vizsgalat-tanzavar-prevencio-1-600x400.jpeg 600w, https:\/\/bsjk.ro\/wp-content\/uploads\/2022\/07\/prevencios-vizsgalat-tanzavar-prevencio-1-800x533.jpeg 800w, https:\/\/bsjk.ro\/wp-content\/uploads\/2022\/07\/prevencios-vizsgalat-tanzavar-prevencio-1.jpeg 900w\" data-sizes=\"auto\" data-orig-sizes=\"(max-width: 800px) 100vw, 600px\" \/><\/span><\/li><li class=\"image\"><span class=\"lazyload fusion-image-hover-element hover-type-none\"><img decoding=\"async\" src=\"https:\/\/bsjk.ro\/wp-content\/uploads\/2022\/07\/prevencios-terapia-babauszas-600x400.jpeg\" data-orig-src=\"https:\/\/bsjk.ro\/wp-content\/uploads\/2022\/07\/prevencios-terapia-babauszas-600x400.jpeg\" width=\"600\" height=\"400\" class=\"lazyload wp-image-2232\" srcset=\"data:image\/svg+xml,%3Csvg%20xmlns%3D%27http%3A%2F%2Fwww.w3.org%2F2000%2Fsvg%27%20width%3D%27600%27%20height%3D%27400%27%20viewBox%3D%270%200%20600%20400%27%3E%3Crect%20width%3D%27600%27%20height%3D%27400%27%20fill-opacity%3D%220%22%2F%3E%3C%2Fsvg%3E\" data-srcset=\"https:\/\/bsjk.ro\/wp-content\/uploads\/2022\/07\/prevencios-terapia-babauszas-200x133.jpeg 200w, https:\/\/bsjk.ro\/wp-content\/uploads\/2022\/07\/prevencios-terapia-babauszas-400x267.jpeg 400w, https:\/\/bsjk.ro\/wp-content\/uploads\/2022\/07\/prevencios-terapia-babauszas-600x400.jpeg 600w, https:\/\/bsjk.ro\/wp-content\/uploads\/2022\/07\/prevencios-terapia-babauszas-800x533.jpeg 800w, https:\/\/bsjk.ro\/wp-content\/uploads\/2022\/07\/prevencios-terapia-babauszas.jpeg 900w\" data-sizes=\"auto\" data-orig-sizes=\"(max-width: 800px) 100vw, 600px\" \/><\/span><\/li><li class=\"image\"><span class=\"lazyload fusion-image-hover-element hover-type-none\"><img decoding=\"async\" src=\"https:\/\/bsjk.ro\/wp-content\/uploads\/2022\/07\/prevencios-terapia-gyogytorna-600x400.jpeg\" data-orig-src=\"https:\/\/bsjk.ro\/wp-content\/uploads\/2022\/07\/prevencios-terapia-gyogytorna-600x400.jpeg\" width=\"600\" height=\"400\" class=\"lazyload wp-image-2229\" srcset=\"data:image\/svg+xml,%3Csvg%20xmlns%3D%27http%3A%2F%2Fwww.w3.org%2F2000%2Fsvg%27%20width%3D%27600%27%20height%3D%27400%27%20viewBox%3D%270%200%20600%20400%27%3E%3Crect%20width%3D%27600%27%20height%3D%27400%27%20fill-opacity%3D%220%22%2F%3E%3C%2Fsvg%3E\" data-srcset=\"https:\/\/bsjk.ro\/wp-content\/uploads\/2022\/07\/prevencios-terapia-gyogytorna-200x133.jpeg 200w, https:\/\/bsjk.ro\/wp-content\/uploads\/2022\/07\/prevencios-terapia-gyogytorna-400x267.jpeg 400w, https:\/\/bsjk.ro\/wp-content\/uploads\/2022\/07\/prevencios-terapia-gyogytorna-600x400.jpeg 600w, https:\/\/bsjk.ro\/wp-content\/uploads\/2022\/07\/prevencios-terapia-gyogytorna-800x533.jpeg 800w, https:\/\/bsjk.ro\/wp-content\/uploads\/2022\/07\/prevencios-terapia-gyogytorna.jpeg 900w\" data-sizes=\"auto\" data-orig-sizes=\"(max-width: 800px) 100vw, 600px\" \/><\/span><\/li><li class=\"image\"><span class=\"lazyload fusion-image-hover-element hover-type-none\"><img decoding=\"async\" src=\"https:\/\/bsjk.ro\/wp-content\/uploads\/2022\/07\/prevencios-vizsgalat-mozgasvizsgalat-1-600x400.jpeg\" data-orig-src=\"https:\/\/bsjk.ro\/wp-content\/uploads\/2022\/07\/prevencios-vizsgalat-mozgasvizsgalat-1-600x400.jpeg\" width=\"600\" height=\"400\" class=\"lazyload wp-image-2227\" srcset=\"data:image\/svg+xml,%3Csvg%20xmlns%3D%27http%3A%2F%2Fwww.w3.org%2F2000%2Fsvg%27%20width%3D%27600%27%20height%3D%27400%27%20viewBox%3D%270%200%20600%20400%27%3E%3Crect%20width%3D%27600%27%20height%3D%27400%27%20fill-opacity%3D%220%22%2F%3E%3C%2Fsvg%3E\" data-srcset=\"https:\/\/bsjk.ro\/wp-content\/uploads\/2022\/07\/prevencios-vizsgalat-mozgasvizsgalat-1-200x133.jpeg 200w, https:\/\/bsjk.ro\/wp-content\/uploads\/2022\/07\/prevencios-vizsgalat-mozgasvizsgalat-1-400x267.jpeg 400w, https:\/\/bsjk.ro\/wp-content\/uploads\/2022\/07\/prevencios-vizsgalat-mozgasvizsgalat-1-600x400.jpeg 600w, https:\/\/bsjk.ro\/wp-content\/uploads\/2022\/07\/prevencios-vizsgalat-mozgasvizsgalat-1-800x533.jpeg 800w, https:\/\/bsjk.ro\/wp-content\/uploads\/2022\/07\/prevencios-vizsgalat-mozgasvizsgalat-1.jpeg 900w\" data-sizes=\"auto\" data-orig-sizes=\"(max-width: 800px) 100vw, 600px\" \/><\/span><\/li><li class=\"image\"><span class=\"lazyload fusion-image-hover-element hover-type-none\"><img decoding=\"async\" src=\"https:\/\/bsjk.ro\/wp-content\/uploads\/2022\/07\/prevencios-terapia-tanulasi-zavarok-megelozes-600x400.jpeg\" data-orig-src=\"https:\/\/bsjk.ro\/wp-content\/uploads\/2022\/07\/prevencios-terapia-tanulasi-zavarok-megelozes-600x400.jpeg\" width=\"600\" height=\"400\" class=\"lazyload wp-image-2224\" srcset=\"data:image\/svg+xml,%3Csvg%20xmlns%3D%27http%3A%2F%2Fwww.w3.org%2F2000%2Fsvg%27%20width%3D%27600%27%20height%3D%27400%27%20viewBox%3D%270%200%20600%20400%27%3E%3Crect%20width%3D%27600%27%20height%3D%27400%27%20fill-opacity%3D%220%22%2F%3E%3C%2Fsvg%3E\" data-srcset=\"https:\/\/bsjk.ro\/wp-content\/uploads\/2022\/07\/prevencios-terapia-tanulasi-zavarok-megelozes-200x133.jpeg 200w, https:\/\/bsjk.ro\/wp-content\/uploads\/2022\/07\/prevencios-terapia-tanulasi-zavarok-megelozes-400x267.jpeg 400w, https:\/\/bsjk.ro\/wp-content\/uploads\/2022\/07\/prevencios-terapia-tanulasi-zavarok-megelozes-600x400.jpeg 600w, https:\/\/bsjk.ro\/wp-content\/uploads\/2022\/07\/prevencios-terapia-tanulasi-zavarok-megelozes-800x533.jpeg 800w, https:\/\/bsjk.ro\/wp-content\/uploads\/2022\/07\/prevencios-terapia-tanulasi-zavarok-megelozes.jpeg 900w\" data-sizes=\"auto\" data-orig-sizes=\"(max-width: 800px) 100vw, 600px\" \/><\/span><\/li><li class=\"image\"><span class=\"lazyload fusion-image-hover-element hover-type-none\"><img decoding=\"async\" src=\"https:\/\/bsjk.ro\/wp-content\/uploads\/2022\/07\/Vizsga\u0301lat-Logope\u0301dia-600x240.jpeg\" data-orig-src=\"https:\/\/bsjk.ro\/wp-content\/uploads\/2022\/07\/Vizsga\u0301lat-Logope\u0301dia-600x240.jpeg\" width=\"600\" height=\"240\" class=\"lazyload wp-image-2209\" srcset=\"data:image\/svg+xml,%3Csvg%20xmlns%3D%27http%3A%2F%2Fwww.w3.org%2F2000%2Fsvg%27%20width%3D%27600%27%20height%3D%27240%27%20viewBox%3D%270%200%20600%20240%27%3E%3Crect%20width%3D%27600%27%20height%3D%27240%27%20fill-opacity%3D%220%22%2F%3E%3C%2Fsvg%3E\" data-srcset=\"https:\/\/bsjk.ro\/wp-content\/uploads\/2022\/07\/Vizsga\u0301lat-Logope\u0301dia-200x80.jpeg 200w, https:\/\/bsjk.ro\/wp-content\/uploads\/2022\/07\/Vizsga\u0301lat-Logope\u0301dia-400x160.jpeg 400w, https:\/\/bsjk.ro\/wp-content\/uploads\/2022\/07\/Vizsga\u0301lat-Logope\u0301dia-600x240.jpeg 600w, https:\/\/bsjk.ro\/wp-content\/uploads\/2022\/07\/Vizsga\u0301lat-Logope\u0301dia-800x320.jpeg 800w, https:\/\/bsjk.ro\/wp-content\/uploads\/2022\/07\/Vizsga\u0301lat-Logope\u0301dia.jpeg 960w\" data-sizes=\"auto\" data-orig-sizes=\"(max-width: 800px) 100vw, 600px\" \/><\/span><\/li><\/ul><\/div><\/div><\/div><\/div><\/div><\/div><div class=\"fusion-fullwidth fullwidth-box fusion-builder-row-2 fusion-flex-container has-pattern-background has-mask-background nonhundred-percent-fullwidth non-hundred-percent-height-scrolling\" style=\"--awb-border-radius-top-left:0px;--awb-border-radius-top-right:0px;--awb-border-radius-bottom-right:0px;--awb-border-radius-bottom-left:0px;--awb-flex-wrap:wrap;\" ><div class=\"fusion-builder-row fusion-row fusion-flex-align-items-flex-start fusion-flex-content-wrap\" style=\"max-width:1393.6px;margin-left: calc(-4% \/ 2 );margin-right: calc(-4% \/ 2 );\"><div class=\"fusion-layout-column fusion_builder_column fusion-builder-column-1 fusion_builder_column_1_1 1_1 fusion-flex-column\" style=\"--awb-bg-size:cover;--awb-width-large:100%;--awb-margin-top-large:0px;--awb-spacing-right-large:1.92%;--awb-margin-bottom-large:20px;--awb-spacing-left-large:1.92%;--awb-width-medium:100%;--awb-order-medium:0;--awb-spacing-right-medium:1.92%;--awb-spacing-left-medium:1.92%;--awb-width-small:100%;--awb-order-small:0;--awb-spacing-right-small:1.92%;--awb-spacing-left-small:1.92%;\"><div class=\"fusion-column-wrapper fusion-column-has-shadow fusion-flex-justify-content-flex-start fusion-content-layout-column\"><div class=\"fusion-text fusion-text-1\"><p>Centrul Fericitul Scheffler Janos \u0219i-a deschis por\u021bile \u00een anul 2012, sub egida Asocia\u021biei Surorilor de <strong>Caritate Sfantul Vicen\u021biu.<\/strong> Misiunea str\u0103veche a surorilor, a fost preluat\u0103 de un grup de profesinoni\u0219ti pasiona\u021bi, care printr-o continu\u0103 dezvoltare \u00eencearc\u0103 s\u0103 vin\u0103 \u00een ajutorul copiilor din regiune, cu o palet\u0103 larg\u0103 de servicii terapeutice \u0219i de dezvoltare. \u00cen primii ani, activitatea Centrului s-a limitat doar la copiii cu nevoi speciale, copii care tr\u0103iesc cu diferite deficien\u021be \u2013 scopul principal fiind terapia complex\u0103 a acestora. \u00cen ultimii ani <strong>Centrul \u0219i-a l\u0103rgit semnificativ domeniul de activitate<\/strong> \u2013 acord\u00e2nd o aten\u021bie sporit\u0103 \u0219i activit\u0103\u021bilor preventive, activit\u0103\u021bi care au ca obiectiv secundar formarea unei viziuni preventive, respectiv asigurarea unei dezvolt\u0103ri echilibrate, s<strong>\u0103n\u0103toase a tuturor copiilor.<\/strong><\/p>\n<\/div><div class=\"fusion-text fusion-text-2\"><p><strong>Astfel, \u00eencep\u00e2nd cu luna decembrie 2015, \u00een aceea\u0219i cl\u0103dire func\u021bioneaz\u0103 dou\u0103 Centre separate: Centrul Fericitul Scheffler Janos pentru copii Centrul Fericitul Scheffler Janos pentru copii cu dizabilit\u0103\u021bi.Ambele Centre ofer\u0103 servicii sociale de calitate, conform standardelor \u00een vigoare. Misiunea Centrului Fericitul Scheffler Janos pentru copii este, de a oferi servicii cu caracter preventiv copiilor din regiune, respectiv de a cre\u0219te nivelul educa\u021biei pentru s\u0103n\u0103tate.<\/strong><\/p>\n<\/div><div class=\"fusion-text fusion-text-3\"><p><strong>Domeniile principale de activitate:<\/strong><\/p>\n<ul>\n<li>prevenirea a unei dezvolt\u0103ri atipice<\/li>\n<li>identificarea timpurie a simptomelor de risc pentru dezvoltarea atipic\u0103<\/li>\n<li>formarea p\u0103rin\u021bilor \u0219i a cadrelor didactice<\/li>\n<li>derularea unor programe (evalu\u0103ri \u0219i activit\u0103\u021bi) cu caracter preventiv<\/li>\n<li>asigurarea unor activit\u0103\u021bi terapeutice cu caracter preventiv<\/li>\n<li>formarea unei viziuni preventive<\/li>\n<li>pentru copii cu o dezvoltare echilibrat\u0103 sau cei care prezint\u0103 doar risc pentru o dezvoltare atipic\u0103 se ofer\u0103 posibilitatea partip\u0103rii la diversele activit\u0103\u021bi terapeutice,<\/li>\n<\/ul>\n<\/div><div class=\"fusion-text fusion-text-4\"><p><strong>Ce este preven\u021bia \u0219i de ce este important\u0103?<\/strong><\/p>\n<p>Preven\u021bia este totalitatea acelor activit\u0103\u021bi \u0219i concepte, care sunt centrate pe educa\u021bia pentru s\u0103n\u0103tate, pe men\u021binerea \u0219i asigurarea s\u0103n\u0103t\u0103\u021bii respectiv toate posibilit\u0103\u021bile prin care se poate restabili starea de s\u0103n\u0103tate \u00een caz de boal\u0103.<br \/>\u00cen cazul nostru, ideea central\u0103 este ca din fiecare copil s\u0103n\u0103tos s\u0103 creasc\u0103 un adult s\u0103n\u0103tos. Pentru a atinge acest obiectiv, este esen\u021bial\u0103 urm\u0103rirea dezvolt\u0103rii fiec\u0103rui copil iar \u00een cazul \u00een care depist\u0103m orice abatere la oricare dintre domeniile de baz\u0103 ale dezvolt\u0103rii, s\u0103 asigur\u0103m ajutor personalizat, pentru a preveni eventualele complica\u021bii \u00een viitor. Formarea unei viziuni preventive la cadrele didactice \u0219i la p\u0103rin\u021bi este primul pas care trebuie f\u0103cut, pentru ca micu\u021bii afla\u021bi \u00eentr-o situa\u021bie de risc, s\u0103 primeasc\u0103 \u00een cel mai scurt timp ajutorul necesar unei dezvolt\u0103ri echilibrate.<\/p>\n<\/div><div class=\"fusion-text fusion-text-5\"><p><strong>Ce este screeningul \u0219i de ce este important?<\/strong><\/p>\n<p>Screeningul reprezint\u0103 totalitatea acelor evalu\u0103ri, care pot identifica primele semne ale unor probleme\/afec\u021biuni mai serioase.<br \/>Experien\u021ba profesioni\u0219tilor no\u0219tri arat\u0103 c\u0103 \u00een majoritatea cazurilor p\u0103rin\u021bii pornesc mult prea t\u00e2rziu s\u0103 caute rezolvare pentru tulbur\u0103rile \u0219colare sau de adaptare ale copiilor. Datorit\u0103 acestei \u00eent\u00e2rzieri, copilul ajunge la specialist \u00eentr-o faz\u0103 \u00een care problema s-a agravat deja, astfel eficacitatea \u0219i prognosticul interven\u021biilor de specialitate este mult mai sc\u0103zut dec\u00e2t dac\u0103 copilul ar fi beneficiat de acestea la o v\u00e2rst\u0103 mai fraged\u0103.<br \/>Este foarte important de \u0219tiut, c\u0103 \u00een cazul copiilor \u201ds\u0103n\u0103to\u0219i\u201d \u00een general, o activitate cu caracter preventiv, aplicat din timp poate avea un efect foarte rapid \u0219i eficacitate maxim\u0103.<\/p>\n<\/div><div class=\"fusion-text fusion-text-6\"><p><strong>Cui se adreseaz\/la cine se refer\u0103?<\/strong><\/p>\n<p>La orice copil \u201ds\u0103n\u0103tos\u201d, cu o dezvoltare echilibrat\u0103, f\u0103r\u0103 probleme (preven\u021bia primar\u0103) sau la oricare copil care prezint\u0103 o abatere de la nivelul de dezvoltare caracteristic v\u00e2rstei (preven\u021bia secundar\u0103).<\/p>\n<\/div><div class=\"fusion-text fusion-text-7\"><p><strong>Primii pa\u0219i\u2026<\/strong><\/p>\n<p>Fiecare p\u0103rinte responsabil, cel pu\u021bin o dat\u0103 pe an ar trebui s\u0103 se consulte cu un specialist, \u00een privin\u021ba dezvolt\u0103rii globale a copilului, chiar dac\u0103 acesta aparent se dezvolt\u0103 corespunz\u0103tor. De multe ori cele mai mici semne de risc, sunt sesizate doar de speciali\u0219ti, acesta fiind momentul cel mai potrivit, pentru a interveni preventiv &#8211; c\u00e2nd deficien\u021bele, simptomele sunt abia vizibilie, dar tou\u0219i prezente. \u00cen cazul \u00een care nu se acord\u0103 importan\u021b\u0103 acestor semne minore, p\u0103rintele crez\u00e2nd c\u0103 \u201dprobabil \u00eei va trece\u201d, \u201dva cre\u0219te \u0219i va fi mai de\u0219tept\u201d sau \u201dnici al\u021bi copii nu \u0219tiu \u00eenc\u0103\u201d&#8230; nu face altceva dec\u00e2t las\u0103 ca situa\u021bia s\u0103 se agraveze de la sine &#8211; a\u0219tept\u00e2nd s\u0103 treac\u0103 timpul, f\u0103r\u0103 s\u0103-\u0219i ajute copilul. Mai t\u00e2rziu c\u00e2nd simptomele devin mai pregnante, ne d\u0103m seama c\u0103 s-a pierdut timp pre\u021bios \u0219i trebuie s\u0103 se rezolv\u0103m o problem\u0103 mai serioas\u0103 cu un efort semnificativ mai mare dec\u00e2t ar fi fost ini\u021bial. Astfel prognosticul devine mai imprevizibil, terapiile vor dura un timp mai \u00eendelungat.<\/p>\n<\/div><div class=\"fusion-text fusion-text-8\"><p><strong>Ce putem preveni? Ce poate fi afectat \u00een cazul unei dezvolt\u0103ri atipice?<\/strong><\/p>\n<p>C\u00e2nd constat\u0103m la copil un ritm de dezvoltare mai lent sau mai accelerat, sau o dizarmonie \u00een procesul achizi\u021biei diferitelor abilit\u0103\u021bi, trebuie s\u0103 ne g\u00e2ndim la urm\u0103toarele<\/p>\n<ul>\n<li>persist\u0103 o imaturitate organic\u0103 a sistemului nervos al copilului<\/li>\n<li>problemele de \u00eenv\u0103\u021bare, cele de aten\u021bie sau de comportament se pot accentua<\/li>\n<li>\u00een timp copilul se poate izola, poate \u00eent\u00e2mpina diverse e\u0219ecuri \u0219colare<\/li>\n<\/ul>\n<\/div><div class=\"fusion-text fusion-text-9\"><p><strong>Cine sunt cei mai vulnerabili pentru o dezvoltare atipic\u0103?<\/strong><\/p>\n<ul>\n<li>copii n\u0103scu\u021bi prematuri<\/li>\n<li>acei copii, ai c\u0103ror dezvoltare motorie p\u00e2n\u0103 la un an\/un an jumate a fost foarte lent\u0103, sau dimpotriv\u0103, foarte accelerat\u0103, sau dac\u0103 etapele de baz\u0103 ale dezvolt\u0103rii nu au fost prezente<\/li>\n<li>a \u00eenceput s\u0103 vorbeasc\u0103 t\u00e2rziu<\/li>\n<li>mi\u0219c\u0103rile lui sunt ne\u00eendem\u00e2natice<\/li>\n<li>\u00eenva\u021b\u0103 greu lucruri noi, necesit\u0103 mult timp \u00een formarea abilit\u0103\u021bilor de baz\u0103<\/li>\n<\/ul>\n<\/div><div class=\"fusion-text fusion-text-10\"><p><strong>Ce tip de screening oferim \u00een cadrul Centrului Fericitul Scheffler Janos pentru copii?<\/strong><\/p>\n<p>\u00cen cadrul Centrului se ofer\u0103 diverse tipuri de evalu\u0103ri cu caracter preventiv:<\/p>\n<p>a) screeningul general al copiilor mici, cu v\u00e2rstele \u00eentre 3 luni \u0219i 3 ani : la v\u00e2rstele de 3, 6, 9, 12, 18, 24 \u0219i 36 de luni se evalueaz\u0103 nivelul de dezvoltare \u00een domeniile de baz\u0103, precum:: domeniul motor, cognitiv, aten\u021bional, social, respectiv limbajul, comportamentul \u0219i percep\u021bia.<\/p>\n<p>b) screeningul general al copiilor mici, cu v\u00e2rste cuprinse \u00eentre 3 ani \u0219i 6 ani: la v\u00e2rstele de 36, 42, 48, 54 \u0219i 60 de luni exist\u0103 posibilitatea evalu\u0103rii nivelului urm\u0103toarelor abilit\u0103\u021bi: mi\u0219c\u0103ri grosiere, fine, practice \u0219i oromotorii, domeniul aten\u021bional percep\u021bia.<\/p>\n<p>c) la v\u00e2rsta de 4,5 \u2013 5 ani screening logopedic: testeaz\u0103 mi\u0219c\u0103rile oromotorii, articularea sunetelor, auzul fonetic etc.<\/p>\n<p>d) screeningul general a copiilor peste 5 ani: acest screening se axeaz\u0103 pe verificarea nivelului de dezvoltare al abilit\u0103\u021bilor de baz\u0103, care reprezint\u0103 cheia succesului \u0219colar de mai t\u00e2rziu: aten\u021bia distributiv\u0103, coordonarea mi\u0219c\u0103rilor, percep\u021bia, abilit\u0103\u021bile grafomotorii .<\/p>\n<p>e) screeningul tulbur\u0103rilor de \u00eenv\u0103\u021bare \u00een clasele primare (clasa I \u0219i II): este o evaluare complex\u0103 a semnelor de risc pentru dislexie\/disgrafie.<\/p>\n<p>f) evaluarea postural\u0103 global\u0103 a copiilor<\/p>\n<\/div><div class=\"fusion-text fusion-text-11\"><p><strong>Ce tipuri de activit\u0103\u021bi teraputice cu caracter preventiv sunt disponibile?<\/strong><\/p>\n<ul>\n<li>interven\u021bie senzorio-motorie individual\u0103 \u0219i de grup (TSMT I \u0219i II)<\/li>\n<li>logopedie<\/li>\n<li>dezvoltarea abilit\u0103\u021bilor de baz\u0103<\/li>\n<li>kinetoterapie<\/li>\n<li>fizioterapie \u0219i \u00eembun\u0103t\u0103\u021birea posturii<\/li>\n<li>hidroterapie<\/li>\n<li>grupuri de socializare\/comunicare<\/li>\n<li>sesiuni intensive pentru diverse categorii de copii<\/li>\n<\/ul>\n<\/div><div class=\"fusion-text fusion-text-12\"><p><strong>Cum s\u0103 procedeze un p\u0103rinte responsabil?<\/strong><\/p>\n<ul>\n<li>s\u0103 urm\u0103reasc\u0103 dezvoltarea global\u0103 a copilului, focus\u00e2ndu-se pe apari\u021bia unor eventuale semne de risc<\/li>\n<li>s\u0103 acceseze serviciile de screening<\/li>\n<li>s\u0103 se informeze despre posibilit\u0103\u021bile de dezvoltare a abilit\u0103\u021bilor copiilor corespunz\u0103tor fiec\u0103rei categorii de v\u00e2rst\u0103<\/li>\n<li>\u00een cazul \u00een care observ\u0103 semne minore sau probleme minore s\u0103 nu ezite s\u0103 contacteze un specialist<\/li>\n<li>s\u0103 efectueze un screening \u021bintit dac\u0103 ceva i se pare c\u0103 nu este \u00een regul\u0103<\/li>\n<li>s\u0103 con\u0219tientizeze faptul, c\u0103 oricare copil poate avea nevoie de ajutor \u0219i c\u0103 problemele majore se pot evita dac\u0103 sunt depistate din timp<\/li>\n<li>s\u0103 \u021bin\u0103 cont de faptul, c\u0103 interven\u021biile timpurii cresc eficien\u021ba terapiilor<\/li>\n<li>s\u0103 nu aib\u0103 re\u021bineri \u00een a se informa despre orice de la speciali\u0219ti<\/li>\n<li>s\u0103 con\u0219tientizeze c\u0103 s\u0103n\u0103tatea copilului este responsabilitatea p\u0103rintelui la fel \u0219i identificarea din timp a semnelor de risc.<\/li>\n<\/ul>\n<p><strong>Dezvoltarea atipic\u0103 nu este un handicap, iar preven\u021bia este \u201dlupt\u0103\u201d a p\u0103rintelui \u0219i a specialistului pentru a identifica din timp semnele minore de risc \u0219i s\u0103 ofere copilului ajutor s\u0103 se dezvolte echilibrat.<\/strong><\/p>\n<\/div><\/div><\/div><\/div><\/div><\/p>\n","protected":false},"excerpt":{"rendered":"","protected":false},"author":1,"featured_media":0,"parent":3296,"menu_order":0,"comment_status":"closed","ping_status":"closed","template":"","meta":{"footnotes":""},"class_list":["post-3792","page","type-page","status-publish","hentry"],"_links":{"self":[{"href":"https:\/\/bsjk.ro\/ro\/wp-json\/wp\/v2\/pages\/3792","targetHints":{"allow":["GET"]}}],"collection":[{"href":"https:\/\/bsjk.ro\/ro\/wp-json\/wp\/v2\/pages"}],"about":[{"href":"https:\/\/bsjk.ro\/ro\/wp-json\/wp\/v2\/types\/page"}],"author":[{"embeddable":true,"href":"https:\/\/bsjk.ro\/ro\/wp-json\/wp\/v2\/users\/1"}],"replies":[{"embeddable":true,"href":"https:\/\/bsjk.ro\/ro\/wp-json\/wp\/v2\/comments?post=3792"}],"version-history":[{"count":15,"href":"https:\/\/bsjk.ro\/ro\/wp-json\/wp\/v2\/pages\/3792\/revisions"}],"predecessor-version":[{"id":5054,"href":"https:\/\/bsjk.ro\/ro\/wp-json\/wp\/v2\/pages\/3792\/revisions\/5054"}],"up":[{"embeddable":true,"href":"https:\/\/bsjk.ro\/ro\/wp-json\/wp\/v2\/pages\/3296"}],"wp:attachment":[{"href":"https:\/\/bsjk.ro\/ro\/wp-json\/wp\/v2\/media?parent=3792"}],"curies":[{"name":"wp","href":"https:\/\/api.w.org\/{rel}","templated":true}]}}