{"id":3820,"date":"2022-08-03T15:45:40","date_gmt":"2022-08-03T12:45:40","guid":{"rendered":"https:\/\/bsjk.ro\/criterii-de-admitere\/conditii-de-admitere\/"},"modified":"2023-03-30T16:15:19","modified_gmt":"2023-03-30T13:15:19","slug":"conditii-de-admitere","status":"publish","type":"page","link":"https:\/\/bsjk.ro\/ro\/criterii-de-admitere\/conditii-de-admitere\/","title":{"rendered":"Condi\u021bii de admitere"},"content":{"rendered":"<p><div class=\"fusion-fullwidth fullwidth-box fusion-builder-row-1 fusion-flex-container has-pattern-background has-mask-background nonhundred-percent-fullwidth non-hundred-percent-height-scrolling\" style=\"--awb-border-radius-top-left:0px;--awb-border-radius-top-right:0px;--awb-border-radius-bottom-right:0px;--awb-border-radius-bottom-left:0px;--awb-flex-wrap:wrap;\" ><div class=\"fusion-builder-row fusion-row fusion-flex-align-items-flex-start fusion-flex-content-wrap\" style=\"max-width:1393.6px;margin-left: calc(-4% \/ 2 );margin-right: calc(-4% \/ 2 );\"><div class=\"fusion-layout-column fusion_builder_column fusion-builder-column-0 fusion_builder_column_1_1 1_1 fusion-flex-column\" style=\"--awb-bg-size:cover;--awb-width-large:100%;--awb-margin-top-large:0px;--awb-spacing-right-large:1.92%;--awb-margin-bottom-large:20px;--awb-spacing-left-large:1.92%;--awb-width-medium:100%;--awb-order-medium:0;--awb-spacing-right-medium:1.92%;--awb-spacing-left-medium:1.92%;--awb-width-small:100%;--awb-order-small:0;--awb-spacing-right-small:1.92%;--awb-spacing-left-small:1.92%;\"><div class=\"fusion-column-wrapper fusion-column-has-shadow fusion-flex-justify-content-flex-start fusion-content-layout-column\"><div class=\"fusion-image-element \" style=\"text-align:center;--awb-caption-title-font-family:var(--h2_typography-font-family);--awb-caption-title-font-weight:var(--h2_typography-font-weight);--awb-caption-title-font-style:var(--h2_typography-font-style);--awb-caption-title-size:var(--h2_typography-font-size);--awb-caption-title-transform:var(--h2_typography-text-transform);--awb-caption-title-line-height:var(--h2_typography-line-height);--awb-caption-title-letter-spacing:var(--h2_typography-letter-spacing);\"><span class=\" fusion-imageframe imageframe-none imageframe-1 hover-type-none\"><img decoding=\"async\" width=\"960\" height=\"384\" title=\"Jelentkeze\u0301si-felte\u0301telek-1\" src=\"https:\/\/bsjk.ro\/wp-content\/uploads\/2022\/08\/Jelentkeze\u0301si-felte\u0301telek-1.jpeg\" data-orig-src=\"https:\/\/bsjk.ro\/wp-content\/uploads\/2022\/08\/Jelentkeze\u0301si-felte\u0301telek-1.jpeg\" alt class=\"lazyload img-responsive wp-image-2476\" srcset=\"data:image\/svg+xml,%3Csvg%20xmlns%3D%27http%3A%2F%2Fwww.w3.org%2F2000%2Fsvg%27%20width%3D%27960%27%20height%3D%27384%27%20viewBox%3D%270%200%20960%20384%27%3E%3Crect%20width%3D%27960%27%20height%3D%27384%27%20fill-opacity%3D%220%22%2F%3E%3C%2Fsvg%3E\" data-srcset=\"https:\/\/bsjk.ro\/wp-content\/uploads\/2022\/08\/Jelentkeze\u0301si-felte\u0301telek-1-200x80.jpeg 200w, https:\/\/bsjk.ro\/wp-content\/uploads\/2022\/08\/Jelentkeze\u0301si-felte\u0301telek-1-400x160.jpeg 400w, https:\/\/bsjk.ro\/wp-content\/uploads\/2022\/08\/Jelentkeze\u0301si-felte\u0301telek-1-600x240.jpeg 600w, https:\/\/bsjk.ro\/wp-content\/uploads\/2022\/08\/Jelentkeze\u0301si-felte\u0301telek-1-800x320.jpeg 800w, https:\/\/bsjk.ro\/wp-content\/uploads\/2022\/08\/Jelentkeze\u0301si-felte\u0301telek-1.jpeg 960w\" data-sizes=\"auto\" data-orig-sizes=\"(max-width: 800px) 100vw, 960px\" \/><\/span><\/div><\/div><\/div><\/div><\/div><div class=\"fusion-fullwidth fullwidth-box fusion-builder-row-2 fusion-flex-container has-pattern-background has-mask-background nonhundred-percent-fullwidth non-hundred-percent-height-scrolling\" style=\"--awb-border-radius-top-left:0px;--awb-border-radius-top-right:0px;--awb-border-radius-bottom-right:0px;--awb-border-radius-bottom-left:0px;--awb-flex-wrap:wrap;\" ><div class=\"fusion-builder-row fusion-row fusion-flex-align-items-flex-start fusion-flex-content-wrap\" style=\"max-width:1393.6px;margin-left: calc(-4% \/ 2 );margin-right: calc(-4% \/ 2 );\"><div class=\"fusion-layout-column fusion_builder_column fusion-builder-column-1 fusion_builder_column_1_1 1_1 fusion-flex-column\" style=\"--awb-bg-size:cover;--awb-width-large:100%;--awb-margin-top-large:0px;--awb-spacing-right-large:1.92%;--awb-margin-bottom-large:20px;--awb-spacing-left-large:1.92%;--awb-width-medium:100%;--awb-order-medium:0;--awb-spacing-right-medium:1.92%;--awb-spacing-left-medium:1.92%;--awb-width-small:100%;--awb-order-small:0;--awb-spacing-right-small:1.92%;--awb-spacing-left-small:1.92%;\"><div class=\"fusion-column-wrapper fusion-column-has-shadow fusion-flex-justify-content-flex-start fusion-content-layout-column\"><div class=\"fusion-text fusion-text-1\"><div class=\"the_content_wrapper\">\n<p>Condi\u021bii de admitere<\/p>\n<p>\u00censcrierile pentru evalu\u0103ri se fac personal sau telefonic la recep\u021bie!<br \/>\nColegii no\u0219trii c\u0103 a\u0219teapt\u0103, ca s\u0103 oferim ajutor din timp!<\/p>\n<p><strong>Important:<\/strong> v\u0103 rug\u0103m s\u0103 specifica\u021bi dac\u0103 copilul Dumneavoastr\u0103 are un bilet de trimitere de la un medic specialist<\/p>\n<p><strong>EVALUARE PENTRU BEBELU\u0218I CU V\u00c2RSTELE 0-2 ANI<\/strong><br \/>\n\u00cen cadrul Centrului se ofer\u0103 screening preventiv grauit pentru copii cu dezvoltare TIPIC\u0102, cu v\u00e2rstele \u00eentre 0-2 ani. lunar se ofer\u0103 5 locuri gratuite pentru screeningul preventiv. Evalu\u0103rile se fac pe baz\u0103 de programara, necesit\u0103 \u00eenscriere prealabil\u0103 telefonic sau personal la recep\u021bie.<br \/>\n<strong>lunar<\/strong> se ofer\u0103 5 locuri gratuite pentru screeningul preventiv. Evalu\u0103rile se fac pe baz\u0103 de programara, necesit\u0103 \u00eenscriere prealabil\u0103 telefonic sau personal la recep\u021bie.<\/p>\n<p><strong>important:<\/strong> v\u0103 rug\u0103m s\u0103 specifica\u021bi dac\u0103 copilul Dumneavoastr\u0103 are un bilet de trimitere de la un medic specialist<\/p>\n<h4>SCREENING\/EVALU\u0102RI PREVENTIVE<\/h4>\n<p>\u00cen cazul \u00een care observa\u021bi orice semn de risc \u00een dezvoltarea copilului Dumneavoastr\u0103, adresa\u021bi-v\u0103 unui specialist \u0219i solicita\u021bi un screening preventiv.<\/p>\n<p><strong>Procedura de admitere:<\/strong><br \/>\n\u00cen cazul fiec\u0103rei solicit\u0103ri colegii no\u0219trii de la recep\u021bie, \u00een cazul locurilor disponibile vor oferi un termen pentru evaluare\/prim interviu sau vor trece copilul pe lista de a\u0219teptare<\/p>\n<h4>Primul interviu<\/h4>\n<p><strong>p\u0103rintele\/sau reprezentantul legal al copilului trebuie s\u0103 depun\u0103 o cerere, \u00een care solicit\u0103 evaluarea copilului<\/strong><\/p>\n<ul>\n<li>asistentul social \u00eentocme\u0219te documentele necesare pentru dosarul personal al copilului, respectiv \u00eencheie contractul pentru acordarea serviciilor sociale, respectiv se va \u00eentocmi o anchet\u0103 social\u0103<\/li>\n<li>copilul \u00eentre timp va fi monitorizat \u00een diverese situa\u021bii de joac\u0103, pentr a testa c\u00e2t de mult poate fi implicat \u00een situa\u021bii de sarcin\u0103, cum reac\u021bioneaz\u0103 \u00een situa\u021bii de stres, dac\u0103 poate fi motivat sau nu.<br \/>\nAcest\u0103 activitate va fi \u00eenregistrat, \u00eenregistrarea servind doar scopuri terapeutice<\/li>\n<li>un profesionist discut\u0103 cu p\u0103rintele &#8211; se evalueaz\u0103 starea trecut\u0103 \u0219i prezent\u0103 a copilului<br \/>\n(\u00eentocmirea unui istoric medical) \u0219i cartografierea situa\u021biei familiei (evaluare social\u0103)<\/li>\n<li>un profesionist urm\u0103re\u0219te copilul \u00eentr-o situa\u021bie de joac\u0103 spontan\u0103, explor\u00e2nd c\u00e2t de mult<br \/>\npot fi implica\u021bi \u00een situa\u021bii de joac\u0103, c\u00e2t de motiva\u021bi sunt, ce tipuri de activit\u0103\u021bi \u00eei intereseaz\u0103 etc.<\/li>\n<\/ul>\n<p>Se realizeaz\u0103, de asemenea, o \u00eenregistrare video (numai pentru uz intern).<\/p>\n<p><strong>Documente necesare pentru primul interviu:<\/strong><\/p>\n<ul>\n<li>Copie certificat de na\u0219tere a copilului<\/li>\n<li>Copie buletinul p\u0103rin\u021bilor<\/li>\n<li>Documente de divor\u021b (dup\u0103 caz)<\/li>\n<li>Actele care dovede\u0219te reprezentarea legal\u0103 a copilului<\/li>\n<li>Caracterizare de la gr\u0103dini\u021b\u0103\/\u0219coal\u0103<\/li>\n<li>\u00een cazul \u00een care problema cu care v\u0103 adresa\u021bi la noi se manifest\u0103 \u0219i la gr\u0103dini\u021b\u0103\/\u0219coal\u0103<\/li>\n<li>Orice alt document relevant pentru situa\u021bia\/starea actual\u0103 a copilulu<\/li>\n<\/ul>\n<p><strong>Procedura de evaluare a cererilor:<\/strong><\/p>\n<ul>\n<li>prin care cel mai obiectiv se va putea stabili nivelul actual de dezvoltare a copilului<\/li>\n<li>se va stabili un termen pentru fiecare evaluare<\/li>\n<li>rezultatele evalu\u0103rilor se vor prezenta p\u0103rin\u021bilor \u00een cadrul unei discu\u021bii cu p\u0103rin\u021bii, respectiv se vor prezenta recomand\u0103rile terapeutice<\/li>\n<li>se va \u00eentocmi un act adi\u021bional pentru serviciile terapeutice pe care le va frecventa copilul<\/li>\n<\/ul>\n<\/div>\n<\/div><\/div><\/div><\/div><\/div><\/p>\n","protected":false},"excerpt":{"rendered":"","protected":false},"author":2,"featured_media":0,"parent":3817,"menu_order":0,"comment_status":"closed","ping_status":"closed","template":"","meta":{"footnotes":""},"class_list":["post-3820","page","type-page","status-publish","hentry"],"_links":{"self":[{"href":"https:\/\/bsjk.ro\/ro\/wp-json\/wp\/v2\/pages\/3820","targetHints":{"allow":["GET"]}}],"collection":[{"href":"https:\/\/bsjk.ro\/ro\/wp-json\/wp\/v2\/pages"}],"about":[{"href":"https:\/\/bsjk.ro\/ro\/wp-json\/wp\/v2\/types\/page"}],"author":[{"embeddable":true,"href":"https:\/\/bsjk.ro\/ro\/wp-json\/wp\/v2\/users\/2"}],"replies":[{"embeddable":true,"href":"https:\/\/bsjk.ro\/ro\/wp-json\/wp\/v2\/comments?post=3820"}],"version-history":[{"count":2,"href":"https:\/\/bsjk.ro\/ro\/wp-json\/wp\/v2\/pages\/3820\/revisions"}],"predecessor-version":[{"id":3822,"href":"https:\/\/bsjk.ro\/ro\/wp-json\/wp\/v2\/pages\/3820\/revisions\/3822"}],"up":[{"embeddable":true,"href":"https:\/\/bsjk.ro\/ro\/wp-json\/wp\/v2\/pages\/3817"}],"wp:attachment":[{"href":"https:\/\/bsjk.ro\/ro\/wp-json\/wp\/v2\/media?parent=3820"}],"curies":[{"name":"wp","href":"https:\/\/api.w.org\/{rel}","templated":true}]}}