{"id":3826,"date":"2022-06-20T14:20:44","date_gmt":"2022-06-20T11:20:44","guid":{"rendered":"https:\/\/bsjk.ro\/donatie-financiara\/"},"modified":"2025-01-30T13:52:46","modified_gmt":"2025-01-30T10:52:46","slug":"donatie-financiara","status":"publish","type":"page","link":"https:\/\/bsjk.ro\/ro\/donatie-financiara\/","title":{"rendered":"Dona\u021bie financiar\u0103"},"content":{"rendered":"<div class=\"fusion-fullwidth fullwidth-box fusion-builder-row-1 fusion-flex-container nonhundred-percent-fullwidth non-hundred-percent-height-scrolling\" style=\"--awb-border-radius-top-left:0px;--awb-border-radius-top-right:0px;--awb-border-radius-bottom-right:0px;--awb-border-radius-bottom-left:0px;--awb-flex-wrap:wrap;\" ><div class=\"fusion-builder-row fusion-row fusion-flex-align-items-flex-start fusion-flex-content-wrap\" style=\"max-width:1393.6px;margin-left: calc(-4% \/ 2 );margin-right: calc(-4% \/ 2 );\"><div class=\"fusion-layout-column fusion_builder_column fusion-builder-column-0 fusion_builder_column_1_1 1_1 fusion-flex-column\" style=\"--awb-bg-size:cover;--awb-width-large:100%;--awb-margin-top-large:0px;--awb-spacing-right-large:1.92%;--awb-margin-bottom-large:20px;--awb-spacing-left-large:1.92%;--awb-width-medium:100%;--awb-order-medium:0;--awb-spacing-right-medium:1.92%;--awb-spacing-left-medium:1.92%;--awb-width-small:100%;--awb-order-small:0;--awb-spacing-right-small:1.92%;--awb-spacing-left-small:1.92%;\"><div class=\"fusion-column-wrapper fusion-column-has-shadow fusion-flex-justify-content-flex-start fusion-content-layout-column\"><div class=\"fusion-text fusion-text-1\"><p style=\"text-align: center;\">Dac\u0103 dori\u021bi s\u0103 face\u021bi o dona\u021bie financiar\u0103 pentru a ne sprijini activitatea, v\u0103 rug\u0103m s\u0103 trimite\u021bi dona\u021biile \u00een urm\u0103torul cont bancar.<\/p>\n<p style=\"text-align: center;\"><strong>ASOCIATIA SURORILE DE CARITATE SFANTUL VICENTIU <\/strong><br \/>\n<strong>CIF 10218054<\/strong><br \/>\n<strong>RO54BTRLRONCRT0T0B238104<\/strong><br \/>\n<strong>SATU MARE, str. STEFAN CEL MARE nr. 9<\/strong><\/p>\n<\/div><\/div><\/div><\/div><\/div>\n","protected":false},"excerpt":{"rendered":"","protected":false},"author":1,"featured_media":0,"parent":0,"menu_order":0,"comment_status":"closed","ping_status":"closed","template":"100-width.php","meta":{"footnotes":""},"class_list":["post-3826","page","type-page","status-publish","hentry"],"_links":{"self":[{"href":"https:\/\/bsjk.ro\/ro\/wp-json\/wp\/v2\/pages\/3826","targetHints":{"allow":["GET"]}}],"collection":[{"href":"https:\/\/bsjk.ro\/ro\/wp-json\/wp\/v2\/pages"}],"about":[{"href":"https:\/\/bsjk.ro\/ro\/wp-json\/wp\/v2\/types\/page"}],"author":[{"embeddable":true,"href":"https:\/\/bsjk.ro\/ro\/wp-json\/wp\/v2\/users\/1"}],"replies":[{"embeddable":true,"href":"https:\/\/bsjk.ro\/ro\/wp-json\/wp\/v2\/comments?post=3826"}],"version-history":[{"count":4,"href":"https:\/\/bsjk.ro\/ro\/wp-json\/wp\/v2\/pages\/3826\/revisions"}],"predecessor-version":[{"id":5750,"href":"https:\/\/bsjk.ro\/ro\/wp-json\/wp\/v2\/pages\/3826\/revisions\/5750"}],"wp:attachment":[{"href":"https:\/\/bsjk.ro\/ro\/wp-json\/wp\/v2\/media?parent=3826"}],"curies":[{"name":"wp","href":"https:\/\/api.w.org\/{rel}","templated":true}]}}