{"id":3938,"date":"2023-04-05T16:19:25","date_gmt":"2023-04-05T13:19:25","guid":{"rendered":"https:\/\/bsjk.ro\/servicii-de-fizioterapie-pentru-adulti\/servicii-de-reabilitare-pentru-adulti\/"},"modified":"2024-02-19T16:39:35","modified_gmt":"2024-02-19T13:39:35","slug":"servicii-de-reabilitare-pentru-adulti","status":"publish","type":"page","link":"https:\/\/bsjk.ro\/ro\/servicii-de-reabilitare-pentru-adulti\/","title":{"rendered":"Servicii de reabilitare pentru adul\u021bi"},"content":{"rendered":"<p><div class=\"fusion-fullwidth fullwidth-box fusion-builder-row-1 fusion-flex-container has-pattern-background has-mask-background nonhundred-percent-fullwidth non-hundred-percent-height-scrolling\" style=\"--awb-border-radius-top-left:0px;--awb-border-radius-top-right:0px;--awb-border-radius-bottom-right:0px;--awb-border-radius-bottom-left:0px;--awb-padding-right:0px;--awb-padding-left:0px;--awb-flex-wrap:wrap;\" ><div class=\"fusion-builder-row fusion-row fusion-flex-align-items-flex-start fusion-flex-content-wrap\" style=\"max-width:1393.6px;margin-left: calc(-4% \/ 2 );margin-right: calc(-4% \/ 2 );\"><div class=\"fusion-layout-column fusion_builder_column fusion-builder-column-0 fusion_builder_column_1_1 1_1 fusion-flex-column\" style=\"--awb-bg-size:cover;--awb-width-large:100%;--awb-margin-top-large:0px;--awb-spacing-right-large:0%;--awb-margin-bottom-large:20px;--awb-spacing-left-large:0%;--awb-width-medium:100%;--awb-order-medium:0;--awb-spacing-right-medium:0%;--awb-spacing-left-medium:0%;--awb-width-small:100%;--awb-order-small:0;--awb-spacing-right-small:1.92%;--awb-spacing-left-small:1.92%;\"><div class=\"fusion-column-wrapper fusion-column-has-shadow fusion-flex-justify-content-flex-start fusion-content-layout-column\"><div class=\"fusion-image-element \" style=\"text-align:center;--awb-caption-title-font-family:var(--h2_typography-font-family);--awb-caption-title-font-weight:var(--h2_typography-font-weight);--awb-caption-title-font-style:var(--h2_typography-font-style);--awb-caption-title-size:var(--h2_typography-font-size);--awb-caption-title-transform:var(--h2_typography-text-transform);--awb-caption-title-line-height:var(--h2_typography-line-height);--awb-caption-title-letter-spacing:var(--h2_typography-letter-spacing);\"><span class=\" fusion-imageframe imageframe-none imageframe-1 hover-type-none\"><img decoding=\"async\" width=\"600\" height=\"400\" title=\"felnott fizio artromot\" src=\"https:\/\/bsjk.ro\/wp-content\/uploads\/2023\/03\/felnott-fizio-artromot-scaled.jpg\" data-orig-src=\"https:\/\/bsjk.ro\/wp-content\/uploads\/2023\/03\/felnott-fizio-artromot-600x400.jpg\" alt class=\"lazyload img-responsive wp-image-3593\" srcset=\"data:image\/svg+xml,%3Csvg%20xmlns%3D%27http%3A%2F%2Fwww.w3.org%2F2000%2Fsvg%27%20width%3D%272560%27%20height%3D%271707%27%20viewBox%3D%270%200%202560%201707%27%3E%3Crect%20width%3D%272560%27%20height%3D%271707%27%20fill-opacity%3D%220%22%2F%3E%3C%2Fsvg%3E\" data-srcset=\"https:\/\/bsjk.ro\/wp-content\/uploads\/2023\/03\/felnott-fizio-artromot-200x133.jpg 200w, https:\/\/bsjk.ro\/wp-content\/uploads\/2023\/03\/felnott-fizio-artromot-400x267.jpg 400w, https:\/\/bsjk.ro\/wp-content\/uploads\/2023\/03\/felnott-fizio-artromot-600x400.jpg 600w, https:\/\/bsjk.ro\/wp-content\/uploads\/2023\/03\/felnott-fizio-artromot-800x533.jpg 800w, https:\/\/bsjk.ro\/wp-content\/uploads\/2023\/03\/felnott-fizio-artromot-1200x800.jpg 1200w\" data-sizes=\"auto\" data-orig-sizes=\"(max-width: 800px) 100vw, 600px\" \/><\/span><\/div><\/div><\/div><\/div><\/div><div class=\"fusion-fullwidth fullwidth-box fusion-builder-row-2 fusion-flex-container has-pattern-background has-mask-background nonhundred-percent-fullwidth non-hundred-percent-height-scrolling\" style=\"--awb-border-radius-top-left:0px;--awb-border-radius-top-right:0px;--awb-border-radius-bottom-right:0px;--awb-border-radius-bottom-left:0px;--awb-flex-wrap:wrap;\" ><div class=\"fusion-builder-row fusion-row fusion-flex-align-items-flex-start fusion-flex-content-wrap\" style=\"max-width:1393.6px;margin-left: calc(-4% \/ 2 );margin-right: calc(-4% \/ 2 );\"><div class=\"fusion-layout-column fusion_builder_column fusion-builder-column-1 fusion_builder_column_1_1 1_1 fusion-flex-column\" style=\"--awb-bg-size:cover;--awb-width-large:100%;--awb-margin-top-large:0px;--awb-spacing-right-large:1.92%;--awb-margin-bottom-large:20px;--awb-spacing-left-large:1.92%;--awb-width-medium:100%;--awb-order-medium:0;--awb-spacing-right-medium:1.92%;--awb-spacing-left-medium:1.92%;--awb-width-small:100%;--awb-order-small:0;--awb-spacing-right-small:1.92%;--awb-spacing-left-small:1.92%;\"><div class=\"fusion-column-wrapper fusion-column-has-shadow fusion-flex-justify-content-flex-start fusion-content-layout-column\"><div class=\"fusion-text fusion-text-1\"><div class=\"the_content_wrapper\">\n<h3><strong style=\"color: var(--awb-text-color); font-family: var(--awb-text-font-family); font-size: var(--awb-font-size); font-style: var(--awb-text-font-style); letter-spacing: var(--awb-letter-spacing); text-align: var(--awb-content-alignment); text-transform: var(--awb-text-transform); background-color: var(--awb-bg-color);\">Tratamentele de reabilitare medical\u0103 \u0219i fizioterapie pentru adul\u021bi la Centrul Fericitul Scheffler J\u00e1nos<\/strong><\/h3>\n<p>Kinetoterapia este una dintre cele mai vechi metode terapeutice, care, \u00een ultimele decenii, a fost utilizat cu mare succes at\u00e2t \u00een preven\u021bie, c\u00e2t \u0219i \u00een reabilitare. Are un rol important \u00een tratarea leziunilor sportive, \u00een perioada preg\u0103tirii pacientului pentru interven\u021bii chirurgicale, totodat\u0103 este indispensabil\u0103 \u00een cre\u0219terea mobilit\u0103\u021bii articulare \u0219i a for\u021bei musculare \u00een perioada postoperatorie a pacien\u021bilor. Prescrise de un medic specialist de recuperare medical\u0103, \u00een cele mai multe cazuri, kinetoterapia combinat\u0103 cu fizioterapie poate prezenta o solu\u021bie excelent\u0103 \u00een stimularea mobilit\u0103\u021bii articulare, a for\u021bei musculare \u0219i \u00een cazul unor probleme cardio-vasculare, neurologice, endocrinologice, etc.<\/p>\n<p>Dr. Va\u0219adi Ancu\u021ba Rodica, medic specialist \u00een domeniul reabilit\u0103rii, a\u0219teapt\u0103 pacien\u021bii la Centrul Fericitul Scheffler J\u00e1nos, odat\u0103 pe s\u0103pt\u0103m\u00e2n\u0103, \u00eentre orele 16.00 \u0219i 20.00 la consulta\u021bii destinate adul\u021bilor, disponibile pentru aceast\u0103 categorie de v\u00e2rst\u0103.<\/p>\n<p>Pe l\u00e2ng\u0103 kinetoterapia clasic\u0103 \u0219i cea \u00een ap\u0103, pacien\u021bii pot beneficia \u0219i de proceduri de hidroterapie, de terapie tridimensional\u0103 pentru tratarea scoliozei dup\u0103 principiile Schroth, de elonga\u021bii vertebrale tridimensionale cervico-dorso-lombare, proceduri de electroterapie, terapii cu unde de \u0219oc (Shockwave), respectiv terapie TECAR, terapie cu laser, bioptron, terapii cu ultrasunete, crioterapie, magnetoterapie \u0219i multe altele. Pe l\u00e2ng\u0103 aceste proceduri, paleta ofertelor este completat\u0103 cu tratament cu du\u0219 subacval, hidromasaj, baie galvanic\u0103 patrucelular\u0103, evalu\u0103ri posturale, evalu\u0103ri cu podoscop, mobiliz\u0103ri cu artromot al genunchiului \u0219i fire\u0219te, masaj terapeutic. Kinetoterapia are, de asemenea, un rol important \u00een remedierea \u021binutei pacien\u021bilor, deoarece \u00een cazul celor care duc o via\u021b\u0103 sedentar\u0103 se dezvolt\u0103 rapid problema unei posturi incorecte a corpului, iar \u00een cazul elevilor scolioza. Astfel, o terapie adecvat\u0103 poate preveni nenum\u0103rate probleme.<\/p>\n<p>Program\u0103ri pentru tratamente destinate adul\u021bilor se pot face zilnic \u00eentre orele 8.00 \u0219i 18.00 la recep\u021bia Centrului Fericitul Scheffler J\u00e1nos, strada \u0218tefan cel Mare nr.9, sau la num\u0103rele de telefon : <a href=\"tel:+0361408872\">0361-408872<\/a>, <a href=\"tel:+0770737471\">0770-737471<\/a>.<\/p>\n<\/div>\n<\/div><\/div><\/div><\/div><\/div><\/p>\n","protected":false},"excerpt":{"rendered":"","protected":false},"author":2,"featured_media":0,"parent":0,"menu_order":0,"comment_status":"closed","ping_status":"closed","template":"","meta":{"footnotes":""},"class_list":["post-3938","page","type-page","status-publish","hentry"],"_links":{"self":[{"href":"https:\/\/bsjk.ro\/ro\/wp-json\/wp\/v2\/pages\/3938","targetHints":{"allow":["GET"]}}],"collection":[{"href":"https:\/\/bsjk.ro\/ro\/wp-json\/wp\/v2\/pages"}],"about":[{"href":"https:\/\/bsjk.ro\/ro\/wp-json\/wp\/v2\/types\/page"}],"author":[{"embeddable":true,"href":"https:\/\/bsjk.ro\/ro\/wp-json\/wp\/v2\/users\/2"}],"replies":[{"embeddable":true,"href":"https:\/\/bsjk.ro\/ro\/wp-json\/wp\/v2\/comments?post=3938"}],"version-history":[{"count":12,"href":"https:\/\/bsjk.ro\/ro\/wp-json\/wp\/v2\/pages\/3938\/revisions"}],"predecessor-version":[{"id":5062,"href":"https:\/\/bsjk.ro\/ro\/wp-json\/wp\/v2\/pages\/3938\/revisions\/5062"}],"wp:attachment":[{"href":"https:\/\/bsjk.ro\/ro\/wp-json\/wp\/v2\/media?parent=3938"}],"curies":[{"name":"wp","href":"https:\/\/api.w.org\/{rel}","templated":true}]}}