{"id":3954,"date":"2023-04-06T10:16:32","date_gmt":"2023-04-06T07:16:32","guid":{"rendered":"https:\/\/bsjk.ro\/criterii-de-admitere-2\/"},"modified":"2024-03-12T10:08:41","modified_gmt":"2024-03-12T07:08:41","slug":"criterii-de-admitere-2","status":"publish","type":"page","link":"https:\/\/bsjk.ro\/ro\/servicii-de-reabilitare-pentru-adulti\/criterii-de-admitere-2\/","title":{"rendered":"Condi\u021bii de admitere"},"content":{"rendered":"<div class=\"fusion-fullwidth fullwidth-box fusion-builder-row-1 fusion-flex-container has-pattern-background has-mask-background nonhundred-percent-fullwidth non-hundred-percent-height-scrolling\" style=\"--awb-border-radius-top-left:0px;--awb-border-radius-top-right:0px;--awb-border-radius-bottom-right:0px;--awb-border-radius-bottom-left:0px;--awb-flex-wrap:wrap;\" ><div class=\"fusion-builder-row fusion-row fusion-flex-align-items-flex-start fusion-flex-content-wrap\" style=\"max-width:1393.6px;margin-left: calc(-4% \/ 2 );margin-right: calc(-4% \/ 2 );\"><div class=\"fusion-layout-column fusion_builder_column fusion-builder-column-0 fusion_builder_column_1_1 1_1 fusion-flex-column\" style=\"--awb-bg-size:cover;--awb-width-large:100%;--awb-margin-top-large:0px;--awb-spacing-right-large:1.92%;--awb-margin-bottom-large:20px;--awb-spacing-left-large:1.92%;--awb-width-medium:100%;--awb-order-medium:0;--awb-spacing-right-medium:1.92%;--awb-spacing-left-medium:1.92%;--awb-width-small:100%;--awb-order-small:0;--awb-spacing-right-small:1.92%;--awb-spacing-left-small:1.92%;\"><div class=\"fusion-column-wrapper fusion-column-has-shadow fusion-flex-justify-content-flex-start fusion-content-layout-column\"><div class=\"fusion-text fusion-text-1\"><div class=\"the_content_wrapper\">\n<p>Serviciile de reabilitare necesit\u0103 o recomandare din partea unui medic specialist care s\u0103 precizeze \u00een detaliu tratamentele pe care le recomand\u0103.<\/p>\n<\/div>\n<p>Dr. Va\u0219adi Ancu\u021ba Rodica, medic specialist \u00een reabilitare, este disponibil\u0103 o dat\u0103 pe s\u0103pt\u0103m\u00e2n\u0103 la centrul nostru.<\/p>\n<p><strong>Pentru mai multe informa\u021bii \u0219i pentru a v\u0103 face o programare, v\u0103 rug\u0103m s\u0103 suna\u021bi la numerele de telefon<\/strong> <a href=\"http:\/\/Tel:0361408872\">0361-408872<\/a> sau <a href=\"http:\/\/Tel:0770-737471\">0770-737471<\/a>, \u00een zilele lucr\u0103toare, \u00eentre orele 8 \u0219i 18, sau s\u0103 veni\u021bi personal la sediul centrului din strada \u0218tefan cel Mare, nr. 9.<\/p>\n<\/div><\/div><\/div><\/div><\/div>\n","protected":false},"excerpt":{"rendered":"","protected":false},"author":2,"featured_media":0,"parent":3938,"menu_order":0,"comment_status":"closed","ping_status":"closed","template":"","meta":{"footnotes":""},"class_list":["post-3954","page","type-page","status-publish","hentry"],"_links":{"self":[{"href":"https:\/\/bsjk.ro\/ro\/wp-json\/wp\/v2\/pages\/3954","targetHints":{"allow":["GET"]}}],"collection":[{"href":"https:\/\/bsjk.ro\/ro\/wp-json\/wp\/v2\/pages"}],"about":[{"href":"https:\/\/bsjk.ro\/ro\/wp-json\/wp\/v2\/types\/page"}],"author":[{"embeddable":true,"href":"https:\/\/bsjk.ro\/ro\/wp-json\/wp\/v2\/users\/2"}],"replies":[{"embeddable":true,"href":"https:\/\/bsjk.ro\/ro\/wp-json\/wp\/v2\/comments?post=3954"}],"version-history":[{"count":23,"href":"https:\/\/bsjk.ro\/ro\/wp-json\/wp\/v2\/pages\/3954\/revisions"}],"predecessor-version":[{"id":5672,"href":"https:\/\/bsjk.ro\/ro\/wp-json\/wp\/v2\/pages\/3954\/revisions\/5672"}],"up":[{"embeddable":true,"href":"https:\/\/bsjk.ro\/ro\/wp-json\/wp\/v2\/pages\/3938"}],"wp:attachment":[{"href":"https:\/\/bsjk.ro\/ro\/wp-json\/wp\/v2\/media?parent=3954"}],"curies":[{"name":"wp","href":"https:\/\/api.w.org\/{rel}","templated":true}]}}