{"id":4148,"date":"2023-04-06T12:45:10","date_gmt":"2023-04-06T09:45:10","guid":{"rendered":"https:\/\/bsjk.ro\/termeni-si-conditii\/"},"modified":"2023-04-06T12:45:10","modified_gmt":"2023-04-06T09:45:10","slug":"termeni-si-conditii","status":"publish","type":"page","link":"https:\/\/bsjk.ro\/ro\/termeni-si-conditii\/","title":{"rendered":"Termeni \u0219i condi\u021bii"},"content":{"rendered":"<p>Con\u0163inutul website-ului www.bsjk.ro (denumit \u00een continuare site) este proprietatea exclusiv\u0103 a entit\u0103\u0163ii CENTRUL FERICITUL SCHEFFLER J\u00c1NOS(denumit\u0103 \u00een continuare Titularul).<\/p>\n<p>Titularul de\u0163ine toate drepturile de proprietate intelectual\u0103 (inclusiv drepturile asupra bazelor de date) privind m\u0103rcile comerciale, m\u0103rcile de servicii, logo-urile \u015fi toate celelalte materiale prezentate \u00een acest site, \u00een lipsa de stipula\u0163ie contrar\u0103. Drepturile Titularului sunt protejate de legisla\u0163ia rom\u00e2n\u0103 \u00een vigoare.<\/p>\n<p>Site-urile sunt portale web de prezentare a serviciilor oferite, con\u0163in\u00e2nd \u015fi o sec\u0163iune de informa\u0163ii medicale realizate de personal cu studii medicale \u015fi o platform\u0103 online de verificare a rezultatelor medicale.<\/p>\n<p>Prin completarea formularelor puse la dispozi\u0163ia vizitatorilor, persoanele interesate pot adresa solicit\u0103ri, inclusiv pot cere informa\u0163ii suplimentare cu privire la serviciile oferite de Titular \u015fi pot formula sugestii sau reclama\u0163ii.<\/p>\n<p>Accesul utilizatorilor la serviciu comunic\u0103ri de marketing direct; necesit\u0103 \u00eenregistrarea utilizatorului cu o adresa de e-mail, precum \u0219i numele, prenumele \u0219i formula de adresare (dl.\/dna.). Mai mult, pentru transmiterea comunic\u0103rilor prin care Centrul Fericitul Scheffler J\u00e1nos inten\u021bioneaz\u0103 s\u0103 v\u0103 \u021bin\u0103 la curent cu newsletter, informa\u021bii utile \u0219i activitatea Titularului se prelucreaz\u0103 \u0219i date de tracking (e.g. adres\u0103 IP, link-uri accesate, click-uri, etc.), date pe baza c\u0103rora Titularul analizeaz\u0103 eficien\u021ba comunic\u0103rilor transmise, precum \u0219i relevan\u021ba acestor comunic\u0103ri fa\u021b\u0103 de utilizatorii serviciului. Pentru a opta s\u0103 fii \u021binut la curent cu nout\u0103\u021bile, informa\u021biile, comunic\u0103rile \u0219i activitatea Titularului, Utilizatorul trebuie s\u0103: (i) fie de acord cu prezentul document care reprezint\u0103 Termenii \u0219i Condi\u021biile de utilizare a site-ului, s\u0103 ia la cuno\u0219tiin\u021b\u0103 Politica de Confiden\u021bialitate \u00een cadrul c\u0103reia sunt detaliate scopurile \u0219i modalit\u0103\u021bile \u00een care \u00eei sunt prelucrate datele cu caracter personal \u0219i (ii) s\u0103 \u00ee\u0219i dea acordul de a primi comunic\u0103rile amintite mai sus. Dac\u0103 ulterior, Utilizatorul dore\u0219te s\u0103-\u0219i retrag\u0103 acordul \u0219i s\u0103 nu mai primeasc\u0103 comunic\u0103ri de marketing din partea Titularului, acesta are posibilitatea s\u0103 se dezaboneze cu fiecare e-mail primit, prin accesarea link-ului de dezabonare de la finalul comunic\u0103rii primite.<\/p>\n<p>Titularul nu este \u0219i nu va fi legal responsabil \u00een niciun caz \u015fi pentru nicio inadverten\u0163\u0103 ori descriere eronat\u0103 a informa\u0163iilor prezentate \u00een site. Pentru a afla informa\u0163ii detaliate \u015fi complete despre serviciile puse la dispozi\u0163ie de Titular, pute\u0163i s\u0103 v\u0103 adresa\u0163i reprezentan\u0163ilor acestora fie telefonic, fie \u00een scris, utiliz\u00e2nd datele de contact puse la dispozi\u0163ie de c\u0103tre Titular, la sec\u0163iunea de contact dedicat\u0103.<\/p>\n<p>&nbsp;<\/p>\n<p>Totodat\u0103, Titularul nu este responsabil \u00een nicio m\u0103sur\u0103 de con\u0163inutul furnizat de ter\u0163e persoane, de con\u0163inutul sec\u0163iunilor publicitare, al mesajelor publicitare sau al con\u0163inutului paginilor externe la care se face trimitere din interiorul site-ului.<\/p>\n<p>Niciunul dintre materialele care alc\u0103tuiesc con\u0163inutul acestor site-uri nu constituie o ofert\u0103 ferm\u0103 de a contracta \u015fi cu at\u00e2t mai mult ele nu se constituie ca o ofert\u0103 de v\u00e2nzare-cump\u0103rare a vreunui serviciu medical sau de asigurare.<\/p>\n<p>Este interzis\u0103 reproducerea, distribuirea sau publicarea sub orice form\u0103 a con\u0163inutului materialelor prezentate pe acest site, indiferent de forma pe care acestea o \u00eembrac\u0103, de c\u0103tre orice persoan\u0103, f\u0103r\u0103 a men\u0163iona sursa prin link direct c\u0103tre aceasta.<\/p>\n<p>Titularul \u00ee\u015fi rezerv\u0103 dreptul de a suspenda, modifica, ad\u0103uga sau \u015fterge \u00een orice moment, por\u0163iuni ale con\u0163inutului site-ului. Totodat\u0103, Titularul \u00ee\u015fi rezerv\u0103 dreptul de a restric\u0163iona accesul utilizatorilor la o parte sau la \u00eentregul s\u0103u con\u0163inut din site.<\/p>\n<p>Utilizatorii pot folosi con\u0163inutul site-urilor doar pentru uzul personal, cu respectarea condi\u021biilor eviden\u021biate prin prezentul document \u015fi niciuna dintre ac\u0163iunile descrise mai jos nu sunt permise \u00een lipsa ob\u0163inerii acordului prealabil scris al Titularului:<\/p>\n<p>\u00cendep\u0103rtarea sau alterarea con\u0163inutului sau a \u00eensemnelor care identific\u0103 dreptul de autor al titularului asupra con\u0163inutului;<\/p>\n<p>Reproducerea sau stocarea con\u0163inutului, precum \u015fi trimiterea acestui con\u0163inut c\u0103tre orice alt website, server sau orice alt mijloc de stocare a informa\u0163iei, dac\u0103 scopul acestei activit\u0103\u0163i este unul comercial.<\/p>\n<p>Orice ac\u0163iune sau \u00eencercare de natur\u0103 s\u0103 \u00eencalce prevederile de mai sus vor legitima Titularul s\u0103 fac\u0103 uz de dreptul de a se adresa instan\u0163elor de judecat\u0103 legal competente pentru sanc\u0163ionarea unei asemenea fapte.<\/p>\n<p>Anumite p\u0103r\u021bi ale con\u0163inutului publicat pe site-uri pot s\u0103 fie furnizate de c\u0103tre ter\u0163e persoane cu care site-ul are rela\u0163ii contractuale \u00een acest sens. De asemenea, \u00een interiorul con\u0163inutului site-ului pot fi incluse sec\u0163iuni publicitare \u00een care se vor afi\u015fa mesaje publicitare ale unor ter\u0163e persoane. Site-ul nu este responsabil \u00een nicio m\u0103sur\u0103 asupra con\u0163inutului furnizat de ter\u0163e persoane, indiferent c\u0103 acesta este publicitar sau nu. De asemenea, site-ul nu este responsabil de con\u0163inutul paginilor externe la care se face trimitere din interiorul s\u0103u.<\/p>\n<p>&nbsp;<\/p>\n<p>Cookies<\/p>\n<p>Site-ul www.bsjk.ro folose\u015fte cookie-uri, acestea fiind date stocate pe hardul utilizatorului, con\u0163in\u00e2nd informa\u0163ii despre acesta. Folosirea mecanismului de tip cookie reprezint\u0103 un avantaj \u00een folosul vizitatorilor, acesta permi\u0163\u00e2nd memorarea unor op\u0163iuni de navigare \u00een site, precum tipul de filtre care se aplic\u0103 la afi\u015farea unor anumite pagini, dup\u0103 caz.<\/p>\n<p>Neacceptarea unui cookie nu \u00eenseamn\u0103 c\u0103 utilizatorului \u00eei va fi refuzat accesul de navigare \u00een site, de citire a con\u0163inutului acestuia. Cu ajutorul cookies-urilor, proprietarii de site-uri pot monitoriza \u015fi segmenta interesele utilizatorilor fa\u0163\u0103 de anumite zone sau aplica\u0163ii ale site-ului, fapt care le permite ulterior \u00eembun\u0103t\u0103\u0163irea experin\u0163ei de navigare, introducerea unui con\u0163inut relevant pentru utilizator, etc.<\/p>\n<p>Pentru mai multe detalii privind cookies-urile utilizate, accesati Politica de cookies.<\/p>\n<p>Fiind de acord cu prezentul document \u201eTermeni \u015fi condi\u0163ii\u201d, utilizatorii \u00ee\u015fi asum\u0103 \u00een totalitate eventualele riscuri.<\/p>\n<p>&nbsp;<\/p>\n<p>Confiden\u0163ialitatea \u015fi securitatea datelor personale<\/p>\n<p>In calitate de operator de date, direct sau prin \u00eemputernici\u021bii s\u0103i, CENTRUL FERICITUL SCHEFFLER J\u00c1NOS. prelucreaz\u0103 date cu caracter personal \u00een conformitate cu principiile \u0219i legisla\u021bia aplicabil\u0103 privind protec\u021bia datelor cu caracter personal.<\/p>\n<p>Pentru mai multe detalii v\u0103 pute\u021bi adresa personalului de la recep\u021bie sau ne pute\u021bi contacta la adresa de e-mail contact@bsjk.ro. De asemenea, pute\u021bi consulta \u0219i Politica de confidentialitate pe www.bsjk.ro.<\/p>\n<p>&nbsp;<\/p>\n<p>Sugestii \u015fi reclama\u0163ii<\/p>\n<p>Reclama\u0163iile sau orice fel de sesiz\u0103ri ori sugestii referitoare la modalitatea de accesare a site-ului Titularului sunt luate \u00een considerare numai \u00een baza unei adrese scrise din partea vizitatorilor, transmis\u0103 \u00een format electronic, complet\u00e2nd formularul pus la dispozitie pe pagina de contact, urm\u00e2nd s\u0103 primi\u0163i un r\u0103spuns \u00een termenul prev\u0103zut de lege.<\/p>\n<p>O reclama\u0163ie depus\u0103 \u00een mod corespunz\u0103tor cuprinde datele de identificare ale persoanei (prenume \u015fi nume), precum \u015fi o descriere a problemei ce face obiectul reclama\u0163iei. Totodat\u0103, reclama\u0163ia va trebui s\u0103 cuprind\u0103 cel pu\u0163in dou\u0103 dintre urm\u0103toarele date de contact: adresa, num\u0103r de telefon, num\u0103r de fax \u015fi adresa de e-mail.<\/p>\n","protected":false},"excerpt":{"rendered":"<p>Con\u0163inutul website-ului www.bsjk.ro (denumit \u00een continuare site) este proprietatea exclusiv\u0103 [&hellip;]<\/p>\n","protected":false},"author":1,"featured_media":0,"parent":0,"menu_order":0,"comment_status":"closed","ping_status":"closed","template":"","meta":{"footnotes":""},"class_list":["post-4148","page","type-page","status-publish","hentry"],"_links":{"self":[{"href":"https:\/\/bsjk.ro\/ro\/wp-json\/wp\/v2\/pages\/4148","targetHints":{"allow":["GET"]}}],"collection":[{"href":"https:\/\/bsjk.ro\/ro\/wp-json\/wp\/v2\/pages"}],"about":[{"href":"https:\/\/bsjk.ro\/ro\/wp-json\/wp\/v2\/types\/page"}],"author":[{"embeddable":true,"href":"https:\/\/bsjk.ro\/ro\/wp-json\/wp\/v2\/users\/1"}],"replies":[{"embeddable":true,"href":"https:\/\/bsjk.ro\/ro\/wp-json\/wp\/v2\/comments?post=4148"}],"version-history":[{"count":0,"href":"https:\/\/bsjk.ro\/ro\/wp-json\/wp\/v2\/pages\/4148\/revisions"}],"wp:attachment":[{"href":"https:\/\/bsjk.ro\/ro\/wp-json\/wp\/v2\/media?parent=4148"}],"curies":[{"name":"wp","href":"https:\/\/api.w.org\/{rel}","templated":true}]}}