{"id":4184,"date":"2022-09-30T14:06:36","date_gmt":"2022-09-30T11:06:36","guid":{"rendered":"https:\/\/bsjk.ro\/teste-de-screening\/evaluare-logopedica-5-ani\/"},"modified":"2024-03-06T09:59:04","modified_gmt":"2024-03-06T06:59:04","slug":"evaluarea-copilului-cu-autism-si-sau-cu-probleme-comportamentale","status":"publish","type":"page","link":"https:\/\/bsjk.ro\/ro\/teste-de-screening\/evaluarea-copilului-cu-autism-si-sau-cu-probleme-comportamentale\/","title":{"rendered":"Evaluarea copilului cu autism \u0219i\/sau cu probleme comportamentale"},"content":{"rendered":"<p><div class=\"fusion-fullwidth fullwidth-box fusion-builder-row-1 fusion-flex-container has-pattern-background has-mask-background nonhundred-percent-fullwidth non-hundred-percent-height-scrolling\" style=\"--awb-border-radius-top-left:0px;--awb-border-radius-top-right:0px;--awb-border-radius-bottom-right:0px;--awb-border-radius-bottom-left:0px;--awb-padding-right:0px;--awb-padding-left:0px;--awb-flex-wrap:wrap;\" ><div class=\"fusion-builder-row fusion-row fusion-flex-align-items-flex-start fusion-flex-content-wrap\" style=\"max-width:1393.6px;margin-left: calc(-4% \/ 2 );margin-right: calc(-4% \/ 2 );\"><div class=\"fusion-layout-column fusion_builder_column fusion-builder-column-0 fusion_builder_column_1_1 1_1 fusion-flex-column\" style=\"--awb-bg-size:cover;--awb-width-large:100%;--awb-margin-top-large:0px;--awb-spacing-right-large:0%;--awb-margin-bottom-large:20px;--awb-spacing-left-large:0%;--awb-width-medium:100%;--awb-order-medium:0;--awb-spacing-right-medium:0%;--awb-spacing-left-medium:0%;--awb-width-small:100%;--awb-order-small:0;--awb-spacing-right-small:1.92%;--awb-spacing-left-small:1.92%;\"><div class=\"fusion-column-wrapper fusion-column-has-shadow fusion-flex-justify-content-flex-start fusion-content-layout-column\"><div class=\"fusion-image-element \" style=\"text-align:center;--awb-caption-title-font-family:var(--h2_typography-font-family);--awb-caption-title-font-weight:var(--h2_typography-font-weight);--awb-caption-title-font-style:var(--h2_typography-font-style);--awb-caption-title-size:var(--h2_typography-font-size);--awb-caption-title-transform:var(--h2_typography-text-transform);--awb-caption-title-line-height:var(--h2_typography-line-height);--awb-caption-title-letter-spacing:var(--h2_typography-letter-spacing);\"><span class=\" fusion-imageframe imageframe-none imageframe-1 hover-type-none\"><img decoding=\"async\" width=\"600\" height=\"400\" title=\"Boy,Having,Conversation,With,Psychologist,For,Enrollment,In,School\" src=\"https:\/\/bsjk.ro\/wp-content\/uploads\/2024\/03\/autizmus-specifikus-felmeres-scaled.jpg\" data-orig-src=\"https:\/\/bsjk.ro\/wp-content\/uploads\/2024\/03\/autizmus-specifikus-felmeres-600x400.jpg\" alt class=\"lazyload img-responsive wp-image-5594\" srcset=\"data:image\/svg+xml,%3Csvg%20xmlns%3D%27http%3A%2F%2Fwww.w3.org%2F2000%2Fsvg%27%20width%3D%272560%27%20height%3D%271707%27%20viewBox%3D%270%200%202560%201707%27%3E%3Crect%20width%3D%272560%27%20height%3D%271707%27%20fill-opacity%3D%220%22%2F%3E%3C%2Fsvg%3E\" data-srcset=\"https:\/\/bsjk.ro\/wp-content\/uploads\/2024\/03\/autizmus-specifikus-felmeres-200x133.jpg 200w, https:\/\/bsjk.ro\/wp-content\/uploads\/2024\/03\/autizmus-specifikus-felmeres-400x267.jpg 400w, https:\/\/bsjk.ro\/wp-content\/uploads\/2024\/03\/autizmus-specifikus-felmeres-600x400.jpg 600w, https:\/\/bsjk.ro\/wp-content\/uploads\/2024\/03\/autizmus-specifikus-felmeres-800x533.jpg 800w, https:\/\/bsjk.ro\/wp-content\/uploads\/2024\/03\/autizmus-specifikus-felmeres-1200x800.jpg 1200w\" data-sizes=\"auto\" data-orig-sizes=\"(max-width: 800px) 100vw, 600px\" \/><\/span><\/div><\/div><\/div><\/div><\/div><div class=\"fusion-fullwidth fullwidth-box fusion-builder-row-2 fusion-flex-container has-pattern-background has-mask-background nonhundred-percent-fullwidth non-hundred-percent-height-scrolling\" style=\"--awb-border-radius-top-left:0px;--awb-border-radius-top-right:0px;--awb-border-radius-bottom-right:0px;--awb-border-radius-bottom-left:0px;--awb-flex-wrap:wrap;\" ><div class=\"fusion-builder-row fusion-row fusion-flex-align-items-flex-start fusion-flex-content-wrap\" style=\"max-width:1393.6px;margin-left: calc(-4% \/ 2 );margin-right: calc(-4% \/ 2 );\"><div class=\"fusion-layout-column fusion_builder_column fusion-builder-column-1 fusion_builder_column_1_1 1_1 fusion-flex-column\" style=\"--awb-bg-size:cover;--awb-width-large:100%;--awb-margin-top-large:0px;--awb-spacing-right-large:1.92%;--awb-margin-bottom-large:20px;--awb-spacing-left-large:1.92%;--awb-width-medium:100%;--awb-order-medium:0;--awb-spacing-right-medium:1.92%;--awb-spacing-left-medium:1.92%;--awb-width-small:100%;--awb-order-small:0;--awb-spacing-right-small:1.92%;--awb-spacing-left-small:1.92%;\"><div class=\"fusion-column-wrapper fusion-column-has-shadow fusion-flex-justify-content-flex-start fusion-content-layout-column\"><div class=\"fusion-text fusion-text-1\"><h4 class=\"title-heading-center\">Evaluare logopedic\u0103 (&gt; &gt; 5 ani)<\/h4>\n<\/div><div class=\"fusion-text fusion-text-2\"><p>Categorie de v\u00e2rst\u0103: 2 \u2013 5 ani<\/p>\n<p>Tipul evalu\u0103rii: stabilirea profilului psiho-educ\u021bional \u0219i un interviu parental<\/p>\n<p>Cine poate face o astfel de evaluare?<\/p>\n<p>&#8211; psiholog, psihopedagog<\/p>\n<p>Ce ne spune rezultatul?<\/p>\n<p>&#8211; arat\u0103 nivelul de dezvoltare raportat la v\u00e2rsta cronologic\u0103 a copilului privind limbajul, abilit\u0103\u021bile de g\u00e2ndire, imitarea \u0219i diferitele manifest\u0103ri comportamentale<\/p>\n<p>&#8211; interviul parental este o discu\u021bie \u00eentre p\u0103rinte \u0219i terapeut, unde se vor lua \u00een parte fiecare dintre domeniile de baz\u0103 ale copilului, pentru c\u0103 de foarte multe ori copii nu colaboreaz\u0103 la evaluare, astfel evaluatorul nu are \u0219ansa de a evalua \u00een mod direct copilul<\/p>\n<p>&#8211; rezultatul evalu\u0103rii nu reprezint\u0103 \u0219i nu \u00eenlocuie\u0219te un diagnostic medical de specialitate, nici un psiholog sau psihopedagog nu poate stabili un diagnostic de autism.<\/p>\n<p>Ce se \u00eent\u00e2mpl\u0103 \u00een timpul evalu\u0103rii?<\/p>\n<p>&#8211; evaluarea implic\u0103 o serie de situa\u021bii prin joc, cu o palet\u0103 larg\u0103 de obiecte \u0219i jocuri educative<\/p>\n<\/div><\/div><\/div><\/div><\/div><\/p>\n","protected":false},"excerpt":{"rendered":"","protected":false},"author":2,"featured_media":0,"parent":3304,"menu_order":0,"comment_status":"closed","ping_status":"closed","template":"","meta":{"footnotes":""},"class_list":["post-4184","page","type-page","status-publish","hentry"],"_links":{"self":[{"href":"https:\/\/bsjk.ro\/ro\/wp-json\/wp\/v2\/pages\/4184","targetHints":{"allow":["GET"]}}],"collection":[{"href":"https:\/\/bsjk.ro\/ro\/wp-json\/wp\/v2\/pages"}],"about":[{"href":"https:\/\/bsjk.ro\/ro\/wp-json\/wp\/v2\/types\/page"}],"author":[{"embeddable":true,"href":"https:\/\/bsjk.ro\/ro\/wp-json\/wp\/v2\/users\/2"}],"replies":[{"embeddable":true,"href":"https:\/\/bsjk.ro\/ro\/wp-json\/wp\/v2\/comments?post=4184"}],"version-history":[{"count":17,"href":"https:\/\/bsjk.ro\/ro\/wp-json\/wp\/v2\/pages\/4184\/revisions"}],"predecessor-version":[{"id":5597,"href":"https:\/\/bsjk.ro\/ro\/wp-json\/wp\/v2\/pages\/4184\/revisions\/5597"}],"up":[{"embeddable":true,"href":"https:\/\/bsjk.ro\/ro\/wp-json\/wp\/v2\/pages\/3304"}],"wp:attachment":[{"href":"https:\/\/bsjk.ro\/ro\/wp-json\/wp\/v2\/media?parent=4184"}],"curies":[{"name":"wp","href":"https:\/\/api.w.org\/{rel}","templated":true}]}}