{"id":4196,"date":"2022-09-30T14:14:10","date_gmt":"2022-09-30T11:14:10","guid":{"rendered":"https:\/\/bsjk.ro\/teste-de-screening\/evaluarea-complexa-a-tulburarilor-instrumentale-cl-a-ii-a\/"},"modified":"2024-03-06T10:20:02","modified_gmt":"2024-03-06T07:20:02","slug":"evaluarea-senzorio-motorie","status":"publish","type":"page","link":"https:\/\/bsjk.ro\/ro\/teste-de-screening\/evaluarea-senzorio-motorie\/","title":{"rendered":"Evaluarea senzorio-motorie"},"content":{"rendered":"<p><div class=\"fusion-fullwidth fullwidth-box fusion-builder-row-1 fusion-flex-container has-pattern-background has-mask-background nonhundred-percent-fullwidth non-hundred-percent-height-scrolling\" style=\"--awb-border-radius-top-left:0px;--awb-border-radius-top-right:0px;--awb-border-radius-bottom-right:0px;--awb-border-radius-bottom-left:0px;--awb-padding-right:0px;--awb-padding-left:0px;--awb-flex-wrap:wrap;\" ><div class=\"fusion-builder-row fusion-row fusion-flex-align-items-flex-start fusion-flex-content-wrap\" style=\"max-width:1393.6px;margin-left: calc(-4% \/ 2 );margin-right: calc(-4% \/ 2 );\"><div class=\"fusion-layout-column fusion_builder_column fusion-builder-column-0 fusion_builder_column_1_1 1_1 fusion-flex-column\" style=\"--awb-bg-size:cover;--awb-width-large:100%;--awb-margin-top-large:0px;--awb-spacing-right-large:1.92%;--awb-margin-bottom-large:20px;--awb-spacing-left-large:1.92%;--awb-width-medium:100%;--awb-order-medium:0;--awb-spacing-right-medium:1.92%;--awb-spacing-left-medium:1.92%;--awb-width-small:100%;--awb-order-small:0;--awb-spacing-right-small:1.92%;--awb-spacing-left-small:1.92%;\"><div class=\"fusion-column-wrapper fusion-column-has-shadow fusion-flex-justify-content-flex-start fusion-content-layout-column\"><div class=\"fusion-image-element \" style=\"text-align:center;--awb-caption-title-font-family:var(--h2_typography-font-family);--awb-caption-title-font-weight:var(--h2_typography-font-weight);--awb-caption-title-font-style:var(--h2_typography-font-style);--awb-caption-title-size:var(--h2_typography-font-size);--awb-caption-title-transform:var(--h2_typography-text-transform);--awb-caption-title-line-height:var(--h2_typography-line-height);--awb-caption-title-letter-spacing:var(--h2_typography-letter-spacing);\"><span class=\" fusion-imageframe imageframe-none imageframe-1 hover-type-none\"><img decoding=\"async\" width=\"600\" height=\"234\" title=\"Boy,Doing,Physical,Exercises,With,His,Physiotherapist\" src=\"https:\/\/bsjk.ro\/wp-content\/uploads\/2024\/03\/szenzomotoros-vizsgalat-scaled.jpg\" data-orig-src=\"https:\/\/bsjk.ro\/wp-content\/uploads\/2024\/03\/szenzomotoros-vizsgalat-600x234.jpg\" alt class=\"lazyload img-responsive wp-image-5606\" srcset=\"data:image\/svg+xml,%3Csvg%20xmlns%3D%27http%3A%2F%2Fwww.w3.org%2F2000%2Fsvg%27%20width%3D%272560%27%20height%3D%27998%27%20viewBox%3D%270%200%202560%20998%27%3E%3Crect%20width%3D%272560%27%20height%3D%27998%27%20fill-opacity%3D%220%22%2F%3E%3C%2Fsvg%3E\" data-srcset=\"https:\/\/bsjk.ro\/wp-content\/uploads\/2024\/03\/szenzomotoros-vizsgalat-200x78.jpg 200w, https:\/\/bsjk.ro\/wp-content\/uploads\/2024\/03\/szenzomotoros-vizsgalat-400x156.jpg 400w, https:\/\/bsjk.ro\/wp-content\/uploads\/2024\/03\/szenzomotoros-vizsgalat-600x234.jpg 600w, https:\/\/bsjk.ro\/wp-content\/uploads\/2024\/03\/szenzomotoros-vizsgalat-800x312.jpg 800w, https:\/\/bsjk.ro\/wp-content\/uploads\/2024\/03\/szenzomotoros-vizsgalat-1200x468.jpg 1200w\" data-sizes=\"auto\" data-orig-sizes=\"(max-width: 800px) 100vw, 600px\" \/><\/span><\/div><\/div><\/div><\/div><\/div><div class=\"fusion-fullwidth fullwidth-box fusion-builder-row-2 fusion-flex-container has-pattern-background has-mask-background nonhundred-percent-fullwidth non-hundred-percent-height-scrolling\" style=\"--awb-border-radius-top-left:0px;--awb-border-radius-top-right:0px;--awb-border-radius-bottom-right:0px;--awb-border-radius-bottom-left:0px;--awb-flex-wrap:wrap;\" ><div class=\"fusion-builder-row fusion-row fusion-flex-align-items-flex-start fusion-flex-content-wrap\" style=\"max-width:1393.6px;margin-left: calc(-4% \/ 2 );margin-right: calc(-4% \/ 2 );\"><div class=\"fusion-layout-column fusion_builder_column fusion-builder-column-1 fusion_builder_column_1_1 1_1 fusion-flex-column\" style=\"--awb-bg-size:cover;--awb-width-large:100%;--awb-margin-top-large:0px;--awb-spacing-right-large:1.92%;--awb-margin-bottom-large:20px;--awb-spacing-left-large:1.92%;--awb-width-medium:100%;--awb-order-medium:0;--awb-spacing-right-medium:1.92%;--awb-spacing-left-medium:1.92%;--awb-width-small:100%;--awb-order-small:0;--awb-spacing-right-small:1.92%;--awb-spacing-left-small:1.92%;\"><div class=\"fusion-column-wrapper fusion-column-has-shadow fusion-flex-justify-content-flex-start fusion-content-layout-column\"><div class=\"fusion-text fusion-text-1\"><\/div><div class=\"fusion-text fusion-text-2\"><p>Categorie de v\u00e2rst\u0103: 3-5 ani respectiv copii peste 5 ani<\/p>\n<p>Tipul evalu\u0103rii: senzorio-motorie<\/p>\n<p>Cine poate face o astfel de evaluare?<\/p>\n<p>&#8211; psihopedagog, psiholog sau kinetoterapeut \u2013 dar neesit\u0103 formare de specialitate \u00een domeniu<\/p>\n<p>Ce ne spune rezultatul?<\/p>\n<p>&#8211; arat\u0103 dac\u0103 exist\u0103 sau nu o imaturitate organic\u0103 la copilul evaluat, ceea ce de foarte multe ori reprezint\u0103 cauza simptomelor copiilor, ne arat\u0103 nivelul de func\u021bionare a abilit\u0103\u021bilor aten\u021biei, func\u021biilor cognitive, limbaj receptiv, abilit\u0103\u021bi grafomotorii<\/p>\n<p>&#8211; rezultatul evalu\u0103rii nu reprezint\u0103 \u0219i nu \u00eenlocuie\u0219te un diagnostic medical de specialitate<\/p>\n<p>Ce se \u00eent\u00e2mpl\u0103 \u00een timpul evalu\u0103rii?<\/p>\n<p>&#8211; evaluarea implic\u0103 diverse situa\u021bii prin joc \u0219i mi\u0219care, dar sunt c\u00e2teva fi\u0219e tip creion-h\u00e2rtie.<\/p>\n<\/div><\/div><\/div><\/div><\/div><\/p>\n","protected":false},"excerpt":{"rendered":"","protected":false},"author":2,"featured_media":0,"parent":3304,"menu_order":0,"comment_status":"closed","ping_status":"closed","template":"","meta":{"footnotes":""},"class_list":["post-4196","page","type-page","status-publish","hentry"],"_links":{"self":[{"href":"https:\/\/bsjk.ro\/ro\/wp-json\/wp\/v2\/pages\/4196","targetHints":{"allow":["GET"]}}],"collection":[{"href":"https:\/\/bsjk.ro\/ro\/wp-json\/wp\/v2\/pages"}],"about":[{"href":"https:\/\/bsjk.ro\/ro\/wp-json\/wp\/v2\/types\/page"}],"author":[{"embeddable":true,"href":"https:\/\/bsjk.ro\/ro\/wp-json\/wp\/v2\/users\/2"}],"replies":[{"embeddable":true,"href":"https:\/\/bsjk.ro\/ro\/wp-json\/wp\/v2\/comments?post=4196"}],"version-history":[{"count":12,"href":"https:\/\/bsjk.ro\/ro\/wp-json\/wp\/v2\/pages\/4196\/revisions"}],"predecessor-version":[{"id":5611,"href":"https:\/\/bsjk.ro\/ro\/wp-json\/wp\/v2\/pages\/4196\/revisions\/5611"}],"up":[{"embeddable":true,"href":"https:\/\/bsjk.ro\/ro\/wp-json\/wp\/v2\/pages\/3304"}],"wp:attachment":[{"href":"https:\/\/bsjk.ro\/ro\/wp-json\/wp\/v2\/media?parent=4196"}],"curies":[{"name":"wp","href":"https:\/\/api.w.org\/{rel}","templated":true}]}}