{"id":4199,"date":"2022-09-30T14:19:22","date_gmt":"2022-09-30T11:19:22","guid":{"rendered":"https:\/\/bsjk.ro\/evaluarea-complexa-a-tulburarilor-comportamentale-3-6-ani\/"},"modified":"2024-03-06T10:36:55","modified_gmt":"2024-03-06T07:36:55","slug":"evaluarea-inteligentei-emotionale-si-a-abilitatilor-sociale","status":"publish","type":"page","link":"https:\/\/bsjk.ro\/ro\/evaluarea-inteligentei-emotionale-si-a-abilitatilor-sociale\/","title":{"rendered":"Evaluarea inteligen\u021bei emo\u021bionale \u0219i a abilit\u0103\u021bilor sociale"},"content":{"rendered":"<p><div class=\"fusion-fullwidth fullwidth-box fusion-builder-row-1 fusion-flex-container has-pattern-background has-mask-background nonhundred-percent-fullwidth non-hundred-percent-height-scrolling\" style=\"--awb-border-radius-top-left:0px;--awb-border-radius-top-right:0px;--awb-border-radius-bottom-right:0px;--awb-border-radius-bottom-left:0px;--awb-padding-right:0px;--awb-padding-left:0px;--awb-flex-wrap:wrap;\" ><div class=\"fusion-builder-row fusion-row fusion-flex-align-items-flex-start fusion-flex-content-wrap\" style=\"max-width:1393.6px;margin-left: calc(-4% \/ 2 );margin-right: calc(-4% \/ 2 );\"><div class=\"fusion-layout-column fusion_builder_column fusion-builder-column-0 fusion_builder_column_1_1 1_1 fusion-flex-column\" style=\"--awb-bg-size:cover;--awb-width-large:100%;--awb-margin-top-large:0px;--awb-spacing-right-large:0%;--awb-margin-bottom-large:20px;--awb-spacing-left-large:0%;--awb-width-medium:100%;--awb-order-medium:0;--awb-spacing-right-medium:0%;--awb-spacing-left-medium:0%;--awb-width-small:100%;--awb-order-small:0;--awb-spacing-right-small:1.92%;--awb-spacing-left-small:1.92%;\"><div class=\"fusion-column-wrapper fusion-column-has-shadow fusion-flex-justify-content-flex-start fusion-content-layout-column\"><div class=\"fusion-image-element \" style=\"text-align:center;--awb-caption-title-font-family:var(--h2_typography-font-family);--awb-caption-title-font-weight:var(--h2_typography-font-weight);--awb-caption-title-font-style:var(--h2_typography-font-style);--awb-caption-title-size:var(--h2_typography-font-size);--awb-caption-title-transform:var(--h2_typography-text-transform);--awb-caption-title-line-height:var(--h2_typography-line-height);--awb-caption-title-letter-spacing:var(--h2_typography-letter-spacing);\"><span class=\" fusion-imageframe imageframe-none imageframe-1 hover-type-none\"><img decoding=\"async\" width=\"600\" height=\"400\" title=\"Children,Need,Help.,Bullied,Little,Schoolgirl,Crying,In,Psychologist&#8217;s,Office\" src=\"https:\/\/bsjk.ro\/wp-content\/uploads\/2024\/03\/erzelmi-intelligencia-es-szocialis-keszsegek-vizsgalata-scaled.jpg\" data-orig-src=\"https:\/\/bsjk.ro\/wp-content\/uploads\/2024\/03\/erzelmi-intelligencia-es-szocialis-keszsegek-vizsgalata-600x400.jpg\" alt class=\"lazyload img-responsive wp-image-5614\" srcset=\"data:image\/svg+xml,%3Csvg%20xmlns%3D%27http%3A%2F%2Fwww.w3.org%2F2000%2Fsvg%27%20width%3D%272560%27%20height%3D%271707%27%20viewBox%3D%270%200%202560%201707%27%3E%3Crect%20width%3D%272560%27%20height%3D%271707%27%20fill-opacity%3D%220%22%2F%3E%3C%2Fsvg%3E\" data-srcset=\"https:\/\/bsjk.ro\/wp-content\/uploads\/2024\/03\/erzelmi-intelligencia-es-szocialis-keszsegek-vizsgalata-200x133.jpg 200w, https:\/\/bsjk.ro\/wp-content\/uploads\/2024\/03\/erzelmi-intelligencia-es-szocialis-keszsegek-vizsgalata-400x267.jpg 400w, https:\/\/bsjk.ro\/wp-content\/uploads\/2024\/03\/erzelmi-intelligencia-es-szocialis-keszsegek-vizsgalata-600x400.jpg 600w, https:\/\/bsjk.ro\/wp-content\/uploads\/2024\/03\/erzelmi-intelligencia-es-szocialis-keszsegek-vizsgalata-800x533.jpg 800w, https:\/\/bsjk.ro\/wp-content\/uploads\/2024\/03\/erzelmi-intelligencia-es-szocialis-keszsegek-vizsgalata-1200x800.jpg 1200w\" data-sizes=\"auto\" data-orig-sizes=\"(max-width: 800px) 100vw, 600px\" \/><\/span><\/div><\/div><\/div><\/div><\/div><div class=\"fusion-fullwidth fullwidth-box fusion-builder-row-2 fusion-flex-container has-pattern-background has-mask-background nonhundred-percent-fullwidth non-hundred-percent-height-scrolling\" style=\"--awb-border-radius-top-left:0px;--awb-border-radius-top-right:0px;--awb-border-radius-bottom-right:0px;--awb-border-radius-bottom-left:0px;--awb-flex-wrap:wrap;\" ><div class=\"fusion-builder-row fusion-row fusion-flex-align-items-flex-start fusion-flex-content-wrap\" style=\"max-width:1393.6px;margin-left: calc(-4% \/ 2 );margin-right: calc(-4% \/ 2 );\"><div class=\"fusion-layout-column fusion_builder_column fusion-builder-column-1 fusion_builder_column_1_1 1_1 fusion-flex-column\" style=\"--awb-bg-size:cover;--awb-width-large:100%;--awb-margin-top-large:0px;--awb-spacing-right-large:1.92%;--awb-margin-bottom-large:20px;--awb-spacing-left-large:1.92%;--awb-width-medium:100%;--awb-order-medium:0;--awb-spacing-right-medium:1.92%;--awb-spacing-left-medium:1.92%;--awb-width-small:100%;--awb-order-small:0;--awb-spacing-right-small:1.92%;--awb-spacing-left-small:1.92%;\"><div class=\"fusion-column-wrapper fusion-column-has-shadow fusion-flex-justify-content-flex-start fusion-content-layout-column\"><div class=\"fusion-text fusion-text-1\"><\/div><div class=\"fusion-text fusion-text-2\"><p>Categorie de v\u00e2rst\u0103: 3-5 ani, 6-12 ani respectiv 12+ ani<\/p>\n<p>Tipul evalu\u0103rii: evaluare psihologic\u0103, screening \u0219i chestionare standardizate<\/p>\n<p>Cine poate face o astfel de evaluare?<\/p>\n<p>&#8211; psiholog<\/p>\n<p>Ce ne spune rezultatul?<\/p>\n<p>&#8211; \u00een cazul copiilor pre\u0219colari ne v-a ar\u0103ta nivelul general de dezvoltare a abilit\u0103\u021bilor sociale \u0219i a reac\u021biilor emo\u021bionale<\/p>\n<p>&#8211; \u00een cazul \u0219colarilor mici, ne v-a da o imagine global\u0103 despre abilit\u0103\u021bile sociale \u0219i emo\u021bionale de baz\u0103 \u0219i se v-a stabili un coeficient al inteligen\u021bei emo\u021bionale (EQ). Peste v\u00e2rsta de 8 ani se pot aplica chestionare pentru stabilirea nivelului anxiet\u0103\u021bii dac\u0103 este cazul<\/p>\n<p>&#8211; \u00een cazul adolescen\u021bilor se v-a urm\u0103ri stabilirea func\u021bion\u0103rii la nivel social \u0219i emo\u021bional, raportat la categoria lor de v\u00e2rst\u0103, respectiv dup\u0103 caz se stabile\u0219te prin diferite chestionare nivelul anxiet\u0103\u021bii, stilul metodelor de coping respectiv \u0219i EQ<\/p>\n<p>&#8211; rezultatul evalu\u0103rii nu reprezint\u0103 \u0219i nu \u00eenlocuie\u0219te un diagnostic medical de specialitate.<\/p>\n<p>Ce se \u00eent\u00e2mpl\u0103 \u00een timpul evalu\u0103rii?<\/p>\n<p>&#8211; evalu\u0103rile \u00een cazul celor mici implic\u0103 mai multe elemente de joc, \u00een cazul copiilor mai mari se desf\u0103\u0219oar\u0103 ca o discu\u021bie stil \u00eentrebare\/r\u0103spuns, iar \u00een cazul adolescen\u021bilor este posibil ca adolescentul \u00een sine s\u0103 completeze unele chestionare \u00een mod individual, dac\u0103 dore\u0219te.<\/p>\n<\/div><\/div><\/div><\/div><\/div><\/p>\n","protected":false},"excerpt":{"rendered":"","protected":false},"author":2,"featured_media":0,"parent":0,"menu_order":0,"comment_status":"closed","ping_status":"closed","template":"","meta":{"footnotes":""},"class_list":["post-4199","page","type-page","status-publish","hentry"],"_links":{"self":[{"href":"https:\/\/bsjk.ro\/ro\/wp-json\/wp\/v2\/pages\/4199","targetHints":{"allow":["GET"]}}],"collection":[{"href":"https:\/\/bsjk.ro\/ro\/wp-json\/wp\/v2\/pages"}],"about":[{"href":"https:\/\/bsjk.ro\/ro\/wp-json\/wp\/v2\/types\/page"}],"author":[{"embeddable":true,"href":"https:\/\/bsjk.ro\/ro\/wp-json\/wp\/v2\/users\/2"}],"replies":[{"embeddable":true,"href":"https:\/\/bsjk.ro\/ro\/wp-json\/wp\/v2\/comments?post=4199"}],"version-history":[{"count":16,"href":"https:\/\/bsjk.ro\/ro\/wp-json\/wp\/v2\/pages\/4199\/revisions"}],"predecessor-version":[{"id":5618,"href":"https:\/\/bsjk.ro\/ro\/wp-json\/wp\/v2\/pages\/4199\/revisions\/5618"}],"wp:attachment":[{"href":"https:\/\/bsjk.ro\/ro\/wp-json\/wp\/v2\/media?parent=4199"}],"curies":[{"name":"wp","href":"https:\/\/api.w.org\/{rel}","templated":true}]}}