{"id":4217,"date":"2022-09-30T14:36:57","date_gmt":"2022-09-30T11:36:57","guid":{"rendered":"https:\/\/bsjk.ro\/teste-de-screening\/screening-bebelusi-0-2-ani\/"},"modified":"2024-03-06T11:00:36","modified_gmt":"2024-03-06T08:00:36","slug":"evaluarea-tulburarilor-de-invatare","status":"publish","type":"page","link":"https:\/\/bsjk.ro\/ro\/teste-de-screening\/evaluarea-tulburarilor-de-invatare\/","title":{"rendered":"Evaluarea tulbur\u0103rilor de \u00eenv\u0103\u021bare"},"content":{"rendered":"<p><div class=\"fusion-fullwidth fullwidth-box fusion-builder-row-1 fusion-flex-container has-pattern-background has-mask-background nonhundred-percent-fullwidth non-hundred-percent-height-scrolling\" style=\"--awb-border-radius-top-left:0px;--awb-border-radius-top-right:0px;--awb-border-radius-bottom-right:0px;--awb-border-radius-bottom-left:0px;--awb-padding-right:0px;--awb-padding-left:0px;--awb-flex-wrap:wrap;\" ><div class=\"fusion-builder-row fusion-row fusion-flex-align-items-flex-start fusion-flex-content-wrap\" style=\"max-width:1393.6px;margin-left: calc(-4% \/ 2 );margin-right: calc(-4% \/ 2 );\"><div class=\"fusion-layout-column fusion_builder_column fusion-builder-column-0 fusion_builder_column_1_1 1_1 fusion-flex-column\" style=\"--awb-bg-size:cover;--awb-width-large:100%;--awb-margin-top-large:0px;--awb-spacing-right-large:1.92%;--awb-margin-bottom-large:20px;--awb-spacing-left-large:1.92%;--awb-width-medium:100%;--awb-order-medium:0;--awb-spacing-right-medium:1.92%;--awb-spacing-left-medium:1.92%;--awb-width-small:100%;--awb-order-small:0;--awb-spacing-right-small:1.92%;--awb-spacing-left-small:1.92%;\"><div class=\"fusion-column-wrapper fusion-column-has-shadow fusion-flex-justify-content-flex-start fusion-content-layout-column\"><div class=\"fusion-image-element \" style=\"text-align:center;--awb-caption-title-font-family:var(--h2_typography-font-family);--awb-caption-title-font-weight:var(--h2_typography-font-weight);--awb-caption-title-font-style:var(--h2_typography-font-style);--awb-caption-title-size:var(--h2_typography-font-size);--awb-caption-title-transform:var(--h2_typography-text-transform);--awb-caption-title-line-height:var(--h2_typography-line-height);--awb-caption-title-letter-spacing:var(--h2_typography-letter-spacing);\"><span class=\" fusion-imageframe imageframe-none imageframe-1 hover-type-none\"><img decoding=\"async\" width=\"600\" height=\"400\" title=\"Psychology,Test,For,Children,-,Toddler,Doing,Logic,Test,With\" src=\"https:\/\/bsjk.ro\/wp-content\/uploads\/2024\/03\/tanulasi-zavarok-vizsgalata-scaled.jpg\" data-orig-src=\"https:\/\/bsjk.ro\/wp-content\/uploads\/2024\/03\/tanulasi-zavarok-vizsgalata-600x400.jpg\" alt class=\"lazyload img-responsive wp-image-5639\" srcset=\"data:image\/svg+xml,%3Csvg%20xmlns%3D%27http%3A%2F%2Fwww.w3.org%2F2000%2Fsvg%27%20width%3D%272560%27%20height%3D%271707%27%20viewBox%3D%270%200%202560%201707%27%3E%3Crect%20width%3D%272560%27%20height%3D%271707%27%20fill-opacity%3D%220%22%2F%3E%3C%2Fsvg%3E\" data-srcset=\"https:\/\/bsjk.ro\/wp-content\/uploads\/2024\/03\/tanulasi-zavarok-vizsgalata-200x133.jpg 200w, https:\/\/bsjk.ro\/wp-content\/uploads\/2024\/03\/tanulasi-zavarok-vizsgalata-400x267.jpg 400w, https:\/\/bsjk.ro\/wp-content\/uploads\/2024\/03\/tanulasi-zavarok-vizsgalata-600x400.jpg 600w, https:\/\/bsjk.ro\/wp-content\/uploads\/2024\/03\/tanulasi-zavarok-vizsgalata-800x533.jpg 800w, https:\/\/bsjk.ro\/wp-content\/uploads\/2024\/03\/tanulasi-zavarok-vizsgalata-1200x800.jpg 1200w\" data-sizes=\"auto\" data-orig-sizes=\"(max-width: 800px) 100vw, 600px\" \/><\/span><\/div><\/div><\/div><\/div><\/div><div class=\"fusion-fullwidth fullwidth-box fusion-builder-row-2 fusion-flex-container has-pattern-background has-mask-background nonhundred-percent-fullwidth non-hundred-percent-height-scrolling\" style=\"--awb-border-radius-top-left:0px;--awb-border-radius-top-right:0px;--awb-border-radius-bottom-right:0px;--awb-border-radius-bottom-left:0px;--awb-flex-wrap:wrap;\" ><div class=\"fusion-builder-row fusion-row fusion-flex-align-items-flex-start fusion-flex-content-wrap\" style=\"max-width:1393.6px;margin-left: calc(-4% \/ 2 );margin-right: calc(-4% \/ 2 );\"><div class=\"fusion-layout-column fusion_builder_column fusion-builder-column-1 fusion_builder_column_1_1 1_1 fusion-flex-column\" style=\"--awb-bg-size:cover;--awb-width-large:100%;--awb-margin-top-large:0px;--awb-spacing-right-large:1.92%;--awb-margin-bottom-large:20px;--awb-spacing-left-large:1.92%;--awb-width-medium:100%;--awb-order-medium:0;--awb-spacing-right-medium:1.92%;--awb-spacing-left-medium:1.92%;--awb-width-small:100%;--awb-order-small:0;--awb-spacing-right-small:1.92%;--awb-spacing-left-small:1.92%;\"><div class=\"fusion-column-wrapper fusion-column-has-shadow fusion-flex-justify-content-flex-start fusion-content-layout-column\"><div class=\"fusion-text fusion-text-1\"><\/div><div class=\"fusion-text fusion-text-2\"><p>Categorie de v\u00e2rst\u0103: pentru evaluarea riscului de la v\u00e2rsta de 5 ani \u00bd , respectiv pentru evaluarea scrisului\/cititului de la clasa a II-a<\/p>\n<p>Tipul evalu\u0103rii: screening complex al tulbur\u0103rilor de \u00eenv\u0103\u021bare (test de inteligen\u021b\u0103 pentru copii, evaluare senzorio-motorie respectiv evaluarea diferitelor preachizi\u021bii \u0219colare)<\/p>\n<p>Cine poate face o astfel de evaluare?<\/p>\n<p>&#8211; psiholog, psihopedagog (\u00een cazul unor evalu\u0103ri care sunt de caracter psihopedagogic)<\/p>\n<p>Ce ne spune rezultatul?<\/p>\n<p>&#8211; coeficientul IQ este un reper de orientare pentru specialist \u00een a identifica, dac\u0103 nivelul cognitiv al copilului poate fi cauza problemelor de \u00eenv\u0103\u021bare. Dar pe de alt\u0103 parte ne arat\u0103 nivelul de dezvoltare a diferitelor preachizi\u021bii \u0219colare sau ale abilit\u0103\u021bilor senzorio-motorii, care \u00een sine \u0219i ele pot fi cauza\u00a0 problemelor de \u00eenv\u0103\u021bare<\/p>\n<p>&#8211; este indicat acest gen de evaluare complex\u0103, deoarece aceste rezultate vor da r\u0103spuns \u0219i la direc\u021bia\/obiectivele terapeutice ale terapiilor dup\u0103 caz<\/p>\n<p>&#8211; rezultatul evalu\u0103rii nu reprezint\u0103 \u0219i nu \u00eenlocuie\u0219te un diagnostic medical de specialitate, dar stabile\u0219te coeficientul de IQ<\/p>\n<p>Ce se \u00eent\u00e2mpl\u0103 \u00een timpul evalu\u0103rii?<\/p>\n<p>&#8211; majoritatea sarcinilor sunt de tip creion-h\u00e2rtie, copii trebuie s\u0103 execute diferite instruc\u021biunui pentru a rezolva fi\u0219e\/ probleme de diferite tipuri, dar sunt diverse sarcini care implic\u0103 situa\u021bii de comunicare sau exerci\u021bii prin mi\u0219care.<\/p>\n<\/div><\/div><\/div><\/div><\/div><\/p>\n","protected":false},"excerpt":{"rendered":"","protected":false},"author":2,"featured_media":0,"parent":3304,"menu_order":0,"comment_status":"closed","ping_status":"closed","template":"","meta":{"footnotes":""},"class_list":["post-4217","page","type-page","status-publish","hentry"],"_links":{"self":[{"href":"https:\/\/bsjk.ro\/ro\/wp-json\/wp\/v2\/pages\/4217","targetHints":{"allow":["GET"]}}],"collection":[{"href":"https:\/\/bsjk.ro\/ro\/wp-json\/wp\/v2\/pages"}],"about":[{"href":"https:\/\/bsjk.ro\/ro\/wp-json\/wp\/v2\/types\/page"}],"author":[{"embeddable":true,"href":"https:\/\/bsjk.ro\/ro\/wp-json\/wp\/v2\/users\/2"}],"replies":[{"embeddable":true,"href":"https:\/\/bsjk.ro\/ro\/wp-json\/wp\/v2\/comments?post=4217"}],"version-history":[{"count":8,"href":"https:\/\/bsjk.ro\/ro\/wp-json\/wp\/v2\/pages\/4217\/revisions"}],"predecessor-version":[{"id":5643,"href":"https:\/\/bsjk.ro\/ro\/wp-json\/wp\/v2\/pages\/4217\/revisions\/5643"}],"up":[{"embeddable":true,"href":"https:\/\/bsjk.ro\/ro\/wp-json\/wp\/v2\/pages\/3304"}],"wp:attachment":[{"href":"https:\/\/bsjk.ro\/ro\/wp-json\/wp\/v2\/media?parent=4217"}],"curies":[{"name":"wp","href":"https:\/\/api.w.org\/{rel}","templated":true}]}}