{"id":4982,"date":"2024-02-16T16:12:13","date_gmt":"2024-02-16T13:12:13","guid":{"rendered":"https:\/\/bsjk.ro\/raport-anual\/"},"modified":"2026-02-23T15:04:31","modified_gmt":"2026-02-23T12:04:31","slug":"raport-anual","status":"publish","type":"page","link":"https:\/\/bsjk.ro\/ro\/raport-anual\/","title":{"rendered":"Raport anual"},"content":{"rendered":"<p><div class=\"fusion-fullwidth fullwidth-box fusion-builder-row-1 fusion-flex-container has-pattern-background has-mask-background nonhundred-percent-fullwidth non-hundred-percent-height-scrolling\" style=\"--awb-border-radius-top-left:0px;--awb-border-radius-top-right:0px;--awb-border-radius-bottom-right:0px;--awb-border-radius-bottom-left:0px;--awb-flex-wrap:wrap;\" ><div class=\"fusion-builder-row fusion-row fusion-flex-align-items-flex-start fusion-flex-content-wrap\" style=\"max-width:1393.6px;margin-left: calc(-4% \/ 2 );margin-right: calc(-4% \/ 2 );\"><div class=\"fusion-layout-column fusion_builder_column fusion-builder-column-0 fusion_builder_column_1_1 1_1 fusion-flex-column\" style=\"--awb-bg-size:cover;--awb-width-large:100%;--awb-margin-top-large:0px;--awb-spacing-right-large:1.92%;--awb-margin-bottom-large:20px;--awb-spacing-left-large:1.92%;--awb-width-medium:100%;--awb-order-medium:0;--awb-spacing-right-medium:1.92%;--awb-spacing-left-medium:1.92%;--awb-width-small:100%;--awb-order-small:0;--awb-spacing-right-small:1.92%;--awb-spacing-left-small:1.92%;\"><div class=\"fusion-column-wrapper fusion-column-has-shadow fusion-flex-justify-content-flex-start fusion-content-layout-column\"><div class=\"fusion-text fusion-text-1\"><h3 style=\"text-align: center;\">2025<\/h3>\n<ol>\n<li>\u00c9ves besz\u00e1mol\u00f3 prevenci\u00f3s \u00e9s fejleszt\u0151 k\u00f6zpont: <i><a href=\"https:\/\/bsjk.ro\/wp-content\/uploads\/2026\/02\/Raport-de-activitate-2025_Centrul-Fericitul-Scheffler-Janos-pentru-copii.pdf\">megn\u00e9zhet\u0151 itt<\/a><\/i><\/li>\n<li>\u00c9ves besz\u00e1mol\u00f3 rehabilit\u00e1ci\u00f3s \u00e9s ter\u00e1pi\u00e1s k\u00f6zpont: <em><a href=\"https:\/\/bsjk.ro\/wp-content\/uploads\/2026\/02\/Raport-de-activitate-2025_Centrul-Fericitul-Scheffler-Janos-pentru-copii-cu-dizabilitati.pdf\">megn\u00e9zhet\u0151 itt<\/a><\/em><\/li>\n<\/ol>\n<\/div><\/div><\/div><\/div><\/div><div class=\"fusion-fullwidth fullwidth-box fusion-builder-row-2 fusion-flex-container has-pattern-background has-mask-background nonhundred-percent-fullwidth non-hundred-percent-height-scrolling\" style=\"--awb-border-radius-top-left:0px;--awb-border-radius-top-right:0px;--awb-border-radius-bottom-right:0px;--awb-border-radius-bottom-left:0px;--awb-flex-wrap:wrap;\" ><div class=\"fusion-builder-row fusion-row fusion-flex-align-items-flex-start fusion-flex-content-wrap\" style=\"max-width:1393.6px;margin-left: calc(-4% \/ 2 );margin-right: calc(-4% \/ 2 );\"><div class=\"fusion-layout-column fusion_builder_column fusion-builder-column-1 fusion_builder_column_1_1 1_1 fusion-flex-column\" style=\"--awb-bg-size:cover;--awb-width-large:100%;--awb-margin-top-large:0px;--awb-spacing-right-large:1.92%;--awb-margin-bottom-large:20px;--awb-spacing-left-large:1.92%;--awb-width-medium:100%;--awb-order-medium:0;--awb-spacing-right-medium:1.92%;--awb-spacing-left-medium:1.92%;--awb-width-small:100%;--awb-order-small:0;--awb-spacing-right-small:1.92%;--awb-spacing-left-small:1.92%;\"><div class=\"fusion-column-wrapper fusion-column-has-shadow fusion-flex-justify-content-flex-start fusion-content-layout-column\"><div class=\"fusion-text fusion-text-2\"><h3 style=\"text-align: center;\">2024<\/h3>\n<ol>\n<li>\u00c9ves besz\u00e1mol\u00f3 prevenci\u00f3s \u00e9s fejleszt\u0151 k\u00f6zpont: <a href=\"https:\/\/bsjk.ro\/wp-content\/uploads\/2025\/02\/Raport-de-activitate-2024_Centrul-Fericitul-Scheffler-Janos-pentru-copii.pdf\"><i>megn\u00e9zhet\u0151 itt<\/i><\/a><\/li>\n<li>\u00c9ves besz\u00e1mol\u00f3 rehabilit\u00e1ci\u00f3s \u00e9s ter\u00e1pi\u00e1s k\u00f6zpont: <a href=\"https:\/\/bsjk.ro\/wp-content\/uploads\/2025\/02\/Raport-de-activitate-2024_Centrul-Fericitul-Scheffler-Janos-pentru-copii-cu-dizabilitati.pdf\"><em>megn\u00e9zhet\u0151 itt<\/em><\/a><\/li>\n<\/ol>\n<\/div><\/div><\/div><\/div><\/div><div class=\"fusion-fullwidth fullwidth-box fusion-builder-row-3 fusion-flex-container has-pattern-background has-mask-background nonhundred-percent-fullwidth non-hundred-percent-height-scrolling\" style=\"--awb-border-radius-top-left:0px;--awb-border-radius-top-right:0px;--awb-border-radius-bottom-right:0px;--awb-border-radius-bottom-left:0px;--awb-flex-wrap:wrap;\" ><div class=\"fusion-builder-row fusion-row fusion-flex-align-items-flex-start fusion-flex-content-wrap\" style=\"max-width:1393.6px;margin-left: calc(-4% \/ 2 );margin-right: calc(-4% \/ 2 );\"><div class=\"fusion-layout-column fusion_builder_column fusion-builder-column-2 fusion_builder_column_1_1 1_1 fusion-flex-column\" style=\"--awb-bg-size:cover;--awb-width-large:100%;--awb-margin-top-large:0px;--awb-spacing-right-large:1.92%;--awb-margin-bottom-large:20px;--awb-spacing-left-large:1.92%;--awb-width-medium:100%;--awb-order-medium:0;--awb-spacing-right-medium:1.92%;--awb-spacing-left-medium:1.92%;--awb-width-small:100%;--awb-order-small:0;--awb-spacing-right-small:1.92%;--awb-spacing-left-small:1.92%;\"><div class=\"fusion-column-wrapper fusion-column-has-shadow fusion-flex-justify-content-flex-start fusion-content-layout-column\"><div class=\"fusion-text fusion-text-3\"><h3 style=\"text-align: center;\">2023<\/h3>\n<ol>\n<li>Raport de activitate pentru copii: <a href=\"https:\/\/bsjk.ro\/wp-content\/uploads\/2024\/02\/Raport-de-activitate-2023_Centrul-Fericitul-Scheffler-Janos-pentru-copii.pdf\"><i>vezi aici<\/i><\/a><\/li>\n<li>Raport de activitate pentru copii cu dizabilit\u0103\u021bi: <a href=\"https:\/\/bsjk.ro\/wp-content\/uploads\/2024\/02\/Raport-de-activitate-2023_Centrul-Fericitul-Scheffler-Janos-pentru-copii-cu-dizabilitati.pdf\"><em>vezi aici<\/em><\/a><\/li>\n<\/ol>\n<\/div><\/div><\/div><\/div><\/div><div class=\"fusion-fullwidth fullwidth-box fusion-builder-row-4 fusion-flex-container has-pattern-background has-mask-background nonhundred-percent-fullwidth non-hundred-percent-height-scrolling\" style=\"--awb-border-radius-top-left:0px;--awb-border-radius-top-right:0px;--awb-border-radius-bottom-right:0px;--awb-border-radius-bottom-left:0px;--awb-flex-wrap:wrap;\" ><div class=\"fusion-builder-row fusion-row fusion-flex-align-items-flex-start fusion-flex-content-wrap\" style=\"max-width:1393.6px;margin-left: calc(-4% \/ 2 );margin-right: calc(-4% \/ 2 );\"><div class=\"fusion-layout-column fusion_builder_column fusion-builder-column-3 fusion_builder_column_1_1 1_1 fusion-flex-column\" style=\"--awb-bg-size:cover;--awb-width-large:100%;--awb-margin-top-large:0px;--awb-spacing-right-large:1.92%;--awb-margin-bottom-large:20px;--awb-spacing-left-large:1.92%;--awb-width-medium:100%;--awb-order-medium:0;--awb-spacing-right-medium:1.92%;--awb-spacing-left-medium:1.92%;--awb-width-small:100%;--awb-order-small:0;--awb-spacing-right-small:1.92%;--awb-spacing-left-small:1.92%;\"><div class=\"fusion-column-wrapper fusion-column-has-shadow fusion-flex-justify-content-flex-start fusion-content-layout-column\"><div class=\"fusion-text fusion-text-4\"><h3 style=\"text-align: center;\">2022<\/h3>\n<ol>\n<li>Raport de activitate pentru copii: <a href=\"https:\/\/bsjk.ro\/wp-content\/uploads\/2023\/06\/Raport-de-activitate-2022_Centrul-Fericitul-Scheffler-Janos-pentru-copii.pdf\"><i>vezi aici<\/i><\/a><\/li>\n<li>Raport de activitate pentru copii cu dizabilit\u0103\u021bi: <a href=\"https:\/\/bsjk.ro\/wp-content\/uploads\/2023\/06\/Raport-de-activitate-2022_Centrul-Fericitul-Scheffler-Janos-pentru-copii-cu-dizabilitati.pdf\"><em>vezi aici<\/em><\/a><\/li>\n<\/ol>\n<\/div><div class=\"fusion-text fusion-text-5\"><h3 style=\"text-align: center;\">2021<\/h3>\n<ol>\n<li>\u00c9ves besz\u00e1mol\u00f3 prevenci\u00f3s \u00e9s fejleszt\u0151 k\u00f6zpont: <a href=\"https:\/\/bsjk.ro\/wp-content\/uploads\/2024\/02\/RAPORT-ANUAL-2021_CFSJ-pentru-copii-cu-dizabilitati-2-1.pdf\"><i>megn\u00e9zhet\u0151 itt<\/i><\/a><\/li>\n<li>\u00c9ves besz\u00e1mol\u00f3 rehabilit\u00e1ci\u00f3s \u00e9s ter\u00e1pi\u00e1s k\u00f6zpont: <a href=\"https:\/\/bsjk.ro\/wp-content\/uploads\/2024\/02\/RAPORT-ANUAL-2021_CFSJ-pentru-copii-cu-dizabilitati-3-1.pdf\"><em>megn\u00e9zhet\u0151 itt<\/em><\/a><\/li>\n<\/ol>\n<\/div><div class=\"fusion-text fusion-text-6\"><h3 style=\"text-align: center;\">2020<\/h3>\n<ol>\n<li>\u00c9ves besz\u00e1mol\u00f3 prevenci\u00f3s \u00e9s fejleszt\u0151 k\u00f6zpont: <a href=\"https:\/\/bsjk.ro\/wp-content\/uploads\/2024\/02\/RAPORT-ANUAL-2020_CFSJ-pentru-copii.pdf\"><i>megn\u00e9zhet\u0151 itt<\/i><\/a><\/li>\n<li>\u00c9ves besz\u00e1mol\u00f3 rehabilit\u00e1ci\u00f3s \u00e9s ter\u00e1pi\u00e1s k\u00f6zpont: <a href=\"https:\/\/bsjk.ro\/wp-content\/uploads\/2024\/02\/RAPORT-ANUAL-2020_CFSJ-pentru-copii-cu-dizabilitati.pdf\"><em>megn\u00e9zhet\u0151 itt<\/em><\/a><\/li>\n<\/ol>\n<\/div><div class=\"fusion-text fusion-text-7\"><h3 style=\"text-align: center;\">2019<\/h3>\n<ol>\n<li>\u00c9ves besz\u00e1mol\u00f3 prevenci\u00f3s \u00e9s fejleszt\u0151 k\u00f6zpont: <a href=\"https:\/\/bsjk.ro\/wp-content\/uploads\/2024\/02\/Raport-de-activitate-2019_Centrul-Fericitul-Scheffler-Janos-pentru-copii.pdf\"><i>megn\u00e9zhet\u0151 itt<\/i><\/a><\/li>\n<li>\u00c9ves besz\u00e1mol\u00f3 rehabilit\u00e1ci\u00f3s \u00e9s ter\u00e1pi\u00e1s k\u00f6zpont: <a href=\"https:\/\/bsjk.ro\/wp-content\/uploads\/2024\/02\/Raport-de-activtate-2019_Centrul-Fericitul-Scheffler-Janos-pentru-copii-cu-dizabilitati.pdf\"><em>megn\u00e9zhet\u0151 itt<\/em><\/a><\/li>\n<\/ol>\n<\/div><div class=\"fusion-text fusion-text-8\"><h3 style=\"text-align: center;\">2016<\/h3>\n<ol>\n<li>\u00c9ves besz\u00e1mol\u00f3 prevenci\u00f3s \u00e9s fejleszt\u0151 k\u00f6zpont: <a href=\"https:\/\/bsjk.ro\/wp-content\/uploads\/2024\/02\/RA-2016-RO.pdf\"><i>megn\u00e9zhet\u0151 itt<\/i><\/a><\/li>\n<li>\u00c9ves besz\u00e1mol\u00f3 rehabilit\u00e1ci\u00f3s \u00e9s ter\u00e1pi\u00e1s k\u00f6zpont: <a href=\"https:\/\/bsjk.ro\/wp-content\/uploads\/2024\/02\/RA-2016-RO-1.pdf\"><em>megn\u00e9zhet\u0151 itt<\/em><\/a><\/li>\n<\/ol>\n<\/div><div class=\"fusion-text fusion-text-9\"><h3 style=\"text-align: center;\">2015<\/h3>\n<ol>\n<li>\u00c9ves besz\u00e1mol\u00f3 prevenci\u00f3s \u00e9s fejleszt\u0151 k\u00f6zpont: <a href=\"https:\/\/bsjk.ro\/wp-content\/uploads\/2024\/02\/RaportAnual2015-RO.pdf\"><i>megn\u00e9zhet\u0151 itt<\/i><\/a><\/li>\n<li>\u00c9ves besz\u00e1mol\u00f3 rehabilit\u00e1ci\u00f3s \u00e9s ter\u00e1pi\u00e1s k\u00f6zpont: <a href=\"https:\/\/bsjk.ro\/wp-content\/uploads\/2024\/02\/RaportAnual2015-RO-1.pdf\"><em>megn\u00e9zhet\u0151 itt<\/em><\/a><\/li>\n<\/ol>\n<\/div><div class=\"fusion-text fusion-text-10\"><h3 style=\"text-align: center;\">2014<\/h3>\n<ol>\n<li>\u00c9ves besz\u00e1mol\u00f3 prevenci\u00f3s \u00e9s fejleszt\u0151 k\u00f6zpont: <a href=\"https:\/\/bsjk.ro\/wp-content\/uploads\/2024\/02\/Raport-Anual-2014-RO.pdf\"><i>megn\u00e9zhet\u0151 itt<\/i><\/a><\/li>\n<li>\u00c9ves besz\u00e1mol\u00f3 rehabilit\u00e1ci\u00f3s \u00e9s ter\u00e1pi\u00e1s k\u00f6zpont: <a href=\"https:\/\/bsjk.ro\/wp-content\/uploads\/2024\/02\/Raport-Anual-2014-RO-1.pdf\"><em>megn\u00e9zhet\u0151 itt<\/em><\/a><\/li>\n<\/ol>\n<\/div><div class=\"fusion-text fusion-text-11\"><h3 style=\"text-align: center;\">2013<\/h3>\n<ol>\n<li>\u00c9ves besz\u00e1mol\u00f3 prevenci\u00f3s \u00e9s fejleszt\u0151 k\u00f6zpont: <a href=\"https:\/\/bsjk.ro\/wp-content\/uploads\/2024\/02\/Raport-Anual-2013.pdf\"><i>megn\u00e9zhet\u0151 itt<\/i><\/a><\/li>\n<li>\u00c9ves besz\u00e1mol\u00f3 rehabilit\u00e1ci\u00f3s \u00e9s ter\u00e1pi\u00e1s k\u00f6zpont: <a href=\"https:\/\/bsjk.ro\/wp-content\/uploads\/2024\/02\/Raport-Anual-2013-1.pdf\"><em>megn\u00e9zhet\u0151 itt<\/em><\/a><\/li>\n<\/ol>\n<\/div><\/div><\/div><\/div><\/div><\/p>\n","protected":false},"excerpt":{"rendered":"","protected":false},"author":2,"featured_media":0,"parent":0,"menu_order":0,"comment_status":"closed","ping_status":"closed","template":"","meta":{"footnotes":""},"class_list":["post-4982","page","type-page","status-publish","hentry"],"_links":{"self":[{"href":"https:\/\/bsjk.ro\/ro\/wp-json\/wp\/v2\/pages\/4982","targetHints":{"allow":["GET"]}}],"collection":[{"href":"https:\/\/bsjk.ro\/ro\/wp-json\/wp\/v2\/pages"}],"about":[{"href":"https:\/\/bsjk.ro\/ro\/wp-json\/wp\/v2\/types\/page"}],"author":[{"embeddable":true,"href":"https:\/\/bsjk.ro\/ro\/wp-json\/wp\/v2\/users\/2"}],"replies":[{"embeddable":true,"href":"https:\/\/bsjk.ro\/ro\/wp-json\/wp\/v2\/comments?post=4982"}],"version-history":[{"count":13,"href":"https:\/\/bsjk.ro\/ro\/wp-json\/wp\/v2\/pages\/4982\/revisions"}],"predecessor-version":[{"id":6016,"href":"https:\/\/bsjk.ro\/ro\/wp-json\/wp\/v2\/pages\/4982\/revisions\/6016"}],"wp:attachment":[{"href":"https:\/\/bsjk.ro\/ro\/wp-json\/wp\/v2\/media?parent=4982"}],"curies":[{"name":"wp","href":"https:\/\/api.w.org\/{rel}","templated":true}]}}